{"id":57851,"date":"2024-09-09T15:42:45","date_gmt":"2024-09-09T18:42:45","guid":{"rendered":"https:\/\/jornadasebprioicprj.com.br\/2024\/?page_id=57851"},"modified":"2024-09-27T13:32:17","modified_gmt":"2024-09-27T16:32:17","slug":"festa","status":"publish","type":"page","link":"https:\/\/jornadasebprioicprj.com.br\/2024\/festa\/","title":{"rendered":"FESTA E ACOLHIMENTO"},"content":{"rendered":"<div class=\"wpb-content-wrapper\"><p>[vc_row][vc_column width=&#8221;1\/2&#8243;][vc_empty_space height=&#8221;80px&#8221;][vc_column_text css=&#8221;&#8221;]<\/p>\n<h3><span style=\"color: #333300;\">\u00c9 QUEBRADEIRA A FESTA!<\/span><\/h3>\n<h6><em>Comiss\u00e3o de Acolhimento e Festa<br \/>\n<\/em><\/h6>\n<div id=\"bannerL2\">\n<div id=\"div-gpt-ad-1474537762122-\" data-google-query-id=\"CJfgofS9t_ACFTIG1AodxucDgQ\">\n<div id=\"google_ads_iframe_\/15188745\/Lipsum-Unit3_0__container__2\">Preparem-se!<\/div>\n<\/div>\n<\/div>\n<p>As pedras v\u00e3o rolar&#8230;<br \/>\nVenham despetrificar os corpos no Cais da Imperatriz!<\/p>\n<p>Dia 5 de outubro \u00e0s 19h, esperamos voc\u00eas para requebrar o esqueleto!<\/p>\n<p><em>Vagas limitadas em cada lote!<\/em><\/p>\n<p><del>1\u00ba lote =&gt; R$35,00<\/del> <strong><span style=\"color: #993300;\">(ESGOTADO)<\/span><\/strong><br \/>\n<del>2\u00ba lote =&gt; R$40,00<\/del> <strong><span style=\"color: #993300;\">(ESGOTADO)<\/span><\/strong><br \/>\n3\u00ba lote =&gt; R$45,00<\/p>\n<p>Formul\u00e1rio para inscri\u00e7\u00e3o:[\/vc_column_text]<style type=\"text\/css\" data-type=\"the7_shortcodes-inline-css\">#default-btn-65cbdb4eb26d5f7b60aff554448b33c9.ico-right-side > i {\n  margin-right: 0px;\n  margin-left: 8px;\n}\n#default-btn-65cbdb4eb26d5f7b60aff554448b33c9 > i {\n  margin-right: 8px;\n}\n<\/style><a href=\"https:\/\/forms.gle\/BLgdRUccb3YDDviH9\" class=\"default-btn-shortcode dt-btn dt-btn-s link-hover-off btn-inline-left \" id=\"default-btn-65cbdb4eb26d5f7b60aff554448b33c9\"><span>INSCRI\u00c7\u00c3O<\/span><\/a>[vc_column_text css=&#8221;&#8221;]N\u00e3o se esque\u00e7a de anexar o comprovante do seu Pix ao formul\u00e1rio![\/vc_column_text][vc_empty_space height=&#8221;80px&#8221;][\/vc_column][vc_column width=&#8221;1\/2&#8243;][vc_empty_space height=&#8221;80px&#8221;][vc_single_image image=&#8221;57848&#8243; img_size=&#8221;full&#8221; alignment=&#8221;center&#8221; css=&#8221;&#8221;][\/vc_column][\/vc_row][vc_row][vc_column][vc_empty_space height=&#8221;80px&#8221;][vc_separator color=&#8221;chino&#8221; border_width=&#8221;3&#8243; css=&#8221;&#8221;][vc_empty_space height=&#8221;80px&#8221;][\/vc_column][\/vc_row][vc_row][vc_column][vc_column_text css=&#8221;&#8221;]<\/p>\n<h1><span style=\"color: #808000;\">ACOLHIMENTO<\/span><\/h1>\n<p>[\/vc_column_text]<style type=\"text\/css\" data-type=\"the7_shortcodes-inline-css\">#default-btn-c13d9e5a662d23b355159760dfaea17c.ico-right-side > i {\n  margin-right: 0px;\n  margin-left: 8px;\n}\n#default-btn-c13d9e5a662d23b355159760dfaea17c > i {\n  margin-right: 8px;\n}\n<\/style><a href=\"https:\/\/jornadasebprioicprj.com.br\/2024\/wp-content\/uploads\/2024\/09\/Informativo-XXXI-Jornadas-Clinicas-da-EBP-Rio-e-do-ICP-RJ.pdf\" class=\"default-btn-shortcode dt-btn dt-btn-s link-hover-off btn-inline-left \" id=\"default-btn-c13d9e5a662d23b355159760dfaea17c\"><span>BAIXAR PDF<\/span><\/a>[vc_empty_space height=&#8221;80px&#8221;][\/vc_column][\/vc_row][vc_row][vc_column][vc_single_image image=&#8221;57889&#8243; img_size=&#8221;full&#8221; alignment=&#8221;center&#8221; css=&#8221;&#8221;][vc_single_image image=&#8221;57890&#8243; img_size=&#8221;full&#8221; alignment=&#8221;center&#8221; css=&#8221;&#8221;][vc_single_image image=&#8221;57891&#8243; img_size=&#8221;full&#8221; alignment=&#8221;center&#8221; css=&#8221;&#8221;][vc_single_image image=&#8221;57892&#8243; img_size=&#8221;full&#8221; alignment=&#8221;center&#8221; css=&#8221;&#8221;][vc_single_image image=&#8221;57893&#8243; img_size=&#8221;full&#8221; alignment=&#8221;center&#8221; css=&#8221;&#8221;][vc_single_image image=&#8221;57894&#8243; img_size=&#8221;full&#8221; alignment=&#8221;center&#8221; css=&#8221;&#8221;][\/vc_column][\/vc_row]<\/p>\n<\/div>","protected":false},"excerpt":{"rendered":"<p>[vc_row][vc_column width=&#8221;1\/2&#8243;][vc_empty_space height=&#8221;80px&#8221;][vc_column_text css=&#8221;&#8221;] \u00c9 QUEBRADEIRA A FESTA! Comiss\u00e3o de Acolhimento e Festa Preparem-se! As pedras v\u00e3o rolar&#8230; Venham despetrificar os corpos no Cais da Imperatriz! Dia 5 de outubro \u00e0s 19h, esperamos voc\u00eas para requebrar o esqueleto! Vagas limitadas em cada lote! 1\u00ba lote =&gt; R$35,00 (ESGOTADO) 2\u00ba lote =&gt; R$40,00 (ESGOTADO) 3\u00ba lote&hellip;<\/p>\n","protected":false},"author":1,"featured_media":0,"parent":0,"menu_order":10,"comment_status":"closed","ping_status":"closed","template":"","meta":{"footnotes":""},"class_list":["post-57851","page","type-page","status-publish","hentry","description-off"],"_links":{"self":[{"href":"https:\/\/jornadasebprioicprj.com.br\/2024\/wp-json\/wp\/v2\/pages\/57851","targetHints":{"allow":["GET"]}}],"collection":[{"href":"https:\/\/jornadasebprioicprj.com.br\/2024\/wp-json\/wp\/v2\/pages"}],"about":[{"href":"https:\/\/jornadasebprioicprj.com.br\/2024\/wp-json\/wp\/v2\/types\/page"}],"author":[{"embeddable":true,"href":"https:\/\/jornadasebprioicprj.com.br\/2024\/wp-json\/wp\/v2\/users\/1"}],"replies":[{"embeddable":true,"href":"https:\/\/jornadasebprioicprj.com.br\/2024\/wp-json\/wp\/v2\/comments?post=57851"}],"version-history":[{"count":15,"href":"https:\/\/jornadasebprioicprj.com.br\/2024\/wp-json\/wp\/v2\/pages\/57851\/revisions"}],"predecessor-version":[{"id":57904,"href":"https:\/\/jornadasebprioicprj.com.br\/2024\/wp-json\/wp\/v2\/pages\/57851\/revisions\/57904"}],"wp:attachment":[{"href":"https:\/\/jornadasebprioicprj.com.br\/2024\/wp-json\/wp\/v2\/media?parent=57851"}],"curies":[{"name":"wp","href":"https:\/\/api.w.org\/{rel}","templated":true}]}}