{"id":57824,"date":"2024-09-05T14:10:32","date_gmt":"2024-09-05T17:10:32","guid":{"rendered":"https:\/\/jornadasebprioicprj.com.br\/2024\/?page_id=57824"},"modified":"2024-09-05T16:35:20","modified_gmt":"2024-09-05T19:35:20","slug":"livraria","status":"publish","type":"page","link":"https:\/\/jornadasebprioicprj.com.br\/2024\/livraria\/","title":{"rendered":"Livraria"},"content":{"rendered":"<div class=\"wpb-content-wrapper\"><p>[vc_row][vc_column][vc_empty_space height=&#8221;50px&#8221;][vc_column_text css=&#8221;&#8221;]A livraria das Jornadas come\u00e7a a ser montada!<\/p>\n<p>Al\u00e9m do acervo da Livraria da Travessa, contaremos com a nossa livraria da Biblioteca da EBP-Rio.<\/p>\n<p>Para as Jornadas, disporemos das principais revistas da EBP, al\u00e9m de \u00f3timos livros de colegas. J\u00e1 estamos recebendo publica\u00e7\u00f5es de toda parte![\/vc_column_text][\/vc_column][\/vc_row][vc_row][vc_column][vc_empty_space][vc_separator color=&#8221;chino&#8221; border_width=&#8221;3&#8243; css=&#8221;&#8221;][vc_empty_space][\/vc_column][\/vc_row][vc_row][vc_column width=&#8221;1\/4&#8243;][vc_single_image image=&#8221;57828&#8243; img_size=&#8221;full&#8221; alignment=&#8221;center&#8221; css=&#8221;&#8221;][\/vc_column][vc_column width=&#8221;1\/4&#8243;][vc_single_image image=&#8221;57827&#8243; img_size=&#8221;full&#8221; alignment=&#8221;center&#8221; css=&#8221;&#8221;][\/vc_column][vc_column width=&#8221;1\/4&#8243;][\/vc_column][vc_column width=&#8221;1\/4&#8243;][\/vc_column][\/vc_row]<\/p>\n<\/div>","protected":false},"excerpt":{"rendered":"<p>[vc_row][vc_column][vc_empty_space height=&#8221;50px&#8221;][vc_column_text css=&#8221;&#8221;]A livraria das Jornadas come\u00e7a a ser montada! Al\u00e9m do acervo da Livraria da Travessa, contaremos com a nossa livraria da Biblioteca da EBP-Rio. Para as Jornadas, disporemos das principais revistas da EBP, al\u00e9m de \u00f3timos livros de colegas. J\u00e1 estamos recebendo publica\u00e7\u00f5es de toda parte![\/vc_column_text][\/vc_column][\/vc_row][vc_row][vc_column][vc_empty_space][vc_separator color=&#8221;chino&#8221; border_width=&#8221;3&#8243; css=&#8221;&#8221;][vc_empty_space][\/vc_column][\/vc_row][vc_row][vc_column width=&#8221;1\/4&#8243;][vc_single_image image=&#8221;57828&#8243; img_size=&#8221;full&#8221; alignment=&#8221;center&#8221;&hellip;<\/p>\n","protected":false},"author":1,"featured_media":0,"parent":0,"menu_order":10,"comment_status":"closed","ping_status":"closed","template":"","meta":{"footnotes":""},"class_list":["post-57824","page","type-page","status-publish","hentry","description-off"],"_links":{"self":[{"href":"https:\/\/jornadasebprioicprj.com.br\/2024\/wp-json\/wp\/v2\/pages\/57824","targetHints":{"allow":["GET"]}}],"collection":[{"href":"https:\/\/jornadasebprioicprj.com.br\/2024\/wp-json\/wp\/v2\/pages"}],"about":[{"href":"https:\/\/jornadasebprioicprj.com.br\/2024\/wp-json\/wp\/v2\/types\/page"}],"author":[{"embeddable":true,"href":"https:\/\/jornadasebprioicprj.com.br\/2024\/wp-json\/wp\/v2\/users\/1"}],"replies":[{"embeddable":true,"href":"https:\/\/jornadasebprioicprj.com.br\/2024\/wp-json\/wp\/v2\/comments?post=57824"}],"version-history":[{"count":3,"href":"https:\/\/jornadasebprioicprj.com.br\/2024\/wp-json\/wp\/v2\/pages\/57824\/revisions"}],"predecessor-version":[{"id":57829,"href":"https:\/\/jornadasebprioicprj.com.br\/2024\/wp-json\/wp\/v2\/pages\/57824\/revisions\/57829"}],"wp:attachment":[{"href":"https:\/\/jornadasebprioicprj.com.br\/2024\/wp-json\/wp\/v2\/media?parent=57824"}],"curies":[{"name":"wp","href":"https:\/\/api.w.org\/{rel}","templated":true}]}}