{"id":57818,"date":"2024-08-31T05:53:34","date_gmt":"2024-08-31T08:53:34","guid":{"rendered":"https:\/\/jornadasebprioicprj.com.br\/2024\/?page_id=57818"},"modified":"2024-09-30T09:06:16","modified_gmt":"2024-09-30T12:06:16","slug":"pedrinhas-epistemicas","status":"publish","type":"page","link":"https:\/\/jornadasebprioicprj.com.br\/2024\/pedrinhas-epistemicas\/","title":{"rendered":"Pedrinhas Epist\u00eamicas"},"content":{"rendered":"<div class=\"wpb-content-wrapper\"><p>[vc_row][vc_column][vc_empty_space][vc_column_text css=&#8221;&#8221;]<\/p>\n<h3>N\u00f3s, analistas, sem forma, articuladores por um triz do Ser e do Um<\/h3>\n<h6><strong><em>Ana Beatriz Zimmermann Guimar\u00e3es<\/em><\/strong><\/h6>\n<p>[\/vc_column_text][vc_btn title=&#8221;Leia&#8221; color=&#8221;chino&#8221; size=&#8221;sm&#8221; i_align=&#8221;right&#8221; i_icon_fontawesome=&#8221;fas fa-plus-circle&#8221; css=&#8221;&#8221; add_icon=&#8221;true&#8221; link=&#8221;url:https%3A%2F%2Fjornadasebprioicprj.com.br%2F2024%2Fnos-analistas-sem-forma-articuladores-por-um-triz-do-ser-e-do-um%2F|title:N%C3%B3s%2C%20analistas%2C%20sem%20forma%2C%20articuladores%20por%20um%20triz%20do%20Ser%20e%20do%20Um&#8221;][vc_separator color=&#8221;black&#8221; css=&#8221;&#8221;][vc_empty_space][\/vc_column][\/vc_row][vc_row][vc_column][vc_empty_space][vc_column_text css=&#8221;&#8221;]<\/p>\n<h3>Semin\u00e1rio de Orienta\u00e7\u00e3o Lacaniana<\/h3>\n<h6>Paula Legey<\/h6>\n<p>[\/vc_column_text][vc_btn title=&#8221;Leia&#8221; color=&#8221;chino&#8221; size=&#8221;sm&#8221; i_align=&#8221;right&#8221; i_icon_fontawesome=&#8221;fas fa-plus-circle&#8221; css=&#8221;&#8221; add_icon=&#8221;true&#8221; link=&#8221;url:https%3A%2F%2Fjornadasebprioicprj.com.br%2F2024%2Fseminario-de-orientacao-lacaniana%2F&#8221;][vc_separator color=&#8221;black&#8221; css=&#8221;&#8221;][vc_empty_space][\/vc_column][\/vc_row][vc_row css=&#8221;.vc_custom_1725702777092{background-color: #efefef !important;}&#8221;][vc_column][vc_column_text css=&#8221;&#8221;]<\/p>\n<div id=\":oaf\" class=\"ii gt\">\n<div id=\":oag\" class=\"a3s aiL \">\n<div dir=\"auto\">\n<h3 dir=\"auto\"><span style=\"color: #808000;\"><strong>Textos de refer\u00eancia para a constru\u00e7\u00e3o dos trabalhos nas plen\u00e1rias que acontecer\u00e3o ao longo das Jornadas.<\/strong><\/span><\/h3>\n<\/div>\n<\/div>\n<\/div>\n<div id=\":o9x\" class=\"hq gt\"><\/div>\n<p>[\/vc_column_text][\/vc_column][\/vc_row][vc_row][vc_column][vc_empty_space][vc_column_text css=&#8221;&#8221;]<\/p>\n<h3>Aposta no passe &#8211; seguido de 15 testemunhos de analistas da Escola. (Op\u00e7\u00e3o Lacaniana 14) (1)-82-101 (1)<\/h3>\n<h6><em>Jacques-Alain Miller<\/em><\/h6>\n<p>[\/vc_column_text][vc_btn title=&#8221;Leia&#8221; color=&#8221;chino&#8221; size=&#8221;sm&#8221; i_align=&#8221;right&#8221; i_icon_fontawesome=&#8221;fas fa-plus-circle&#8221; css=&#8221;&#8221; add_icon=&#8221;true&#8221; link=&#8221;url:https%3A%2F%2Fjornadasebprioicprj.com.br%2F2024%2Fwp-content%2Fuploads%2F2024%2F09%2FMILLER-J-A.-Aposta-no-passe-seguido-de-15-testemunhos-de-analistas-da-Escola.-Opcao-Lacaniana-14-1-82-101-1.pdf&#8221;][vc_separator color=&#8221;black&#8221; css=&#8221;&#8221;][vc_empty_space][\/vc_column][\/vc_row][vc_row][vc_column][vc_column_text css=&#8221;&#8221;]<\/p>\n<h3>O Trabalho com os Pais<\/h3>\n<h6><em>Jean-Pierre Rouillon<\/em><\/h6>\n<p>[\/vc_column_text][vc_btn title=&#8221;Leia&#8221; color=&#8221;chino&#8221; size=&#8221;sm&#8221; i_align=&#8221;right&#8221; i_icon_fontawesome=&#8221;fas fa-plus-circle&#8221; css=&#8221;&#8221; add_icon=&#8221;true&#8221; link=&#8221;url:https%3A%2F%2Fjornadasebprioicprj.com.br%2F2024%2Fwp-content%2Fuploads%2F2024%2F09%2FO_trabalho_com_os_pais-1.pdf&#8221;][vc_separator color=&#8221;black&#8221; css=&#8221;&#8221;][vc_empty_space][\/vc_column][\/vc_row][vc_row][vc_column][vc_column_text css=&#8221;&#8221;]<\/p>\n<h3>Para uma investigac\u0327a\u0303o sobre o gozo autoero\u0301tico<\/h3>\n<h6><em>Jacques-Alain Miller<\/em><\/h6>\n<p>[\/vc_column_text][vc_btn title=&#8221;Leia&#8221; color=&#8221;chino&#8221; size=&#8221;sm&#8221; i_align=&#8221;right&#8221; i_icon_fontawesome=&#8221;fas fa-plus-circle&#8221; css=&#8221;&#8221; add_icon=&#8221;true&#8221; link=&#8221;url:https%3A%2F%2Fjornadasebprioicprj.com.br%2F2024%2Fwp-content%2Fuploads%2F2024%2F09%2FPara-uma-investigacao-sobre-o-gozo-autoerotico.pdf&#8221;][vc_separator color=&#8221;chino&#8221; border_width=&#8221;4&#8243; css=&#8221;&#8221;][vc_empty_space][\/vc_column][\/vc_row][vc_row css=&#8221;.vc_custom_1725702799519{background-color: #efefef !important;}&#8221;][vc_column][vc_column_text css=&#8221;&#8221;]<\/p>\n<h3><span style=\"color: #808000;\"><strong>Textos de base para a Preparat\u00f3ria das Jornadas, realizada no dia 02\/08, com os convidados Romildo do R\u00eago Barros (EBP) e Ricardo Seldes (EOL)<\/strong><\/span><\/h3>\n<p>[\/vc_column_text][\/vc_column][\/vc_row][vc_row][vc_column][vc_empty_space][vc_column_text css=&#8221;&#8221;]<\/p>\n<h3><strong>Da Interpreta\u00e7\u00e3o \u00e0 Transfer\u00eancia<\/strong><\/h3>\n<h6><em>Ricardo Seldes<\/em><\/h6>\n<p>[\/vc_column_text][vc_btn title=&#8221;Leia&#8221; color=&#8221;chino&#8221; size=&#8221;sm&#8221; i_align=&#8221;right&#8221; i_icon_fontawesome=&#8221;fas fa-plus-circle&#8221; css=&#8221;&#8221; add_icon=&#8221;true&#8221; link=&#8221;url:https%3A%2F%2Fjornadasebprioicprj.com.br%2F2024%2Fwp-content%2Fuploads%2F2024%2F09%2FOP.-14-SELDES-Ricardo-D.-Da-interpretacao-a-transferencia.pdf&#8221;][vc_separator color=&#8221;black&#8221; css=&#8221;&#8221;][vc_empty_space][\/vc_column][\/vc_row][vc_row][vc_column][vc_column_text css=&#8221;&#8221;]<\/p>\n<h3><strong>N\u00e3o h\u00e1 final de An\u00e1lise sem Interpreta\u00e7\u00e3o<\/strong><\/h3>\n<h6><em>Romildo do R\u00eago Barros<\/em><\/h6>\n<p>[\/vc_column_text][vc_btn title=&#8221;Leia&#8221; color=&#8221;chino&#8221; size=&#8221;sm&#8221; i_align=&#8221;right&#8221; i_icon_fontawesome=&#8221;fas fa-plus-circle&#8221; css=&#8221;&#8221; add_icon=&#8221;true&#8221; link=&#8221;url:https%3A%2F%2Fjornadasebprioicprj.com.br%2F2024%2Fwp-content%2Fuploads%2F2024%2F09%2FCuringa-7-BARROS-Romildo-do-Rego.-Nao-ha-final-de-Analise-sem-Interpretacao.pdf&#8221;][vc_separator color=&#8221;chino&#8221; border_width=&#8221;4&#8243; css=&#8221;&#8221;][vc_empty_space][\/vc_column][\/vc_row][vc_row][vc_column][vc_column_text css=&#8221;&#8221;]<\/p>\n<h3><strong>A PALAVRA E A PEDRA \u2013 INTERPRETA\u00c7\u00c3O EM AN\u00c1LISE<\/strong><\/h3>\n<h6><em>Maria In\u00eas Lamy<\/em><\/h6>\n<p>Antes de tudo, a Isabel do R\u00eago Barros Duarte, que se ofereceu para coordenar as Jornadas, e a Ana Beatriz Zimmerman, que aceitou o convite sem titubear. Agrade\u00e7o tamb\u00e9m a Marcia Zucchi, pela parceria do ICP, e a todas as pessoas que se dispuseram a trabalhar para as XXXI Jornadas da EBP-Rio e ICP-RJ nas diversas comiss\u00f5es.[\/vc_column_text][vc_btn title=&#8221;Leia&#8221; color=&#8221;chino&#8221; size=&#8221;sm&#8221; i_align=&#8221;right&#8221; i_icon_fontawesome=&#8221;fas fa-plus-circle&#8221; css=&#8221;&#8221; add_icon=&#8221;true&#8221; link=&#8221;url:https%3A%2F%2Fjornadasebprioicprj.com.br%2F2024%2Fa-palavra-e-a-pedra-interpretacao-em-analise-2%2F&#8221;][vc_separator color=&#8221;black&#8221; css=&#8221;&#8221;][vc_empty_space][\/vc_column][\/vc_row][vc_row][vc_column][vc_column_text css=&#8221;&#8221;]<\/p>\n<h3><strong>A PALAVRA E A PEDRA \u2013 INTERPRETA\u00c7\u00c3O EM AN\u00c1LISE<\/strong><\/h3>\n<h6><em>Marcia Zucchi<\/em><\/h6>\n<p>\u00c9 com alegria que participo de mais esse lan\u00e7amento das Jornadas da EBP-Rio e ICP-RJ. J\u00e1 foram muitos&#8230; Mas a cada vez \u00e9 uma surpresa, seja pelas quest\u00f5es que abordamos, seja pela forma como as coisas v\u00e3o tomando corpo, seja pelas resson\u00e2ncias do tema na nossa comunidade e mesmo fora dela. Depois de um percurso \u2013 tr\u00eas Jornadas [Ex\u00edlios \/ L\u00f3gicas Coletivas nos tempos que correm\/ Ilus\u00f5es, nas loucuras, no amor e nos discursos] \u2013onde trouxemos para o campo da psican\u00e1lise, temas candentes na vida social; retomamos a nossa rota com algo muito pr\u00f3prio \u00e0 cl\u00ednica psicanal\u00edtica: a interpreta\u00e7\u00e3o. Mas aqui a interpreta\u00e7\u00e3o \u00e9 proposta a ser pensada na sua intima rela\u00e7\u00e3o com o que da palavra, cria e dissolve pedras, nos corpos e nos discursos.[\/vc_column_text][vc_btn title=&#8221;Leia&#8221; color=&#8221;chino&#8221; size=&#8221;sm&#8221; i_align=&#8221;right&#8221; i_icon_fontawesome=&#8221;fas fa-plus-circle&#8221; css=&#8221;&#8221; add_icon=&#8221;true&#8221; link=&#8221;url:https%3A%2F%2Fjornadasebprioicprj.com.br%2F2024%2Fa-palavra-e-a-pedra-interpretacao-em-analise%2F&#8221;][vc_separator color=&#8221;black&#8221; css=&#8221;&#8221;][vc_empty_space][\/vc_column][\/vc_row][vc_row][vc_column][vc_column_text css=&#8221;&#8221;]<\/p>\n<h3><strong>DESAPEGAR <em>O<\/em> DISCURSO DO MESTRE<\/strong><\/h3>\n<h6><em>Isabel do R\u00eago Barros Duarte<\/em><\/h6>\n<p>Sa\u00ed das Jornadas do ano passado decidida a me oferecer para coordenar as pr\u00f3ximas e tive o prazer de ser muito bem recebida pelas diretoras da EBP-Rio, Maria In\u00eas Lamy, e do ICP-RJ, Marcia Zucchi. A raz\u00e3o dessa decis\u00e3o foi que tive um pouco de clareza do que gostaria de assistir no ano seguinte, como uma esp\u00e9cie de desembocadura dos \u00faltimos anos de Jornadas do Rio. Gostaria de ouvir mais casos cl\u00ednicos, discutidos por toda a nossa comunidade, e n\u00e3o apenas[\/vc_column_text][vc_btn title=&#8221;Leia&#8221; color=&#8221;chino&#8221; size=&#8221;sm&#8221; i_align=&#8221;right&#8221; i_icon_fontawesome=&#8221;fas fa-plus-circle&#8221; css=&#8221;&#8221; add_icon=&#8221;true&#8221; link=&#8221;url:https%3A%2F%2Fjornadasebprioicprj.com.br%2F2024%2Fdesapegar-o-discurso-do-mestre%2F|title:DESAPEGAR%20O%20DISCURSO%20DO%20MESTRE&#8221;][vc_separator color=&#8221;black&#8221; css=&#8221;&#8221;][vc_empty_space][\/vc_column][\/vc_row][vc_row][vc_column][vc_column_text css=&#8221;&#8221;]<\/p>\n<h3><strong>O INTRADUZ\u00cdVEL NA INTERPRETA\u00c7\u00c3O<\/strong><\/h3>\n<h6><em>Ana Beatriz Zimmermann Guimar\u00e3es<\/em><\/h6>\n<p>Boa noite a todos.<\/p>\n<p>\u00c9 com grande satisfa\u00e7\u00e3o que componho esta mesa hoje ao lado de minhas colegas para apresentar as XXXI Jornadas Cl\u00ednicas da EBP-Rio e ICP-RJ, sob o t\u00edtulo A palavra e a pedra: interpreta\u00e7\u00e3o em an\u00e1lise, que ocorrer\u00e1 nos dias 4 e 5 de outubro de 2024. Este tema, que se relaciona com o do XXV Encontro Brasileiro do Campo Freudiano \u2013 Os corpos aprisionados pelos discursos e seus restos \u2013, e, acredito eu, que com o do pr\u00f3ximo congresso da AMP: \u201ca rela\u00e7\u00e3o sexual n\u00e3o existe\u201d, deixando em evid\u00eancia assim a dimens\u00e3o da qual fazemos parte, nessa comunidade de trabalho, que \u00e9 a Escola Una.[\/vc_column_text][vc_btn title=&#8221;Leia&#8221; color=&#8221;chino&#8221; size=&#8221;sm&#8221; i_align=&#8221;right&#8221; i_icon_fontawesome=&#8221;fas fa-plus-circle&#8221; css=&#8221;&#8221; add_icon=&#8221;true&#8221; link=&#8221;url:https%3A%2F%2Fjornadasebprioicprj.com.br%2F2024%2Fo-intraduzivel-na-interpretacao%2F|title:O%20INTRADUZ%C3%8DVEL%20NA%20INTERPRETA%C3%87%C3%83O&#8221;][vc_separator color=&#8221;black&#8221; css=&#8221;&#8221;][vc_empty_space][\/vc_column][\/vc_row][vc_row][vc_column][vc_column_text css=&#8221;&#8221;]<\/p>\n<h3><strong>ENTRE PERDAS E PEDRAS, O CAMINHO DE UMA AN\u00c1LISE<\/strong><\/h3>\n<h6><em>Marcelo Veras<\/em><\/h6>\n<p>No percurso de uma an\u00e1lise, entre palavras e pedras, encontramos a poesia singular de cada um. Freud, apoiado na conhecida express\u00e3o de Leonardo da Vinci, precisa uma distin\u00e7\u00e3o entre a psican\u00e1lise e as terapias sugestivas. Estas operam <em>per via di porre<\/em>, acrescentando ao branco da tela as cores e imagens que n\u00e3o existiam. J\u00e1 na psican\u00e1lise o analista seria aquele que opera como os escultores, <em>per via di levare<\/em>, fazendo surgir da pedra bruta a obra que nela estava contida.[\/vc_column_text][vc_btn title=&#8221;Leia&#8221; color=&#8221;chino&#8221; size=&#8221;sm&#8221; i_align=&#8221;right&#8221; i_icon_fontawesome=&#8221;fas fa-plus-circle&#8221; css=&#8221;&#8221; add_icon=&#8221;true&#8221; link=&#8221;url:https%3A%2F%2Fjornadasebprioicprj.com.br%2F2024%2Fentre-perdas-e-pedras-o-caminho-de-uma-analise%2F|title:ENTRE%20PERDAS%20E%20PEDRAS%2C%20O%20CAMINHO%20DE%20UMA%20AN%C3%81LISE&#8221;][vc_separator color=&#8221;black&#8221; css=&#8221;&#8221;][vc_empty_space][\/vc_column][\/vc_row]<\/p>\n<\/div>","protected":false},"excerpt":{"rendered":"<p>[vc_row][vc_column][vc_empty_space][vc_column_text css=&#8221;&#8221;] N\u00f3s, analistas, sem forma, articuladores por um triz do Ser e do Um Ana Beatriz Zimmermann Guimar\u00e3es [\/vc_column_text][vc_btn title=&#8221;Leia&#8221; color=&#8221;chino&#8221; size=&#8221;sm&#8221; i_align=&#8221;right&#8221; i_icon_fontawesome=&#8221;fas fa-plus-circle&#8221; css=&#8221;&#8221; add_icon=&#8221;true&#8221; link=&#8221;url:https%3A%2F%2Fjornadasebprioicprj.com.br%2F2024%2Fnos-analistas-sem-forma-articuladores-por-um-triz-do-ser-e-do-um%2F|title:N%C3%B3s%2C%20analistas%2C%20sem%20forma%2C%20articuladores%20por%20um%20triz%20do%20Ser%20e%20do%20Um&#8221;][vc_separator color=&#8221;black&#8221; css=&#8221;&#8221;][vc_empty_space][\/vc_column][\/vc_row][vc_row][vc_column][vc_empty_space][vc_column_text css=&#8221;&#8221;] Semin\u00e1rio de Orienta\u00e7\u00e3o Lacaniana Paula Legey [\/vc_column_text][vc_btn title=&#8221;Leia&#8221; color=&#8221;chino&#8221; size=&#8221;sm&#8221; i_align=&#8221;right&#8221; i_icon_fontawesome=&#8221;fas fa-plus-circle&#8221; css=&#8221;&#8221; add_icon=&#8221;true&#8221; link=&#8221;url:https%3A%2F%2Fjornadasebprioicprj.com.br%2F2024%2Fseminario-de-orientacao-lacaniana%2F&#8221;][vc_separator color=&#8221;black&#8221; css=&#8221;&#8221;][vc_empty_space][\/vc_column][\/vc_row][vc_row css=&#8221;.vc_custom_1725702777092{background-color: #efefef !important;}&#8221;][vc_column][vc_column_text css=&#8221;&#8221;] Textos&hellip;<\/p>\n","protected":false},"author":1,"featured_media":0,"parent":0,"menu_order":0,"comment_status":"closed","ping_status":"closed","template":"","meta":{"footnotes":""},"class_list":["post-57818","page","type-page","status-publish","hentry","description-off"],"_links":{"self":[{"href":"https:\/\/jornadasebprioicprj.com.br\/2024\/wp-json\/wp\/v2\/pages\/57818","targetHints":{"allow":["GET"]}}],"collection":[{"href":"https:\/\/jornadasebprioicprj.com.br\/2024\/wp-json\/wp\/v2\/pages"}],"about":[{"href":"https:\/\/jornadasebprioicprj.com.br\/2024\/wp-json\/wp\/v2\/types\/page"}],"author":[{"embeddable":true,"href":"https:\/\/jornadasebprioicprj.com.br\/2024\/wp-json\/wp\/v2\/users\/1"}],"replies":[{"embeddable":true,"href":"https:\/\/jornadasebprioicprj.com.br\/2024\/wp-json\/wp\/v2\/comments?post=57818"}],"version-history":[{"count":10,"href":"https:\/\/jornadasebprioicprj.com.br\/2024\/wp-json\/wp\/v2\/pages\/57818\/revisions"}],"predecessor-version":[{"id":57953,"href":"https:\/\/jornadasebprioicprj.com.br\/2024\/wp-json\/wp\/v2\/pages\/57818\/revisions\/57953"}],"wp:attachment":[{"href":"https:\/\/jornadasebprioicprj.com.br\/2024\/wp-json\/wp\/v2\/media?parent=57818"}],"curies":[{"name":"wp","href":"https:\/\/api.w.org\/{rel}","templated":true}]}}