{"id":57671,"date":"2024-06-25T05:22:46","date_gmt":"2024-06-25T08:22:46","guid":{"rendered":"https:\/\/jornadasebprioicprj.com.br\/2024\/?page_id=57671"},"modified":"2024-06-25T05:49:37","modified_gmt":"2024-06-25T08:49:37","slug":"politica-de-cancelamento","status":"publish","type":"page","link":"https:\/\/jornadasebprioicprj.com.br\/2024\/inscricoes\/politica-de-cancelamento\/","title":{"rendered":"Pol\u00edtica de Cancelamento"},"content":{"rendered":"<div class=\"wpb-content-wrapper\"><p>[vc_row][vc_column][vc_empty_space][vc_column_text css=&#8221;&#8221;]Pol\u00edtica de cancelamento:<\/p>\n<ol>\n<li>Solicita\u00e7\u00e3o de cancelamento:<br \/>\nSe por algum motivo voc\u00ea precisar cancelar sua inscri\u00e7\u00e3o, solicitamos que entre em contato atrav\u00e9s do e-mail <a href=\"mailto:tesourariajornadas@gmail.com\">tesourariajornadas@gmail.com<\/a><\/li>\n<li>Taxa de cancelamento:<br \/>\nUma taxa de cancelamento de 10% ser\u00e1 aplicada a todas as solicita\u00e7\u00f5es de cancelamento de inscri\u00e7\u00e3o. O valor a ser reembolsado ser\u00e1 o valor pago descontado a taxa de cancelamento.<\/li>\n<li>Processo de reembolso:<br \/>\nO reembolso ser\u00e1 efetuado utilizando o mesmo m\u00e9todo de pagamento da inscri\u00e7\u00e3o.<\/li>\n<li>Prazo de cancelamento:<br \/>\nser\u00e3o aceitos pedidos de cancelamento at\u00e9 o dia 10 de setembro de 2024. Ap\u00f3s essa data, n\u00e3o haver\u00e1 mais possibilidade de cancelamento.<\/li>\n<\/ol>\n<p>Em caso de d\u00favidas, entre em contato atrav\u00e9s do e-mail: <a href=\"mailto:tesourariajornadas@gmail.com\">tesourariajornadas@gmail.com<\/a>[\/vc_column_text][\/vc_column][\/vc_row]<\/p>\n<\/div>","protected":false},"excerpt":{"rendered":"<p>[vc_row][vc_column][vc_empty_space][vc_column_text css=&#8221;&#8221;]Pol\u00edtica de cancelamento: Solicita\u00e7\u00e3o de cancelamento: Se por algum motivo voc\u00ea precisar cancelar sua inscri\u00e7\u00e3o, solicitamos que entre em contato atrav\u00e9s do e-mail tesourariajornadas@gmail.com Taxa de cancelamento: Uma taxa de cancelamento de 10% ser\u00e1 aplicada a todas as solicita\u00e7\u00f5es de cancelamento de inscri\u00e7\u00e3o. O valor a ser reembolsado ser\u00e1 o valor pago descontado a&hellip;<\/p>\n","protected":false},"author":1,"featured_media":0,"parent":57466,"menu_order":10,"comment_status":"closed","ping_status":"closed","template":"","meta":{"footnotes":""},"class_list":["post-57671","page","type-page","status-publish","hentry","description-off"],"_links":{"self":[{"href":"https:\/\/jornadasebprioicprj.com.br\/2024\/wp-json\/wp\/v2\/pages\/57671","targetHints":{"allow":["GET"]}}],"collection":[{"href":"https:\/\/jornadasebprioicprj.com.br\/2024\/wp-json\/wp\/v2\/pages"}],"about":[{"href":"https:\/\/jornadasebprioicprj.com.br\/2024\/wp-json\/wp\/v2\/types\/page"}],"author":[{"embeddable":true,"href":"https:\/\/jornadasebprioicprj.com.br\/2024\/wp-json\/wp\/v2\/users\/1"}],"replies":[{"embeddable":true,"href":"https:\/\/jornadasebprioicprj.com.br\/2024\/wp-json\/wp\/v2\/comments?post=57671"}],"version-history":[{"count":2,"href":"https:\/\/jornadasebprioicprj.com.br\/2024\/wp-json\/wp\/v2\/pages\/57671\/revisions"}],"predecessor-version":[{"id":57674,"href":"https:\/\/jornadasebprioicprj.com.br\/2024\/wp-json\/wp\/v2\/pages\/57671\/revisions\/57674"}],"up":[{"embeddable":true,"href":"https:\/\/jornadasebprioicprj.com.br\/2024\/wp-json\/wp\/v2\/pages\/57466"}],"wp:attachment":[{"href":"https:\/\/jornadasebprioicprj.com.br\/2024\/wp-json\/wp\/v2\/media?parent=57671"}],"curies":[{"name":"wp","href":"https:\/\/api.w.org\/{rel}","templated":true}]}}