{"id":57466,"date":"2024-05-20T16:21:15","date_gmt":"2024-05-20T19:21:15","guid":{"rendered":"https:\/\/jornadasebprioicprj.com.br\/2024\/?page_id=57466"},"modified":"2024-09-19T08:34:22","modified_gmt":"2024-09-19T11:34:22","slug":"inscricoes","status":"publish","type":"page","link":"https:\/\/jornadasebprioicprj.com.br\/2024\/inscricoes\/","title":{"rendered":"Inscri\u00e7\u00f5es"},"content":{"rendered":"<div class=\"wpb-content-wrapper\"><p>[vc_row][vc_column][vc_empty_space height=&#8221;80px&#8221;][\/vc_column][\/vc_row][vc_row][vc_column][vc_column_text css=&#8221;&#8221;]Para inscrever-se nas XXXI Jornadas da EBP-Rio e do ICP-RJ, selecione o formul\u00e1rio correspondente \u00e0 sua categoria e siga o passo a passo indicado. Aten\u00e7\u00e3o para o preenchimento de todos os campos at\u00e9 a mensagem de confirma\u00e7\u00e3o![\/vc_column_text][vc_empty_space][vc_column_text css=&#8221;&#8221;]<\/p>\n<p style=\"text-align: center;\"><span style=\"color: #993300;\"><strong>Aten\u00e7\u00e3o: a inscri\u00e7\u00e3o nas Jornadas s\u00f3 estar\u00e1 confirmada ap\u00f3s o envio do formul\u00e1rio completo (com o anexo do comprovante de pagamento). O pagamento apenas n\u00e3o garante sua inscri\u00e7\u00e3o.<\/strong><\/span><\/p>\n<p>[\/vc_column_text][vc_empty_space][\/vc_column][\/vc_row][vc_row full_width=&#8221;stretch_row&#8221; equal_height=&#8221;yes&#8221; content_placement=&#8221;top&#8221; bg_type=&#8221;bg_color&#8221; bg_color_value=&#8221;#f4f4f4&#8243;][vc_column width=&#8221;1\/5&#8243;][vc_column_text css=&#8221;&#8221;]<\/p>\n<h5 style=\"text-align: center;\"><strong>Membros da EBP\/AMP<\/strong><\/h5>\n<p>[\/vc_column_text][vc_column_text css=&#8221;&#8221;]<\/p>\n<h5><\/h5>\n<h3 style=\"text-align: center;\"><span style=\"color: #993300;\"><strong>VAGAS ENCERRADAS<\/strong><\/span><\/h3>\n<p>[\/vc_column_text][\/vc_column][vc_column width=&#8221;1\/5&#8243;][vc_column_text css=&#8221;&#8221;]<\/p>\n<h5 style=\"text-align: center;\"><strong>Profissionais<\/strong><\/h5>\n<p>[\/vc_column_text][vc_column_text css=&#8221;&#8221;]<\/p>\n<h5><\/h5>\n<h3 style=\"text-align: center;\"><span style=\"color: #993300;\"><strong>VAGAS ENCERRADAS<\/strong><\/span><\/h3>\n<p>[\/vc_column_text][\/vc_column][vc_column width=&#8221;1\/5&#8243;][vc_column_text css=&#8221;&#8221;]<\/p>\n<h5 style=\"text-align: center;\"><strong>Alunos do curso regular do ICP-RJ<\/strong><\/h5>\n<p>[\/vc_column_text][vc_column_text css=&#8221;&#8221;]<\/p>\n<h5><\/h5>\n<h3 style=\"text-align: center;\"><span style=\"color: #993300;\"><strong>VAGAS ENCERRADAS<\/strong><\/span><\/h3>\n<p>[\/vc_column_text][\/vc_column][vc_column width=&#8221;1\/5&#8243;][vc_column_text css=&#8221;&#8221;]<\/p>\n<h5 style=\"text-align: center;\"><strong>Alunos de gradua\u00e7\u00e3o<\/strong><\/h5>\n<p>[\/vc_column_text][vc_column_text css=&#8221;&#8221;]<\/p>\n<h5><\/h5>\n<h3 style=\"text-align: center;\"><span style=\"color: #993300;\"><strong>VAGAS ENCERRADAS<\/strong><\/span><\/h3>\n<p>[\/vc_column_text][\/vc_column][vc_column width=&#8221;1\/5&#8243;][vc_column_text css=&#8221;&#8221;]<\/p>\n<h5 style=\"text-align: center;\"><strong>A\u00e7\u00e3o afirmativa<\/strong><\/h5>\n<p>[\/vc_column_text][vc_column_text css=&#8221;&#8221;]<\/p>\n<h5><\/h5>\n<h3 style=\"text-align: center;\"><span style=\"color: #993300;\"><strong>VAGAS ENCERRADAS<\/strong><\/span><\/h3>\n<p>[\/vc_column_text][\/vc_column][\/vc_row][vc_row][vc_column][vc_empty_space][vc_separator color=&#8221;black&#8221; css=&#8221;&#8221;][vc_empty_space][vc_btn title=&#8221;POL\u00cdTICA DE CANCELAMENTO&#8221; color=&#8221;danger&#8221; align=&#8221;center&#8221; i_align=&#8221;right&#8221; i_icon_fontawesome=&#8221;fas fa-ban&#8221; css=&#8221;&#8221; add_icon=&#8221;true&#8221; link=&#8221;url:https%3A%2F%2Fjornadasebprioicprj.com.br%2F2024%2Finscricoes%2Fpolitica-de-cancelamento%2F&#8221;][\/vc_column][\/vc_row]<\/p>\n<\/div>","protected":false},"excerpt":{"rendered":"<p>[vc_row][vc_column][vc_empty_space height=&#8221;80px&#8221;][\/vc_column][\/vc_row][vc_row][vc_column][vc_column_text css=&#8221;&#8221;]Para inscrever-se nas XXXI Jornadas da EBP-Rio e do ICP-RJ, selecione o formul\u00e1rio correspondente \u00e0 sua categoria e siga o passo a passo indicado. Aten\u00e7\u00e3o para o preenchimento de todos os campos at\u00e9 a mensagem de confirma\u00e7\u00e3o![\/vc_column_text][vc_empty_space][vc_column_text css=&#8221;&#8221;] Aten\u00e7\u00e3o: a inscri\u00e7\u00e3o nas Jornadas s\u00f3 estar\u00e1 confirmada ap\u00f3s o envio do formul\u00e1rio completo (com&hellip;<\/p>\n","protected":false},"author":1,"featured_media":0,"parent":0,"menu_order":10,"comment_status":"closed","ping_status":"closed","template":"","meta":{"footnotes":""},"class_list":["post-57466","page","type-page","status-publish","hentry","description-off"],"_links":{"self":[{"href":"https:\/\/jornadasebprioicprj.com.br\/2024\/wp-json\/wp\/v2\/pages\/57466","targetHints":{"allow":["GET"]}}],"collection":[{"href":"https:\/\/jornadasebprioicprj.com.br\/2024\/wp-json\/wp\/v2\/pages"}],"about":[{"href":"https:\/\/jornadasebprioicprj.com.br\/2024\/wp-json\/wp\/v2\/types\/page"}],"author":[{"embeddable":true,"href":"https:\/\/jornadasebprioicprj.com.br\/2024\/wp-json\/wp\/v2\/users\/1"}],"replies":[{"embeddable":true,"href":"https:\/\/jornadasebprioicprj.com.br\/2024\/wp-json\/wp\/v2\/comments?post=57466"}],"version-history":[{"count":20,"href":"https:\/\/jornadasebprioicprj.com.br\/2024\/wp-json\/wp\/v2\/pages\/57466\/revisions"}],"predecessor-version":[{"id":57874,"href":"https:\/\/jornadasebprioicprj.com.br\/2024\/wp-json\/wp\/v2\/pages\/57466\/revisions\/57874"}],"wp:attachment":[{"href":"https:\/\/jornadasebprioicprj.com.br\/2024\/wp-json\/wp\/v2\/media?parent=57466"}],"curies":[{"name":"wp","href":"https:\/\/api.w.org\/{rel}","templated":true}]}}