{"id":57464,"date":"2024-05-20T16:20:59","date_gmt":"2024-05-20T19:20:59","guid":{"rendered":"https:\/\/jornadasebprioicprj.com.br\/2024\/?page_id=57464"},"modified":"2024-07-31T09:34:01","modified_gmt":"2024-07-31T12:34:01","slug":"envio-de-trabalhos","status":"publish","type":"page","link":"https:\/\/jornadasebprioicprj.com.br\/2024\/envio-de-trabalhos\/","title":{"rendered":"Envio de Trabalhos"},"content":{"rendered":"<div class=\"wpb-content-wrapper\"><p>[vc_row][vc_column][vc_empty_space height=&#8221;80px&#8221;][vc_column_text css=&#8221;&#8221;]<\/p>\n<h3><span style=\"color: #808000;\">PRAZO FINAL PARA O ENVIO DE TRABALHOS: AT\u00c9 20\/08\/2024<\/span><\/h3>\n<h5><em>Comiss\u00e3o Cient\u00edfica<\/em><\/h5>\n<p>&nbsp;<\/p>\n<p>Enviem suas contribui\u00e7\u00f5es para as XXXI Jornadas Cl\u00ednicas! Abaixo, os tr\u00eas eixos epist\u00eamicos:<\/p>\n<p><a href=\"https:\/\/jornadasebprioicprj.com.br\/2024\/eixos-tematicos\/eixo-1-discursos-e-interpretacao\/\">Eixo 1: Discursos e interpreta\u00e7\u00e3o<\/a><\/p>\n<p><a href=\"https:\/\/jornadasebprioicprj.com.br\/2024\/eixos-tematicos\/eixo-2-transferencia-e-interpretacao\/\">Eixo 2: Transfer\u00eancia e interpreta\u00e7\u00e3o<\/a><\/p>\n<p><a href=\"https:\/\/jornadasebprioicprj.com.br\/2024\/eixos-tematicos\/eixo-3-consentimento-e-recusa-ao-inconsciente\/\">Eixo 3: Consentimento e recusa ao inconsciente<\/a><\/p>\n<p>&nbsp;<\/p>\n<p>Os trabalhos devem ser enviados para o <em>e-mail<\/em>:<\/p>\n<p><a href=\"mailto:simultaneas31jornadas@gmail.com\"><strong>simultaneas31jornadas@gmail.com<\/strong><\/a><\/p>\n<p><strong>At\u00e9 o dia 20 de agosto de 2024 (ter\u00e7a-feira). <\/strong><\/p>\n<p>&nbsp;<\/p>\n<p>Observem o formato para envio:<\/p>\n<p>Arquivo Word<\/p>\n<p>At\u00e9 6.000 caracteres com espa\u00e7o.<\/p>\n<p>Fonte Times New Roman 12.<\/p>\n<p>Espa\u00e7amento entre linhas 1,5.<\/p>\n<p>&nbsp;<\/p>\n<p>No t\u00edtulo do <em>e-mail<\/em> e no cabe\u00e7alho do texto dever\u00e3o constar o eixo escolhido e o nome completo do autor. Caso o trabalho seja produto de cartel, fulgurante ou n\u00e3o, isso deve ser mencionado. Para o envio de trabalhos, os autores dever\u00e3o estar inscritos nas Jornadas.<\/p>\n<p>N\u00e3o deixe de participar!<\/p>\n<p>&nbsp;<\/p>\n<p>[\/vc_column_text][\/vc_column][\/vc_row]<\/p>\n<\/div>","protected":false},"excerpt":{"rendered":"<p>[vc_row][vc_column][vc_empty_space height=&#8221;80px&#8221;][vc_column_text css=&#8221;&#8221;] PRAZO FINAL PARA O ENVIO DE TRABALHOS: AT\u00c9 20\/08\/2024 Comiss\u00e3o Cient\u00edfica &nbsp; Enviem suas contribui\u00e7\u00f5es para as XXXI Jornadas Cl\u00ednicas! Abaixo, os tr\u00eas eixos epist\u00eamicos: Eixo 1: Discursos e interpreta\u00e7\u00e3o Eixo 2: Transfer\u00eancia e interpreta\u00e7\u00e3o Eixo 3: Consentimento e recusa ao inconsciente &nbsp; Os trabalhos devem ser enviados para o e-mail: simultaneas31jornadas@gmail.com&hellip;<\/p>\n","protected":false},"author":1,"featured_media":0,"parent":0,"menu_order":10,"comment_status":"closed","ping_status":"closed","template":"","meta":{"footnotes":""},"class_list":["post-57464","page","type-page","status-publish","hentry","description-off"],"_links":{"self":[{"href":"https:\/\/jornadasebprioicprj.com.br\/2024\/wp-json\/wp\/v2\/pages\/57464","targetHints":{"allow":["GET"]}}],"collection":[{"href":"https:\/\/jornadasebprioicprj.com.br\/2024\/wp-json\/wp\/v2\/pages"}],"about":[{"href":"https:\/\/jornadasebprioicprj.com.br\/2024\/wp-json\/wp\/v2\/types\/page"}],"author":[{"embeddable":true,"href":"https:\/\/jornadasebprioicprj.com.br\/2024\/wp-json\/wp\/v2\/users\/1"}],"replies":[{"embeddable":true,"href":"https:\/\/jornadasebprioicprj.com.br\/2024\/wp-json\/wp\/v2\/comments?post=57464"}],"version-history":[{"count":13,"href":"https:\/\/jornadasebprioicprj.com.br\/2024\/wp-json\/wp\/v2\/pages\/57464\/revisions"}],"predecessor-version":[{"id":57768,"href":"https:\/\/jornadasebprioicprj.com.br\/2024\/wp-json\/wp\/v2\/pages\/57464\/revisions\/57768"}],"wp:attachment":[{"href":"https:\/\/jornadasebprioicprj.com.br\/2024\/wp-json\/wp\/v2\/media?parent=57464"}],"curies":[{"name":"wp","href":"https:\/\/api.w.org\/{rel}","templated":true}]}}