{"id":57766,"date":"2023-10-11T14:40:26","date_gmt":"2023-10-11T17:40:26","guid":{"rendered":"https:\/\/jornadasebprioicprj.com.br\/2023\/?page_id=57766"},"modified":"2023-10-11T14:48:20","modified_gmt":"2023-10-11T17:48:20","slug":"inscricoes","status":"publish","type":"page","link":"https:\/\/jornadasebprioicprj.com.br\/2023\/inscricoes\/","title":{"rendered":"Inscri\u00e7\u00f5es"},"content":{"rendered":"<section class=\"wpb-content-wrapper\"><p>[vc_row full_width=&#8221;stretch_row&#8221; row_type=&#8221;main-section&#8221; wr_background_color=&#8221;#0a0a0a&#8221; wr_background_img=&#8221;55&#8243;][vc_column css=&#8221;.vc_custom_1691090958120{background-color: #1d1717 !important;}&#8221;][vc_single_image image=&#8221;51&#8243; img_size=&#8221;full&#8221; alignment=&#8221;right&#8221;][\/vc_column][\/vc_row][vc_row][vc_column width=&#8221;2\/3&#8243;][vc_empty_space][vc_empty_space][vc_column_text]As inscri\u00e7\u00f5es para as 30as Jornadas Cl\u00ednicas EBP Rio e ICP-RJ ocorrer\u00e3o atrav\u00e9s da plataforma Sympla.<br \/>\nExistem algumas categorias de inscri\u00e7\u00e3o: a\u00e7\u00f5es afirmativas, estudantes universit\u00e1rios, alunos do ICP-RJ, profissionais n\u00e3o membros e membros.<\/p>\n<p><strong>Sobre as a\u00e7\u00f5es afirmativas:<\/strong><\/p>\n<p>As a\u00e7\u00f5es afirmativas s\u00e3o pol\u00edticas p\u00fablicas criadas para promover a repara\u00e7\u00e3o e a supera\u00e7\u00e3o das desigualdades sociais que historicamente estruturam nossa sociedade.<\/p>\n<p>Desse modo, afinados com uma dire\u00e7\u00e3o de trabalho orientada pelo compromisso \u00e9tico de uma psican\u00e1lise \u00e0 altura dos desafios de sua \u00e9poca, e em conson\u00e2ncia com a legisla\u00e7\u00e3o brasileira, a modalidade de inscri\u00e7\u00e3o &#8220;A\u00e7\u00f5es Afirmativas&#8221; se destina \u00e0s pessoas autodeclaradas negras, ind\u00edgenas, trans\/travestis e PCD&#8217;s, contribuindo assim para promover equidade a todas, todos e todes.[\/vc_column_text][vc_empty_space][vc_btn title=&#8221;Inscri\u00e7\u00e3o&#8221; color=&#8221;black&#8221; link=&#8221;url:https%3A%2F%2Fwww.sympla.com.br%2Fevento%2F30-jornadas-clinicas-ebp-secao-rio-e-icp-rj%2F2162136&#8243;][\/vc_column][vc_column width=&#8221;1\/3&#8243;][\/vc_column][\/vc_row]<\/p>\n<\/section>","protected":false},"excerpt":{"rendered":"<p>[vc_row full_width=&#8221;stretch_row&#8221; row_type=&#8221;main-section&#8221; wr_background_color=&#8221;#0a0a0a&#8221; wr_background_img=&#8221;55&#8243;][vc_column css=&#8221;.vc_custom_1691090958120{background-color: #1d1717 !important;}&#8221;][vc_single_image image=&#8221;51&#8243; img_size=&#8221;full&#8221; alignment=&#8221;right&#8221;][\/vc_column][\/vc_row][vc_row][vc_column width=&#8221;2\/3&#8243;][vc_empty_space][vc_empty_space][vc_column_text]As inscri\u00e7\u00f5es para as 30as Jornadas Cl\u00ednicas EBP Rio e ICP-RJ ocorrer\u00e3o atrav\u00e9s da plataforma Sympla. Existem algumas categorias de inscri\u00e7\u00e3o: a\u00e7\u00f5es afirmativas, estudantes universit\u00e1rios, alunos do ICP-RJ, profissionais n\u00e3o membros e membros. Sobre as a\u00e7\u00f5es afirmativas: As a\u00e7\u00f5es afirmativas s\u00e3o pol\u00edticas p\u00fablicas criadas&hellip;<\/p>\n","protected":false},"author":1,"featured_media":0,"parent":0,"menu_order":0,"comment_status":"closed","ping_status":"closed","template":"","meta":{"footnotes":""},"class_list":["post-57766","page","type-page","status-publish","hentry","description-off"],"_links":{"self":[{"href":"https:\/\/jornadasebprioicprj.com.br\/2023\/wp-json\/wp\/v2\/pages\/57766","targetHints":{"allow":["GET"]}}],"collection":[{"href":"https:\/\/jornadasebprioicprj.com.br\/2023\/wp-json\/wp\/v2\/pages"}],"about":[{"href":"https:\/\/jornadasebprioicprj.com.br\/2023\/wp-json\/wp\/v2\/types\/page"}],"author":[{"embeddable":true,"href":"https:\/\/jornadasebprioicprj.com.br\/2023\/wp-json\/wp\/v2\/users\/1"}],"replies":[{"embeddable":true,"href":"https:\/\/jornadasebprioicprj.com.br\/2023\/wp-json\/wp\/v2\/comments?post=57766"}],"version-history":[{"count":5,"href":"https:\/\/jornadasebprioicprj.com.br\/2023\/wp-json\/wp\/v2\/pages\/57766\/revisions"}],"predecessor-version":[{"id":57772,"href":"https:\/\/jornadasebprioicprj.com.br\/2023\/wp-json\/wp\/v2\/pages\/57766\/revisions\/57772"}],"wp:attachment":[{"href":"https:\/\/jornadasebprioicprj.com.br\/2023\/wp-json\/wp\/v2\/media?parent=57766"}],"curies":[{"name":"wp","href":"https:\/\/api.w.org\/{rel}","templated":true}]}}