{"id":57564,"date":"2023-08-09T15:48:08","date_gmt":"2023-08-09T18:48:08","guid":{"rendered":"https:\/\/jornadasebprioicprj.com.br\/2023\/?page_id=57564"},"modified":"2023-10-02T14:13:22","modified_gmt":"2023-10-02T17:13:22","slug":"envio-de-trabalhos","status":"publish","type":"page","link":"https:\/\/jornadasebprioicprj.com.br\/2023\/envio-de-trabalhos\/","title":{"rendered":"Envio de trabalhos"},"content":{"rendered":"<section class=\"wpb-content-wrapper\"><p>[vc_row full_width=&#8221;stretch_row&#8221; row_type=&#8221;main-section&#8221; wr_background_color=&#8221;#0a0a0a&#8221; wr_background_img=&#8221;55&#8243;][vc_column css=&#8221;.vc_custom_1691090958120{background-color: #1d1717 !important;}&#8221;][vc_single_image image=&#8221;51&#8243; img_size=&#8221;full&#8221; alignment=&#8221;right&#8221;][\/vc_column][\/vc_row][vc_row][vc_column width=&#8221;2\/3&#8243;][vc_empty_space][vc_empty_space][vc_column_text]<\/p>\n<h1><\/h1>\n<h2><span style=\"color: #ff0000;\">\u25fc <\/span><strong>Cart\u00e9is Fulgurantes<\/strong><\/h2>\n<p>&nbsp;<\/p>\n<p>&nbsp;<\/p>\n<p style=\"text-align: right;\"><em>\u201cO cartel fulgurante era uma experi\u00eancia destinada \u00e0 prepara\u00e7\u00e3o de um evento que mobilizava a estrutura de trabalho de cartel, estrutura de trabalho particular \u00e0 escola. (&#8230;) era marcado pela urg\u00eancia que caracterizava a reflex\u00e3o da psican\u00e1lise naquele momento (&#8230;).<\/em><\/p>\n<p style=\"text-align: right;\"><em>Marie H\u00e9l\u00e8ne Brousse <\/em>[<span style=\"color: #ff0000;\">1<\/span>]<\/p>\n<p>&nbsp;<\/p>\n<p>A Coordena\u00e7\u00e3o de Cart\u00e9is da EBP RJ vem propor a realiza\u00e7\u00e3o de Cart\u00e9is que seguem os Princ\u00edpios da forma\u00e7\u00e3o de um cartel &#8211; quatro interessados em trabalhar um tema escolhem o Mais- um -, e que cada um se comprometa a trabalhar uma quest\u00e3o relativa a um dos tr\u00eas Eixos Tem\u00e1ticos das 30as Jornadas Cl\u00ednicas da EBP-Rio e do ICP-RJ:<\/p>\n<p>&nbsp;<\/p>\n<h5><span style=\"color: #ff0000;\"><span style=\"color: #ffffff;\">______<\/span>\u25fc <\/span><span style=\"color: #000000;\"><a style=\"color: #000000;\" href=\"https:\/\/jornadasebprioicprj.com.br\/2023\/eixo-1-ilusao-nas-loucuras\/\" target=\"_blank\" rel=\"noopener\"><u>Ilus\u00e3o nas loucuras<\/u><\/a><\/span><\/h5>\n<h5><span style=\"color: #ff0000;\"><span style=\"color: #ffffff;\">______<\/span><\/span><span style=\"color: #ff0000;\">\u25fc\u00a0<\/span><span style=\"color: #000000;\"><a style=\"color: #000000;\" href=\"https:\/\/jornadasebprioicprj.com.br\/2023\/eixo-2-ilusao-no-amor\/\" target=\"_blank\" rel=\"noopener\"><u>Ilus\u00e3o no amor<\/u><\/a><\/span><\/h5>\n<h5><span style=\"color: #ff0000;\"><span style=\"color: #ffffff;\">______<\/span><\/span><span style=\"color: #ff0000;\">\u25fc\u00a0<\/span><span style=\"color: #000000;\"><a style=\"color: #000000;\" href=\"https:\/\/jornadasebprioicprj.com.br\/2023\/eixo-3-ilusao-nos-discursos\/\" target=\"_blank\" rel=\"noopener\"><u>Ilus\u00e3o nos discursos<\/u><\/a><\/span><\/h5>\n<p>&nbsp;<\/p>\n<p>\u00c9 desej\u00e1vel que cada cartelizante crie um produto singular a ser endere\u00e7ado \u00e0s Jornadas.<\/p>\n<p><span style=\"color: #ff0000;\"><strong>As inscri\u00e7\u00f5es para a realiza\u00e7\u00e3o de Cart\u00e9is fulgurantes<\/strong><\/span> no \u00e2mbito das Jornadas Cl\u00ednicas de 2023 devem ser feitas <strong><span style=\"color: #ff0000;\">at\u00e9 o dia 25 de agosto de 2023<\/span><\/strong>, atrav\u00e9s do e-mail &#8211; <a href=\"mailto:carteisebprj@gmail.com\">carteisebprj@gmail.com<\/a>. Para mais orienta\u00e7\u00f5es e esclarecimentos, os cartelizantes podem procurar os membros da diretoria.<\/p>\n<p><strong><span style=\"color: #ff0000;\">O prazo para envio de trabalhos foi adiado para o dia 09 de outubro de 2023<\/span><\/strong>, para que a Comiss\u00e3o Cient\u00edfica tenha tempo de ler e compor as mesas que esperamos levantem um debate prof\u00edcuo em torno do tema desde a perspectiva da psican\u00e1lise.<\/p>\n<p>O formato dos trabalhos dever\u00e1 seguir o seguinte padr\u00e3o:<\/p>\n<p>&nbsp;<\/p>\n<h5><span style=\"color: #ff0000;\"><span style=\"color: #ffffff;\">______<\/span><\/span><span style=\"color: #ff0000;\">\u25fc\u00a0<\/span>At\u00e9 6.000 caracteres<\/h5>\n<h5><span style=\"color: #ff0000;\"><span style=\"color: #ffffff;\">______<\/span><\/span><span style=\"color: #ff0000;\">\u25fc\u00a0<\/span>Fonte Times New Roman, pt12<\/h5>\n<h5><span style=\"color: #ff0000;\"><span style=\"color: #ffffff;\">______<\/span><\/span><span style=\"color: #ff0000;\">\u25fc\u00a0<\/span>Espa\u00e7amento 1,5<\/h5>\n<p>&nbsp;<\/p>\n<p>O envio do trabalho ser\u00e1 para o e-mail <a href=\"mailto:simultaneas30jornadas@gmail.com\">simultaneas30jornadas@gmail.com<\/a> especificando no assunto do e-mail o eixo para o qual est\u00e1 endere\u00e7ado. No corpo do e-mail deve ser informado o nome completo do autor e seu v\u00ednculo com a EBP-Rio e\/ou ICP-RJ.<\/p>\n<p>Os cart\u00e9is fulgurantes, dos quais esperam-se flashs que iluminem nossas quest\u00f5es sobre Ilus\u00e3o nas loucuras, no amor e nos discursos, poder\u00e3o prosseguir trabalhando ap\u00f3s a entrega dos trabalhos por cartelizante nestas Jornadas e, por meio do Mais um, declarar esse desejo e fazer a inscri\u00e7\u00e3o no Cat\u00e1logo de Cart\u00e9is da EBP.<\/p>\n<p>&nbsp;<\/p>\n<p>&nbsp;<\/p>\n<p>&nbsp;<\/p>\n<h6>[<span style=\"color: #ff0000;\">1<\/span>] <em>Manual de Cart\u00e9is<\/em>. Belo Horizonte: Scriptum\/EBP-MG, 2011.<\/h6>\n<p>[\/vc_column_text][vc_empty_space][\/vc_column][vc_column width=&#8221;1\/3&#8243;][\/vc_column][\/vc_row]<\/p>\n<\/section>","protected":false},"excerpt":{"rendered":"<p>[vc_row full_width=&#8221;stretch_row&#8221; row_type=&#8221;main-section&#8221; wr_background_color=&#8221;#0a0a0a&#8221; wr_background_img=&#8221;55&#8243;][vc_column css=&#8221;.vc_custom_1691090958120{background-color: #1d1717 !important;}&#8221;][vc_single_image image=&#8221;51&#8243; img_size=&#8221;full&#8221; alignment=&#8221;right&#8221;][\/vc_column][\/vc_row][vc_row][vc_column width=&#8221;2\/3&#8243;][vc_empty_space][vc_empty_space][vc_column_text] \u25fc Cart\u00e9is Fulgurantes &nbsp; &nbsp; \u201cO cartel fulgurante era uma experi\u00eancia destinada \u00e0 prepara\u00e7\u00e3o de um evento que mobilizava a estrutura de trabalho de cartel, estrutura de trabalho particular \u00e0 escola. (&#8230;) era marcado pela urg\u00eancia que caracterizava a reflex\u00e3o da psican\u00e1lise naquele&hellip;<\/p>\n","protected":false},"author":1,"featured_media":0,"parent":0,"menu_order":0,"comment_status":"closed","ping_status":"closed","template":"","meta":{"footnotes":""},"class_list":["post-57564","page","type-page","status-publish","hentry","description-off"],"_links":{"self":[{"href":"https:\/\/jornadasebprioicprj.com.br\/2023\/wp-json\/wp\/v2\/pages\/57564","targetHints":{"allow":["GET"]}}],"collection":[{"href":"https:\/\/jornadasebprioicprj.com.br\/2023\/wp-json\/wp\/v2\/pages"}],"about":[{"href":"https:\/\/jornadasebprioicprj.com.br\/2023\/wp-json\/wp\/v2\/types\/page"}],"author":[{"embeddable":true,"href":"https:\/\/jornadasebprioicprj.com.br\/2023\/wp-json\/wp\/v2\/users\/1"}],"replies":[{"embeddable":true,"href":"https:\/\/jornadasebprioicprj.com.br\/2023\/wp-json\/wp\/v2\/comments?post=57564"}],"version-history":[{"count":11,"href":"https:\/\/jornadasebprioicprj.com.br\/2023\/wp-json\/wp\/v2\/pages\/57564\/revisions"}],"predecessor-version":[{"id":57729,"href":"https:\/\/jornadasebprioicprj.com.br\/2023\/wp-json\/wp\/v2\/pages\/57564\/revisions\/57729"}],"wp:attachment":[{"href":"https:\/\/jornadasebprioicprj.com.br\/2023\/wp-json\/wp\/v2\/media?parent=57564"}],"curies":[{"name":"wp","href":"https:\/\/api.w.org\/{rel}","templated":true}]}}