{"id":57495,"date":"2023-08-07T15:41:40","date_gmt":"2023-08-07T18:41:40","guid":{"rendered":"https:\/\/jornadasebprioicprj.com.br\/2023\/?page_id=57495"},"modified":"2023-11-21T22:50:07","modified_gmt":"2023-11-22T01:50:07","slug":"organizacao","status":"publish","type":"page","link":"https:\/\/jornadasebprioicprj.com.br\/2023\/organizacao\/","title":{"rendered":"Organiza\u00e7\u00e3o"},"content":{"rendered":"<section class=\"wpb-content-wrapper\"><p>[vc_row full_width=&#8221;stretch_row&#8221; row_type=&#8221;main-section&#8221; wr_background_color=&#8221;#0a0a0a&#8221; wr_background_img=&#8221;55&#8243;][vc_column css=&#8221;.vc_custom_1691090958120{background-color: #1d1717 !important;}&#8221;][vc_single_image image=&#8221;51&#8243; img_size=&#8221;full&#8221; alignment=&#8221;right&#8221;][\/vc_column][\/vc_row][vc_row][vc_column][vc_empty_space][vc_empty_space][vc_column_text]<\/p>\n<h2><span style=\"color: #ff0000;\">\u25fc <span style=\"color: #000000;\">Organiza\u00e7\u00e3o<\/span><\/span><\/h2>\n<p>&nbsp;<\/p>\n<p>&nbsp;<\/p>\n<h4>COORDENA\u00c7\u00c3O GERAL<\/h4>\n<ul>\n<li>Dinah Kleve<\/li>\n<li>Francisca Menta<\/li>\n<li>Sarita Gelbert<\/li>\n<\/ul>\n<p>&nbsp;<\/p>\n<h4>COMISS\u00c3O CIENT\u00cdFICA<\/h4>\n<ul>\n<li>Maria Silvia G. F. Hanna (coordena\u00e7\u00e3o)<\/li>\n<li>Ana Beatriz Freire<\/li>\n<li>Angela Bernardes (coordena\u00e7\u00e3o)<\/li>\n<li>Angela Negreiros<\/li>\n<li>Paula Legey<\/li>\n<li>Vinicius Darriba<\/li>\n<\/ul>\n<p>&nbsp;<\/p>\n<h4>INFRAESTRUTURA<\/h4>\n<ul>\n<li>Ana Beatriz Zimmermann<\/li>\n<li>Ana Cristina Soares Reis<\/li>\n<li>Camila Ventura<\/li>\n<li>Diogo Teixeira<\/li>\n<li>Maria Cristina Antonio Jeronimo<\/li>\n<li>Melissa Bottrel<\/li>\n<li>Natasha Berditchevsky<\/li>\n<li>Rodrigo Pedalini (coordena\u00e7\u00e3o)<\/li>\n<li>Sandra Landim (coordena\u00e7\u00e3o)<\/li>\n<\/ul>\n<p>&nbsp;<\/p>\n<h4>LIVRARIA<\/h4>\n<ul>\n<li>Asp\u00e1zia Barcelos (coordena\u00e7\u00e3o)<\/li>\n<li>Camila Ventura<\/li>\n<li>Deborah Souza (coordena\u00e7\u00e3o)<\/li>\n<li>Maria da Penha de Negreiros<\/li>\n<li>Mario del Soldato<\/li>\n<li>Patricia Paterson (coordena\u00e7\u00e3o)<\/li>\n<\/ul>\n<p>&nbsp;<\/p>\n<h4>M\u00cdDIA E DIVULGA\u00c7\u00c3O<\/h4>\n<ul>\n<li>Daniel Levin<\/li>\n<li>Felipe Vianna Pinheiro (coordena\u00e7\u00e3o)<\/li>\n<li>Joana Landim<\/li>\n<li>La\u00eds Rangel<\/li>\n<li>Larissa Pinto Martha (coordena\u00e7\u00e3o)<\/li>\n<\/ul>\n<p>&nbsp;<\/p>\n<h4>BOLETIM<\/h4>\n<ul>\n<li>Camila Drubscky<\/li>\n<li>Carolina Peixe<\/li>\n<li>Marina Sodr\u00e9 (coordena\u00e7\u00e3o)<\/li>\n<li>Renata G\u00e9rard Bondim (coordena\u00e7\u00e3o)<\/li>\n<li>Taciane Maia<\/li>\n<\/ul>\n<p>&nbsp;<\/p>\n<h4>FESTA<\/h4>\n<ul>\n<li>Ana Beatriz Bernat<\/li>\n<li>Anna Luiza Almeida (coordena\u00e7\u00e3o)<\/li>\n<li>Carolina Dutra (coordena\u00e7\u00e3o)<\/li>\n<li>L\u00edvia Beatriz Pereira<\/li>\n<li>Thereza de Felice<\/li>\n<\/ul>\n<p>&nbsp;<\/p>\n<h4>TESOURARIA<\/h4>\n<ul>\n<li>Maria Corr\u00eaa de Oliveira (coordena\u00e7\u00e3o)<\/li>\n<li>Vanda Almeida (coordena\u00e7\u00e3o)<\/li>\n<li>Daniele Menezes<\/li>\n<li>Erica Siqueira<\/li>\n<\/ul>\n<h6><a href=\"#_ftnref1\" name=\"_ftn1\"><\/a><\/h6>\n<p>[\/vc_column_text][vc_empty_space][\/vc_column][\/vc_row]<\/p>\n<\/section>","protected":false},"excerpt":{"rendered":"<p>[vc_row full_width=&#8221;stretch_row&#8221; row_type=&#8221;main-section&#8221; wr_background_color=&#8221;#0a0a0a&#8221; wr_background_img=&#8221;55&#8243;][vc_column css=&#8221;.vc_custom_1691090958120{background-color: #1d1717 !important;}&#8221;][vc_single_image image=&#8221;51&#8243; img_size=&#8221;full&#8221; alignment=&#8221;right&#8221;][\/vc_column][\/vc_row][vc_row][vc_column][vc_empty_space][vc_empty_space][vc_column_text] \u25fc Organiza\u00e7\u00e3o &nbsp; &nbsp; COORDENA\u00c7\u00c3O GERAL Dinah Kleve Francisca Menta Sarita Gelbert &nbsp; COMISS\u00c3O CIENT\u00cdFICA Maria Silvia G. F. Hanna (coordena\u00e7\u00e3o) Ana Beatriz Freire Angela Bernardes (coordena\u00e7\u00e3o) Angela Negreiros Paula Legey Vinicius Darriba &nbsp; INFRAESTRUTURA Ana Beatriz Zimmermann Ana Cristina Soares Reis Camila Ventura&hellip;<\/p>\n","protected":false},"author":1,"featured_media":0,"parent":0,"menu_order":0,"comment_status":"closed","ping_status":"closed","template":"","meta":{"footnotes":""},"class_list":["post-57495","page","type-page","status-publish","hentry","description-off"],"_links":{"self":[{"href":"https:\/\/jornadasebprioicprj.com.br\/2023\/wp-json\/wp\/v2\/pages\/57495","targetHints":{"allow":["GET"]}}],"collection":[{"href":"https:\/\/jornadasebprioicprj.com.br\/2023\/wp-json\/wp\/v2\/pages"}],"about":[{"href":"https:\/\/jornadasebprioicprj.com.br\/2023\/wp-json\/wp\/v2\/types\/page"}],"author":[{"embeddable":true,"href":"https:\/\/jornadasebprioicprj.com.br\/2023\/wp-json\/wp\/v2\/users\/1"}],"replies":[{"embeddable":true,"href":"https:\/\/jornadasebprioicprj.com.br\/2023\/wp-json\/wp\/v2\/comments?post=57495"}],"version-history":[{"count":9,"href":"https:\/\/jornadasebprioicprj.com.br\/2023\/wp-json\/wp\/v2\/pages\/57495\/revisions"}],"predecessor-version":[{"id":57875,"href":"https:\/\/jornadasebprioicprj.com.br\/2023\/wp-json\/wp\/v2\/pages\/57495\/revisions\/57875"}],"wp:attachment":[{"href":"https:\/\/jornadasebprioicprj.com.br\/2023\/wp-json\/wp\/v2\/media?parent=57495"}],"curies":[{"name":"wp","href":"https:\/\/api.w.org\/{rel}","templated":true}]}}