{"id":362,"date":"2022-11-01T10:31:49","date_gmt":"2022-11-01T13:31:49","guid":{"rendered":"https:\/\/jornadasebprioicprj.com.br\/2022\/?page_id=362"},"modified":"2022-11-03T18:11:43","modified_gmt":"2022-11-03T21:11:43","slug":"programa-completo","status":"publish","type":"page","link":"https:\/\/jornadasebprioicprj.com.br\/2022\/programa-completo\/","title":{"rendered":"Programa completo"},"content":{"rendered":"[vc_row][vc_column][vc_single_image image=&#8221;101&#8243; img_size=&#8221;full&#8221;][vc_empty_space height=&#8221;50px&#8221;][vc_column_text]\n<h1><span style=\"font-family: source-sans-pro-black;\">Programa completo<\/span><\/h1>\n<p>&nbsp;<\/p>\n<p>&nbsp;<\/p>\n<p><span style=\"font-family: source-sans-pro-black; font-size: 18pt; color: #000000;\">04.05.11 &#8211; <a href=\"https:\/\/jornadasebprioicprj.com.br\/2022\/mesa-de-abertura-e-plenarias\/\" target=\"_blank\" rel=\"noopener\">On-line<\/a><\/span><\/p>\n<p>&nbsp;<\/p>\n<p><span style=\"font-family: Georgia, Palatino; color: #000000;\"><span style=\"font-family: source-sans-pro-black;\">08h30<\/span> \u2013 Abertura da sala no Sympla<\/span><\/p>\n<p><span style=\"font-family: Georgia, Palatino; color: #000000;\"><span style=\"font-family: source-sans-pro-black;\">09h00 \u00e0s 10h00<\/span> \u2013 Mesa de Abertura<\/span><\/p>\n<p style=\"padding-left: 40px;\"><span style=\"font-family: Georgia, Palatino; color: #000000;\">Ruth Cohen \u2013 <em>Diretora da Se\u00e7\u00e3o-Rio da EBP<\/em><\/span><br \/>\n<span style=\"font-family: Georgia, Palatino; color: #000000;\">M\u00e1rcia Zucchi \u2013 <em>Diretora do ICP-RJ<\/em><\/span><br \/>\n<span style=\"font-family: Georgia, Palatino; color: #000000;\">Ang\u00e9lica Bastos \u2013 <em>Presidente da Se\u00e7\u00e3o-Rio da EBP<\/em><\/span><br \/>\n<span style=\"font-family: Georgia, Palatino; color: #000000;\">Maricia Ciscato \u2013 <em>pelo Coletivo de Organiza\u00e7\u00e3o das 29as Jornadas<\/em><\/span><br \/>\n<span style=\"font-family: Georgia, Palatino; color: #000000;\">Ana Lucia Luterbach \u2013 <em>Coordenadora das 29as Jornadas\u00a0<\/em><\/span><\/p>\n<p>&nbsp;<\/p>\n<p><span style=\"font-family: Georgia, Palatino; color: #000000;\"><span style=\"font-family: source-sans-pro-black;\">10h15 \u00e0s 12h00<\/span> \u2013 <a href=\"https:\/\/jornadasebprioicprj.com.br\/2022\/eixo-1-psicanalise-e-politica-ativismo-revisitado\/\" target=\"_blank\" rel=\"noopener\"><span style=\"font-family: source-sans-pro-black;\">Plen\u00e1ria 1 &#8211; Psican\u00e1lise e pol\u00edtica: ativismo revisitado<\/span><\/a><\/span><\/p>\n<p style=\"padding-left: 40px;\"><span style=\"font-family: Georgia, Palatino; color: #000000;\">Helena Silvestre, Marcus Andr\u00e9 Vieira e Andr\u00e9a Reis Santos<\/span><\/p>\n<p style=\"padding-left: 40px;\"><span style=\"font-family: Georgia, Palatino; color: #808080;\">(Leia <a style=\"color: #808080;\" href=\"https:\/\/jornadasebprioicprj.com.br\/2022\/wp-content\/uploads\/2022\/11\/Marcus-Andre-Vieira-Carta-para-Helena-Silvestre.pdf\" target=\"_blank\" rel=\"noopener\"><span style=\"font-family: source-sans-pro-black;\">aqui<\/span><\/a> a carta que Marcus Andr\u00e9 Vieira enviou para Helena Silvestre para dar in\u00edcio \u00e0 conversa da Plen\u00e1ria 1)<\/span><\/p>\n<p>&nbsp;<\/p>\n<p><span style=\"font-family: Georgia, Palatino; color: #999999;\"><span style=\"font-family: source-sans-pro-black;\">12h00 \u00e0s 14h00<\/span> \u2013 Intervalo<\/span><\/p>\n<p>&nbsp;<\/p>\n<p><span style=\"font-family: Georgia, Palatino; color: #000000;\"><span style=\"font-family: source-sans-pro-black;\">14h00 \u00e0s 15h45<\/span> \u2013 <a href=\"https:\/\/jornadasebprioicprj.com.br\/2022\/eixo-2-bolhas-hashtags-engajamento-incidencias-digitais\/\" target=\"_blank\" rel=\"noopener\"><span style=\"font-family: source-sans-pro-black;\">Plen\u00e1ria 2 &#8211; Bolhas, hashtags e engajamento: incid\u00eancias digitais<\/span><\/a><\/span><\/p>\n<p style=\"padding-left: 40px;\"><span style=\"font-family: Georgia, Palatino; color: #000000;\">Fernanda Bruno, Cristina Frederico e Rodrigo Lyra<\/span><\/p>\n<p>&nbsp;<\/p>\n<p><span style=\"font-family: Georgia, Palatino; color: #000000;\"><span style=\"font-family: source-sans-pro-black;\">16h00 \u00e0s 17h45<\/span> \u2013 <a href=\"https:\/\/jornadasebprioicprj.com.br\/2022\/eixo-3-autorizar-se-contando-com-alguns-outros\/\" target=\"_blank\" rel=\"noopener\"><span style=\"font-family: source-sans-pro-black;\">Plen\u00e1ria 3 &#8211; Autorizar-se com alguns outros<\/span><\/a><\/span><\/p>\n<p style=\"padding-left: 40px;\"><span style=\"font-family: Georgia, Palatino; color: #000000;\">Renata Mendon\u00e7a, Maria do Ros\u00e1rio C. do R\u00eago Barros e Ana Tereza Groisman<\/span><\/p>\n<p>&nbsp;<\/p>\n<p><span style=\"font-family: Georgia, Palatino; color: #000000;\"><span style=\"font-family: source-sans-pro-black;\">17h45 \u00e0s 18h00<\/span> \u2013 Lan\u00e7amento de Latusa 26 com Andr\u00e9a Reis Santos\u00a0<\/span><span style=\"font-family: Georgia, Palatino; color: #808080;\">(Veja <a href=\"https:\/\/jornadasebprioicprj.com.br\/2022\/wp-content\/uploads\/2022\/11\/Latusa-26-Sumario-1.pdf\" target=\"_blank\" rel=\"noopener\"><span style=\"font-family: source-sans-pro-black; color: #333333;\">aqui<\/span><\/a> o Sum\u00e1rio de Latusa 26)<\/span><\/p>\n<p><span style=\"font-family: Georgia, Palatino; color: #000000;\"><span style=\"font-family: source-sans-pro-black;\">18h00 \u00e0s 18h05<\/span> \u2013 Breves orienta\u00e7\u00f5es sobre o encontro presencial<\/span><\/p>\n<p>&nbsp;<\/p>\n<p>&nbsp;<\/p>\n<p><span style=\"color: #000000; font-family: source-sans-pro-black; font-size: 18pt;\">05.11.22 &#8211; Presencial<br \/>\n<span style=\"font-size: 14pt;\"><a href=\"https:\/\/jornadasebprioicprj.com.br\/2022\/local-2\/\" target=\"_blank\" rel=\"noopener\">Col\u00e9gio Brasileiro de Altos Estudos da UFRJ<\/a> &#8211; <a href=\"https:\/\/www.google.com\/maps\/place\/Av.+Rui+Barbosa,+762+-+Flamengo,+Rio+de+Janeiro+-+RJ,+22250-020\/@-22.9425834,-43.1744513,17z\/data=!3m1!4b1!4m5!3m4!1s0x998020832ef7e5:0xcb921218de821df2!8m2!3d-22.9425834!4d-43.1744513\" target=\"_blank\" rel=\"noopener\">Avenida Rui Barbosa, 762, Flamengo<\/a>\u00a0<\/span><\/span><\/p>\n<p>&nbsp;<\/p>\n<p><span style=\"color: #000000; font-family: Georgia, Palatino;\"><span style=\"font-family: source-sans-pro-black;\">14h00<\/span> \u2013 Credenciamento e Abertura do Bazar da Biblioteca<\/span><\/p>\n<p><span style=\"font-family: Georgia, Palatino; color: #000000;\"><span style=\"font-family: source-sans-pro-black;\">15h00 \u00e0s 17h00<\/span> \u2013 <a href=\"https:\/\/jornadasebprioicprj.com.br\/2022\/pequenos-grupos-de-trabalho\/\" target=\"_blank\" rel=\"noopener\"><span style=\"font-family: source-sans-pro-black;\">Pequenos grupos de trabalho<\/span><\/a><\/span><\/p>\n<p><span style=\"font-family: Georgia, Palatino; color: #000000;\"><span style=\"font-family: source-sans-pro-black;\">17h00 \u00e0s 17h30<\/span> \u2013 Encerramento<\/span><\/p>\n<p><span style=\"font-family: Georgia, Palatino; color: #000000;\"><span style=\"font-family: source-sans-pro-black;\">18h30<\/span> \u2013 Confraterniza\u00e7\u00e3o no <em>Severyna<\/em> <span style=\"font-size: 10pt;\">(Rua. Ipiranga, 54 &#8211; Laranjeiras)<\/span><\/span><\/p>\n<p>&nbsp;<\/p>\n","protected":false},"excerpt":{"rendered":"<p>[vc_row][vc_column][vc_single_image image=&#8221;101&#8243; img_size=&#8221;full&#8221;][vc_empty_space height=&#8221;50px&#8221;][vc_column_text] Programa completo &nbsp; &nbsp; 04.05.11 &#8211; On-line &nbsp; 08h30 \u2013 Abertura da sala no Sympla 09h00 \u00e0s 10h00 \u2013 Mesa de Abertura Ruth Cohen \u2013 Diretora da Se\u00e7\u00e3o-Rio da EBP M\u00e1rcia Zucchi \u2013 Diretora do ICP-RJ Ang\u00e9lica Bastos \u2013 Presidente da Se\u00e7\u00e3o-Rio da EBP Maricia Ciscato \u2013 pelo Coletivo de Organiza\u00e7\u00e3o [&hellip;]<\/p>\n","protected":false},"author":1,"featured_media":0,"parent":0,"menu_order":0,"comment_status":"closed","ping_status":"closed","template":"","meta":{"footnotes":""},"class_list":["post-362","page","type-page","status-publish","hentry"],"_links":{"self":[{"href":"https:\/\/jornadasebprioicprj.com.br\/2022\/wp-json\/wp\/v2\/pages\/362","targetHints":{"allow":["GET"]}}],"collection":[{"href":"https:\/\/jornadasebprioicprj.com.br\/2022\/wp-json\/wp\/v2\/pages"}],"about":[{"href":"https:\/\/jornadasebprioicprj.com.br\/2022\/wp-json\/wp\/v2\/types\/page"}],"author":[{"embeddable":true,"href":"https:\/\/jornadasebprioicprj.com.br\/2022\/wp-json\/wp\/v2\/users\/1"}],"replies":[{"embeddable":true,"href":"https:\/\/jornadasebprioicprj.com.br\/2022\/wp-json\/wp\/v2\/comments?post=362"}],"version-history":[{"count":10,"href":"https:\/\/jornadasebprioicprj.com.br\/2022\/wp-json\/wp\/v2\/pages\/362\/revisions"}],"predecessor-version":[{"id":365,"href":"https:\/\/jornadasebprioicprj.com.br\/2022\/wp-json\/wp\/v2\/pages\/362\/revisions\/365"}],"wp:attachment":[{"href":"https:\/\/jornadasebprioicprj.com.br\/2022\/wp-json\/wp\/v2\/media?parent=362"}],"curies":[{"name":"wp","href":"https:\/\/api.w.org\/{rel}","templated":true}]}}