{"id":349,"date":"2022-10-17T19:47:25","date_gmt":"2022-10-17T22:47:25","guid":{"rendered":"https:\/\/jornadasebprioicprj.com.br\/2022\/?page_id=349"},"modified":"2022-10-18T16:32:27","modified_gmt":"2022-10-18T19:32:27","slug":"uma-conversa-com-miquel-bassols","status":"publish","type":"page","link":"https:\/\/jornadasebprioicprj.com.br\/2022\/uma-conversa-com-miquel-bassols\/","title":{"rendered":"Uma conversa com Miquel Bassols"},"content":{"rendered":"[vc_row][vc_column][vc_single_image image=&#8221;101&#8243; img_size=&#8221;full&#8221;][vc_empty_space height=&#8221;50px&#8221;][vc_column_text]\n<h1><\/h1>\n<h1><span style=\"font-family: source-sans-pro-black;\">Uma conversa com Miquel Bassols<\/span><\/h1>\n<p>&nbsp;<\/p>\n<p>&nbsp;<\/p>\n<p>&nbsp;<\/p>\n<p><span style=\"font-family: Georgia, Palatino; color: #000000;\"><span style=\"font-family: source-sans-pro-black; color: #ff0000; font-size: 36pt;\">E<\/span>m 2021, Miquel Bassols foi convidado para uma confer\u00eancia sobre os efeitos da pandemia em nossas <a href=\"https:\/\/jornadasebprioicprj.com.br\/2021\/\" target=\"_blank\" rel=\"noopener\"><span style=\"font-family: source-sans-pro-black;\">28as Jornadas Cl\u00ednicas, Os nomes da vida<\/span><\/a> . Com o intuito de extrairmos consequ\u00eancias de uma Jornada sobre a seguinte, voltamos \u00e0 sua confer\u00eancia. Dela, destacamos alguns pontos, evidenciando o que Bassols denominou na ocasi\u00e3o, apoiado em Lacan, de um \u201cc\u00e1lculo coletivo\u201d \u2013 tema que toca nossas <strong><em>29as Jornadas Cl\u00ednicas, L\u00f3gicas coletivas nos tempos que correm<\/em><\/strong>.<\/span><\/p>\n<p><span style=\"font-family: Georgia, Palatino; color: #000000;\">Leia mais <span style=\"font-family: source-sans-pro-black;\"><a href=\"https:\/\/jornadasebprioicprj.com.br\/2022\/wp-content\/uploads\/2022\/10\/Uma-conversa-com-Miquel-Bassols.pdf\" target=\"_blank\" rel=\"noopener\">aqui<\/a><\/span> sobre as perguntas formuladas \u00e0 Bassols e\u00a0 veja abaixo suas respostas em conversa com Ana L\u00facia Lutterbach.<\/span><\/p>\n<p>&nbsp;<\/p>\n[\/vc_column_text][vc_empty_space height=&#8221;50px&#8221;][vc_video link=&#8221;https:\/\/youtu.be\/-VDze8JfZIM&#8221;][\/vc_column][\/vc_row]\n","protected":false},"excerpt":{"rendered":"<p>[vc_row][vc_column][vc_single_image image=&#8221;101&#8243; img_size=&#8221;full&#8221;][vc_empty_space height=&#8221;50px&#8221;][vc_column_text] Uma conversa com Miquel Bassols &nbsp; &nbsp; &nbsp; Em 2021, Miquel Bassols foi convidado para uma confer\u00eancia sobre os efeitos da pandemia em nossas 28as Jornadas Cl\u00ednicas, Os nomes da vida . Com o intuito de extrairmos consequ\u00eancias de uma Jornada sobre a seguinte, voltamos \u00e0 sua confer\u00eancia. Dela, destacamos alguns [&hellip;]<\/p>\n","protected":false},"author":1,"featured_media":0,"parent":0,"menu_order":0,"comment_status":"closed","ping_status":"closed","template":"","meta":{"footnotes":""},"class_list":["post-349","page","type-page","status-publish","hentry"],"_links":{"self":[{"href":"https:\/\/jornadasebprioicprj.com.br\/2022\/wp-json\/wp\/v2\/pages\/349","targetHints":{"allow":["GET"]}}],"collection":[{"href":"https:\/\/jornadasebprioicprj.com.br\/2022\/wp-json\/wp\/v2\/pages"}],"about":[{"href":"https:\/\/jornadasebprioicprj.com.br\/2022\/wp-json\/wp\/v2\/types\/page"}],"author":[{"embeddable":true,"href":"https:\/\/jornadasebprioicprj.com.br\/2022\/wp-json\/wp\/v2\/users\/1"}],"replies":[{"embeddable":true,"href":"https:\/\/jornadasebprioicprj.com.br\/2022\/wp-json\/wp\/v2\/comments?post=349"}],"version-history":[{"count":4,"href":"https:\/\/jornadasebprioicprj.com.br\/2022\/wp-json\/wp\/v2\/pages\/349\/revisions"}],"predecessor-version":[{"id":354,"href":"https:\/\/jornadasebprioicprj.com.br\/2022\/wp-json\/wp\/v2\/pages\/349\/revisions\/354"}],"wp:attachment":[{"href":"https:\/\/jornadasebprioicprj.com.br\/2022\/wp-json\/wp\/v2\/media?parent=349"}],"curies":[{"name":"wp","href":"https:\/\/api.w.org\/{rel}","templated":true}]}}