{"id":235,"date":"2022-07-27T16:09:08","date_gmt":"2022-07-27T19:09:08","guid":{"rendered":"https:\/\/jornadasebprioicprj.com.br\/2022\/?page_id=235"},"modified":"2022-11-01T13:44:06","modified_gmt":"2022-11-01T16:44:06","slug":"local-2","status":"publish","type":"page","link":"https:\/\/jornadasebprioicprj.com.br\/2022\/local-2\/","title":{"rendered":"Local"},"content":{"rendered":"[vc_row][vc_column][vc_column_text]\n<p style=\"text-align: left;\">[\/vc_column_text][\/vc_column][\/vc_row][vc_row][vc_column][vc_single_image image=&#8221;101&#8243; img_size=&#8221;full&#8221;][\/vc_column][\/vc_row][vc_row][vc_column][vc_empty_space height=&#8221;50px&#8221;][vc_column_text<span style=\"color: #000000;\">]<\/span><\/p>\n<h3 style=\"text-align: left;\"><\/h3>\n<h1><span style=\"color: #000000; font-family: source-sans-pro-black;\">O Local<\/span><\/h1>\n<h6><span style=\"font-family: source-sans-pro-black;\">Algumas palavras sobre o Col\u00e9gio Brasileiro de Altos Estudos da UFRJ<\/span><\/h6>\n<p>&nbsp;<\/p>\n<p>&nbsp;<\/p>\n<h6 style=\"text-align: right;\"><span style=\"font-family: source-sans-pro-black; color: #000000; font-size: 12pt;\">Por Dinah Kleve<\/span><\/h6>\n<p>&nbsp;<\/p>\n<p style=\"text-align: left;\"><span style=\"color: #000000;\"><span style=\"font-family: Georgia, Palatino; color: #ff0000;\"><span style=\"font-family: source-sans-pro-black; font-size: 36pt;\">\u00a0<\/span><\/span><\/span><\/p>\n<p>&nbsp;<\/p>\n<p>&nbsp;<\/p>\n<p style=\"text-align: left;\"><span style=\"color: #000000;\"><span style=\"font-family: Georgia, Palatino; color: #ff0000;\"><span style=\"font-family: source-sans-pro-black; font-size: 36pt;\">D<\/span><\/span><span style=\"font-family: Georgia, Palatino;\">entre as muitas tarefas que se apresentam, ao longo da organiza\u00e7\u00e3o de nossas Jornadas Cl\u00ednicas, est\u00e1 a escolha do local em que o encontro dos \u201cPequenos grupos de trabalho\u201d<\/span><a style=\"font-family: Georgia, Palatino; color: #000000;\" href=\"#_ftn1\" name=\"_ftnref1\">[1]<\/a><span style=\"font-family: Georgia, Palatino;\"> vir\u00e1 a se realizar. Que paredes permitir\u00e3o que as vozes de seus participantes ecoem em meio ao vazio por elas formado? Para trabalhar as <\/span><em style=\"font-family: Georgia, Palatino;\">L\u00f3gicas coletivas nos tempos que correm<\/em><span style=\"font-family: Georgia, Palatino;\">, tivemos a felicidade de encontrar paredes impregnadas de hist\u00f3rias de parc<\/span><span style=\"font-family: Georgia, Palatino;\">eria e sustenta\u00e7\u00e3o que tamb\u00e9m falar\u00e3o conosco, num encontro, enfim, presencial.<\/span><span style=\"font-family: Georgia, Palatino;\">Abaixo, compartilhamos com voc\u00eas, um pouco da hist\u00f3ria do Col\u00e9gio Brasileiro de Altos Estudos da Universidade Federal do Rio de Janeiro, que pertente ao F\u00f3rum de Ci\u00eancia e Cultura da UFRJ:<\/span><\/span><\/p>\n<p>&nbsp;<\/p>\n<p><span style=\"font-family: Georgia, Palatino; color: #000000;\">\u201cO Col\u00e9gio Brasileiro de Altos Estudos da Universidade Federal do Rio de Janeiro, criado em 2004, tem por objetivos fomentar e promover pesquisas de ponta, acolher pesquisadores nacionais e estrangeiros com contribui\u00e7\u00e3o relevante para o conhecimento cient\u00edfico, a cultura e as artes, oferecendo-lhes condi\u00e7\u00f5es materiais e intelectuais para que ampliem e aprofundem seus estudos e reflex\u00f5es.<\/span><\/p>\n<p><span style=\"font-family: Georgia, Palatino; color: #000000;\">O local escolhido para a sua instala\u00e7\u00e3o foi o antigo Hotel Sete de Setembro, situado na <a href=\"https:\/\/www.google.com\/maps\/place\/Av.+Rui+Barbosa,+762+-+Flamengo,+Rio+de+Janeiro+-+RJ,+22250-020\/@-22.9425834,-43.1744513,17z\/data=!3m1!4b1!4m5!3m4!1s0x998020832ef7e5:0xcb921218de821df2!8m2!3d-22.9425834!4d-43.1744513\" target=\"_blank\" rel=\"noopener\">avenida Rui Barbosa, 762, no Flamengo<\/a> e constru\u00eddo pela Prefeitura do Rio de Janeiro, em 1922, para a exposi\u00e7\u00e3o internacional comemorativa do Centen\u00e1rio da Independ\u00eancia e tombado pelo Instituto Estadual de Patrim\u00f4nio Cultural. De 1926 a 1973, o pr\u00e9dio sediou o Internato da Escola de Enfermagem Anna Nery, da ent\u00e3o Universidade do Brasil. De\u00a0 1973 e 1995, abrigou a Casa do Estudante Universit\u00e1rio (CEU). Neste \u00faltimo per\u00edodo, foi palco de in\u00fameros eventos que marcaram a vida pol\u00edtica brasileira durante a transi\u00e7\u00e3o do regime militar para a ordem democr\u00e1tica, pois foi local de reuni\u00e3o de partidos pol\u00edticos ainda confinados \u00e0 ilegalidade ou em processo de constitui\u00e7\u00e3o, movimentos sociais organizados e o Comit\u00ea Brasileiro pela Anistia.<\/span><\/p>\n<p><span style=\"font-family: Georgia, Palatino; color: #000000;\">Depois de conclu\u00edda a recupera\u00e7\u00e3o do pr\u00e9dio anexo e da realiza\u00e7\u00e3o de algumas reformas estruturais no pr\u00e9dio principal, a UFRJ, agora, engaja-se no processo de restaura\u00e7\u00e3o, para instalar o CBAE e restituir este patrim\u00f4nio \u00e0 cidade, ao estado e ao pa\u00eds.\u201d<a style=\"color: #000000;\" href=\"#_ftn2\" name=\"_ftnref2\">[2]<\/a><\/span><\/p>\n<p>&nbsp;<\/p>\n<hr \/>\n<p><span style=\"font-family: Georgia, Palatino; color: #000000;\"><a style=\"color: #000000;\" href=\"#_ftn2\" name=\"_ftnref2\"><\/a><\/span><\/p>\n<p><span style=\"font-family: source-sans-pro-black; color: #000000;\"><a style=\"color: #000000;\" href=\"#_ftnref1\" name=\"_ftn1\">[1]<\/a> Para mais informa\u00e7\u00e3o, conferir em &#8216;Programa&#8217;, <a href=\"https:\/\/jornadasebprioicprj.com.br\/2022\/pequenos-grupos-de-trabalho\/\" target=\"_blank\" rel=\"noopener\">Pequenos grupos de trabalho<\/a>, no site das 29as Jornadas.<\/span><\/p>\n<p><span style=\"font-family: source-sans-pro-black; color: #000000;\"><a style=\"color: #000000;\" href=\"#_ftnref2\" name=\"_ftn2\">[2]<\/a> Trechos extra\u00eddos de um <em>folder<\/em> informativo sobre o Col\u00e9gio Brasileiro de Altos Estudos, produzido pela pr\u00f3pria Universidade Federal do Rio de Janeiro.<\/span><\/p>\n<p>&nbsp;<\/p>\n<p style=\"text-align: left;\">[\/vc_column_text][\/vc_column][\/vc_row][vc_row][vc_column][vc_column_text]\n[\/vc_column_text][\/vc_column][\/vc_row]\n","protected":false},"excerpt":{"rendered":"<p>[vc_row][vc_column][vc_column_text] [\/vc_column_text][\/vc_column][\/vc_row][vc_row][vc_column][vc_single_image image=&#8221;101&#8243; img_size=&#8221;full&#8221;][\/vc_column][\/vc_row][vc_row][vc_column][vc_empty_space height=&#8221;50px&#8221;][vc_column_text] O Local Algumas palavras sobre o Col\u00e9gio Brasileiro de Altos Estudos da UFRJ &nbsp; &nbsp; Por Dinah Kleve &nbsp; \u00a0 &nbsp; &nbsp; Dentre as muitas tarefas que se apresentam, ao longo da organiza\u00e7\u00e3o de nossas Jornadas Cl\u00ednicas, est\u00e1 a escolha do local em que o encontro dos \u201cPequenos grupos de [&hellip;]<\/p>\n","protected":false},"author":1,"featured_media":0,"parent":0,"menu_order":0,"comment_status":"closed","ping_status":"closed","template":"","meta":{"footnotes":""},"class_list":["post-235","page","type-page","status-publish","hentry"],"_links":{"self":[{"href":"https:\/\/jornadasebprioicprj.com.br\/2022\/wp-json\/wp\/v2\/pages\/235","targetHints":{"allow":["GET"]}}],"collection":[{"href":"https:\/\/jornadasebprioicprj.com.br\/2022\/wp-json\/wp\/v2\/pages"}],"about":[{"href":"https:\/\/jornadasebprioicprj.com.br\/2022\/wp-json\/wp\/v2\/types\/page"}],"author":[{"embeddable":true,"href":"https:\/\/jornadasebprioicprj.com.br\/2022\/wp-json\/wp\/v2\/users\/1"}],"replies":[{"embeddable":true,"href":"https:\/\/jornadasebprioicprj.com.br\/2022\/wp-json\/wp\/v2\/comments?post=235"}],"version-history":[{"count":13,"href":"https:\/\/jornadasebprioicprj.com.br\/2022\/wp-json\/wp\/v2\/pages\/235\/revisions"}],"predecessor-version":[{"id":371,"href":"https:\/\/jornadasebprioicprj.com.br\/2022\/wp-json\/wp\/v2\/pages\/235\/revisions\/371"}],"wp:attachment":[{"href":"https:\/\/jornadasebprioicprj.com.br\/2022\/wp-json\/wp\/v2\/media?parent=235"}],"curies":[{"name":"wp","href":"https:\/\/api.w.org\/{rel}","templated":true}]}}