{"id":216,"date":"2022-07-25T08:49:36","date_gmt":"2022-07-25T11:49:36","guid":{"rendered":"https:\/\/jornadasebprioicprj.com.br\/2022\/?page_id=216"},"modified":"2022-10-05T15:39:32","modified_gmt":"2022-10-05T18:39:32","slug":"envio-de-trabalhos","status":"publish","type":"page","link":"https:\/\/jornadasebprioicprj.com.br\/2022\/envio-de-trabalhos\/","title":{"rendered":"Envio de Trabalhos (gr\u00e3os)"},"content":{"rendered":"<p><span style=\"color: #000000;\">aa[vc_row][vc_column][vc_column_text]<\/span><\/p>\n<p style=\"text-align: left;\"><span style=\"color: #000000;\">[\/vc_column_text][\/vc_column][\/vc_row][vc_row][vc_column][vc_single_image image=&#8221;101&#8243; img_size=&#8221;full&#8221;][\/vc_column][\/vc_row][vc_row][vc_column][vc_empty_space height=&#8221;50px&#8221;][vc_column_text]<\/span><\/p>\n<h3 style=\"text-align: left;\"><\/h3>\n<h1><span style=\"font-family: source-sans-pro-black; color: #000000;\">Envio de trabalho<\/span><span style=\"font-family: Georgia, Palatino; color: #000000;\"><strong><span style=\"font-family: source-sans-pro-black;\">s (gr\u00e3os)<\/span><\/strong><\/span><\/h1>\n<p>&nbsp;<\/p>\n<p>&nbsp;<\/p>\n<h6 style=\"text-align: right;\"><span style=\"font-family: source-sans-pro-black; color: #000000; font-size: 12pt;\">Por Dinah Kleve\u00a0 e Isabel Duarte<\/span><\/h6>\n<p>&nbsp;<\/p>\n<p>&nbsp;<\/p>\n<p style=\"text-align: left;\"><span style=\"color: #000000;\"><span style=\"color: #ff0000;\"><span style=\"font-family: source-sans-pro-black; font-size: 36pt;\">A <\/span><\/span><\/span>\u00a0l\u00f3<span style=\"font-family: Georgia, Palatino; color: #000000;\">gica coletiva nos tempos que correm tem n\u00e3o s\u00f3 norteado nossas pesquisas e elabora\u00e7\u00f5es na cria\u00e7\u00e3o destas 29as Jornadas Cl\u00ednicas, como tamb\u00e9m determinado o nosso pr\u00f3prio funcionamento enquanto sua comiss\u00e3o organizadora, aposta que decidimos estender \u00e0 realiza\u00e7\u00e3o dos <a href=\"https:\/\/jornadasebprioicprj.com.br\/2022\/pequenos-grupos-de-trabalho\/\" target=\"_blank\" rel=\"noopener\"><span style=\"font-family: source-sans-pro-black;\">Pequenos Grupos de Trabalho<\/span><\/a> que ocorrer\u00e3o no dia 05 de novembro, das 14h \u00e0s 17h15, no <a href=\"https:\/\/jornadasebprioicprj.com.br\/2022\/local-2\/\" target=\"_blank\" rel=\"noopener\"><span style=\"font-family: source-sans-pro-black;\">F\u00f3rum de Cultura da UFRJ<\/span><\/a>.<\/span><\/p>\n<p style=\"text-align: left;\"><span style=\"font-family: Georgia, Palatino; color: #000000;\">Os grupos funcionar\u00e3o concomitantemente, formados, cada um, por 10 a 15 pessoas e um anfitri\u00e3o, a quem caber\u00e1 <span style=\"font-family: source-sans-pro-black;\">\u201c<a href=\"https:\/\/jornadasebprioicprj.com.br\/2022\/pequenos-grupos-de-trabalho\/\" target=\"_blank\" rel=\"noopener\">receber, mas n\u00e3o conceder a palavra, que dever\u00e1 ser tomada por cada um<\/a>\u201d<\/span> .<\/span><\/p>\n<p style=\"text-align: left;\"><span style=\"font-family: Georgia, Palatino; color: #000000;\">O trabalho se organizar\u00e1 em torno de um dos Eixos, a partir de ao menos um gr\u00e3o, significante que elegemos para nomear a participa\u00e7\u00e3o dos integrantes do evento atrav\u00e9s de pequenos textos enviados previamente, que funcionar\u00e3o como disparadores da discuss\u00e3o.<\/span><\/p>\n<p style=\"text-align: left;\"><span style=\"font-family: Georgia, Palatino; color: #000000;\">A proposta \u00e9 que esses gr\u00e3os possam apresentar tanto vinhetas cl\u00ednicas que enfatizem os impasses do psicanalista nos tempos que correm, como quest\u00f5es com as quais o analista se depara em suas variadas pr\u00e1ticas na cidade, tendo como b\u00fassola a experi\u00eancia dos coletivos em seus mais diversos modos de exerc\u00edcio &#8211; movimentos sociais, escola, fam\u00edlia, \u00a0sa\u00fade mental etc.<\/span><\/p>\n<p style=\"text-align: left;\"><span style=\"font-family: Georgia, Palatino; color: #000000;\">Todos aqueles que se sentirem convocados pelos pontos abordados no <a href=\"https:\/\/jornadasebprioicprj.com.br\/2022\/lancamento-2\/\" target=\"_blank\" rel=\"noopener\"><span style=\"font-family: source-sans-pro-black;\">Lan\u00e7amento<\/span><\/a>, Leituras Preparat\u00f3rias, Argumentos dos Eixos e <a href=\"https:\/\/jornadasebprioicprj.com.br\/2022\/bibliografia-sugerida\/\" target=\"_blank\" rel=\"noopener\"><span style=\"font-family: source-sans-pro-black;\">textos de refer\u00eancia<\/span><\/a> presentes no site das jornadas, poder\u00e3o contribuir com o seu gr\u00e3o.<\/span><\/p>\n<p style=\"text-align: left;\"><span style=\"font-family: Georgia, Palatino; color: #000000;\">Gr\u00e3os de areia que incomodam dentro do cal\u00e7ado, mas que talvez possam vir a se transformar em p\u00e9rolas, ao ro\u00e7ar pelas bordas dos pequenos grupos, gr\u00e3os que se deem a reconhecer, uma vez germinados em seu solo, ou tantas mais surpresas que o trabalho venha a nos proporcionar.<\/span><\/p>\n<h6><\/h6>\n<p>&nbsp;<\/p>\n<p>&nbsp;<\/p>\n<p><span style=\"font-family: source-sans-pro-black; color: #000000;\">ATEN\u00c7\u00c3O: para o trabalho ser aceito, o autor precisa estar inscrito nas\u00a0 29as Jornadas.<\/span><\/p>\n<p>&nbsp;<\/p>\n<p>&nbsp;<\/p>\n<p>&nbsp;<\/p>\n<h6><span style=\"font-family: source-sans-pro-black; color: #000000;\">Normas de envio<\/span><\/h6>\n<p>&nbsp;<\/p>\n<ul>\n<li><span style=\"font-family: source-sans-pro-black; color: #000000; font-size: 10pt;\">2000 caracteres com espa\u00e7o<\/span><\/li>\n<li><span style=\"font-family: Georgia, Palatino; color: #000000; font-size: 10pt;\"><span style=\"font-family: source-sans-pro-black;\">Fonte<\/span>: Times New Romain; tamanho: 12; espa\u00e7amento: 1,5; par\u00e1grafo justificado<\/span><\/li>\n<li><span style=\"font-family: Georgia, Palatino; color: #000000; font-size: 10pt;\"><span style=\"font-family: source-sans-pro-black;\">E-mail de envio<\/span>: infrajornadasebprioicprj@gmail.com<\/span><\/li>\n<li><span style=\"font-family: Georgia, Palatino; color: #000000; font-size: 10pt;\"><span style=\"font-family: source-sans-pro-black;\">Assunto do e-mail<\/span>: t\u00edtulo do trabalho, autoria e Eixo ao qual o trabalho se destina<\/span><\/li>\n<li><span style=\"font-family: Georgia, Palatino; color: #000000; font-size: 10pt;\"><span style=\"font-family: source-sans-pro-black;\">Prazo de envio<\/span>: 10 de outubro<\/span><\/li>\n<\/ul>\n<h6><\/h6>\n<p>&nbsp;<\/p>\n<p><span style=\"color: #000000;\">[\/vc_column_text][\/vc_column][\/vc_row][vc_row][vc_column][vc_column_text]<\/span><\/p>\n<p><span style=\"color: #000000;\">[\/vc_column_text][\/vc_column][\/vc_row]<\/span><\/p>\n","protected":false},"excerpt":{"rendered":"<p>aa[vc_row][vc_column][vc_column_text] [\/vc_column_text][\/vc_column][\/vc_row][vc_row][vc_column][vc_single_image image=&#8221;101&#8243; img_size=&#8221;full&#8221;][\/vc_column][\/vc_row][vc_row][vc_column][vc_empty_space height=&#8221;50px&#8221;][vc_column_text] Envio de trabalhos (gr\u00e3os) &nbsp; &nbsp; Por Dinah Kleve\u00a0 e Isabel Duarte &nbsp; &nbsp; A \u00a0l\u00f3gica coletiva nos tempos que correm tem n\u00e3o s\u00f3 norteado nossas pesquisas e elabora\u00e7\u00f5es na cria\u00e7\u00e3o destas 29as Jornadas Cl\u00ednicas, como tamb\u00e9m determinado o nosso pr\u00f3prio funcionamento enquanto sua comiss\u00e3o organizadora, aposta que decidimos estender [&hellip;]<\/p>\n","protected":false},"author":1,"featured_media":0,"parent":0,"menu_order":0,"comment_status":"closed","ping_status":"closed","template":"","meta":{"footnotes":""},"class_list":["post-216","page","type-page","status-publish","hentry"],"_links":{"self":[{"href":"https:\/\/jornadasebprioicprj.com.br\/2022\/wp-json\/wp\/v2\/pages\/216","targetHints":{"allow":["GET"]}}],"collection":[{"href":"https:\/\/jornadasebprioicprj.com.br\/2022\/wp-json\/wp\/v2\/pages"}],"about":[{"href":"https:\/\/jornadasebprioicprj.com.br\/2022\/wp-json\/wp\/v2\/types\/page"}],"author":[{"embeddable":true,"href":"https:\/\/jornadasebprioicprj.com.br\/2022\/wp-json\/wp\/v2\/users\/1"}],"replies":[{"embeddable":true,"href":"https:\/\/jornadasebprioicprj.com.br\/2022\/wp-json\/wp\/v2\/comments?post=216"}],"version-history":[{"count":18,"href":"https:\/\/jornadasebprioicprj.com.br\/2022\/wp-json\/wp\/v2\/pages\/216\/revisions"}],"predecessor-version":[{"id":347,"href":"https:\/\/jornadasebprioicprj.com.br\/2022\/wp-json\/wp\/v2\/pages\/216\/revisions\/347"}],"wp:attachment":[{"href":"https:\/\/jornadasebprioicprj.com.br\/2022\/wp-json\/wp\/v2\/media?parent=216"}],"curies":[{"name":"wp","href":"https:\/\/api.w.org\/{rel}","templated":true}]}}