{"id":187,"date":"2022-07-21T18:33:15","date_gmt":"2022-07-21T21:33:15","guid":{"rendered":"https:\/\/jornadasebprioicprj.com.br\/2022\/?page_id=187"},"modified":"2022-08-17T07:47:29","modified_gmt":"2022-08-17T10:47:29","slug":"mesa-de-abertura-e-plenarias","status":"publish","type":"page","link":"https:\/\/jornadasebprioicprj.com.br\/2022\/mesa-de-abertura-e-plenarias\/","title":{"rendered":"04.11.22 &#8211; Plen\u00e1rias | On-line"},"content":{"rendered":"<p><span style=\"color: #000000; font-family: Georgia, Palatino;\">[vc_row][vc_column][vc_single_image image=&#8221;101&#8243; img_size=&#8221;full&#8221;][\/vc_column][\/vc_row][vc_row][vc_column][vc_empty_space height=&#8221;50px&#8221;][vc_column_text]<\/span><\/p>\n<p>&nbsp;<\/p>\n<h1><span style=\"color: #000000; font-family: source-sans-pro-black;\">Mesa de Abertura e Plen\u00e1rias<\/span><\/h1>\n<h4><span style=\"color: #000000; font-family: source-sans-pro-black;\">Atividade <em>on-line<\/em><\/span><\/h4>\n<h4><span style=\"color: #000000; font-family: source-sans-pro-black;\">04\/11\/22 &#8211; 8h30 \u00e0s 17h45<\/span><\/h4>\n<p><span style=\"color: #000000; font-family: Georgia, Palatino;\"><strong>\u00a0<\/strong><\/span><\/p>\n<p>&nbsp;<\/p>\n<p><span style=\"color: #000000; font-family: Georgia, Palatino;\"><span style=\"font-family: source-sans-pro-black; font-size: 36pt; color: #ff0000;\">N<\/span>o dia 04 de novembro teremos \u2013 al\u00e9m da<em> Mesa de Abertura<\/em> das 29as Jornadas \u2013 tr\u00eas plen\u00e1rias <em>on-line<\/em>. Cada uma delas est\u00e1 sendo constru\u00edda com muito desejo, numa troca estimulante com convidados escolhidos a dedo. O intuito \u00e9 que, nas plen\u00e1rias, possamos avan\u00e7ar sobre as quest\u00f5es levantadas em cada um dos eixos das Jornadas sobre os usos e fun\u00e7\u00f5es de diferentes coletivos nas subjetividades nos tempos que correm. Introduzimos perguntas em diferentes universos, passando pelos ativismos atuais, pelas bolhas da internet e pela proposta de Lacan para a Escola de psican\u00e1lise, buscando torcer poss\u00edveis respostas prontas para nos implicarmos na constru\u00e7\u00e3o de elabora\u00e7\u00f5es que toquem nossa pr\u00e1tica como analista e contribuam para que avancemos com as leituras de nossa \u00e9poca.<\/span><\/p>\n<p><span style=\"color: #000000; font-family: Georgia, Palatino;\">Esperamos poder recolher as resson\u00e2ncias das plen\u00e1rias na atividade presencial que ocorrer\u00e1 no dia 05 de novembro, na qual ter\u00e3o lugar os <em>pequenos grupos de trabalho<\/em>, que contar\u00e3o com a contribui\u00e7\u00e3o de todos (mais informa\u00e7\u00f5es no site em <a href=\"https:\/\/jornadasebprioicprj.com.br\/2022\/pequenos-grupos-de-trabalho\/\" target=\"_blank\" rel=\"noopener\"><span style=\"font-family: source-sans-pro-black;\">Pequenos grupos de trabalho<\/span><\/a> e em <a href=\"https:\/\/jornadasebprioicprj.com.br\/2022\/envio-de-trabalhos\/\" target=\"_blank\" rel=\"noopener\"><span style=\"font-family: source-sans-pro-black;\">Envio de trabalho<\/span><\/a>). Participem!<\/span><\/p>\n<p>&nbsp;<\/p>\n<p>&nbsp;<\/p>\n<p>&nbsp;<\/p>\n<h4><span style=\"color: #000000; font-family: source-sans-pro-black;\">Plen\u00e1ria 1. Psican\u00e1lise e Pol\u00edtica: ativismo revisitado<\/span><\/h4>\n<p>&nbsp;<\/p>\n<p><span style=\"color: #000000; font-family: Georgia, Palatino;\">Anima: <span style=\"font-family: source-sans-pro-black;\">Andr\u00e9a Reis Santos<\/span> (Membro da EBP\/AMP)<\/span><\/p>\n<p><span style=\"color: #000000; font-family: Georgia, Palatino;\">Conversam:<\/span><\/p>\n<p><span style=\"color: #000000; font-family: Georgia, Palatino;\"><span style=\"font-family: source-sans-pro-black;\">Marcus Andr\u00e9 Vieira<\/span> (AME, Membro da EBP\/AMP)<\/span><\/p>\n<p><span style=\"color: #000000; font-family: Georgia, Palatino;\"><span style=\"font-family: source-sans-pro-black;\">Helena Silvestre<\/span> (Afroind\u00edgena desterrada. Meio favela, meio matuta, meio cigarra, meio formiga. Corpo de fronteira. Escritora, compositora, educadora popular. Libertaire.)<\/span><\/p>\n<p><span style=\"color: #000000; font-family: Georgia, Palatino;\">Helena Silvestre \u00e9 uma convidada muito especial, instigante e dissidente (como se apresentou em uma reuni\u00e3o das Jornadas), que nos ajudar\u00e1 a pensar sobre diferentes usos de coletivos ativistas a partir de suas constru\u00e7\u00f5es e elabora\u00e7\u00f5es. \u00c9 autora do precioso livro \u201cNotas sobre a fome\u201d, cuja leitura recomendamos fortemente (mais informa\u00e7\u00f5es em <span style=\"font-family: source-sans-pro-black;\"><a href=\"https:\/\/jornadasebprioicprj.com.br\/2022\/bibliografia-sugerida\/\" target=\"_blank\" rel=\"noopener\">Bibliografia Sugerida<\/a><\/span> no site das Jornadas).<\/span><\/p>\n<p>&nbsp;<\/p>\n<p>&nbsp;<\/p>\n<p>&nbsp;<\/p>\n<h4><span style=\"color: #000000; font-family: source-sans-pro-black;\">Plen\u00e1ria 2. Bolhas, hashtags, engajamento: incid\u00eancias digitais<\/span><\/h4>\n<p>&nbsp;<\/p>\n<p><span style=\"color: #000000; font-family: Georgia, Palatino;\">Anima: <span style=\"font-family: source-sans-pro-black;\">Rodrigo Lyra<\/span> (Membro da EBP\/AMP)<\/span><\/p>\n<p><span style=\"color: #000000; font-family: Georgia, Palatino;\">Conversam:<\/span><\/p>\n<p><span style=\"color: #000000; font-family: Georgia, Palatino;\"><span style=\"font-family: source-sans-pro-black;\">Cristina Frederico<\/span> (Membro da EBP\/AMP)<\/span><\/p>\n<p><span style=\"color: #000000; font-family: Georgia, Palatino;\"><span style=\"font-family: source-sans-pro-black;\">Fernanda Bruno<\/span> (Professora do Programa de P\u00f3s-Gradua\u00e7\u00e3o em Comunica\u00e7\u00e3o e Cultura e do Instituto de Psicologia da UFRJ e coordenadora do MediaLab)<\/span><\/p>\n<p><span style=\"color: #000000; font-family: Georgia, Palatino;\">Fernanda Bruno tem uma enorme produ\u00e7\u00e3o sobre o impacto das redes nas subjetividades; \u00e9 uma cr\u00edtica atenta e perspicaz sobre quest\u00f5es da internet que incidem no cotidiano de todos, \u00e0s vezes sem percebermos. Vale a pena acompanhar os v\u00eddeos de Fernanda que est\u00e3o dispon\u00edveis na <span style=\"font-family: source-sans-pro-black;\"><a href=\"https:\/\/jornadasebprioicprj.com.br\/2022\/bibliografia-sugerida\/\" target=\"_blank\" rel=\"noopener\">Bibliografia Sugerida<\/a><\/span>\u00a0das Jornadas.<\/span><\/p>\n<p>&nbsp;<\/p>\n<p>&nbsp;<\/p>\n<p>&nbsp;<\/p>\n<h4><span style=\"color: #000000; font-family: source-sans-pro-black;\">Plen\u00e1ria 3. Autorizar-se contando com alguns outros<\/span><\/h4>\n<p>&nbsp;<\/p>\n<p><span style=\"color: #000000; font-family: Georgia, Palatino;\">Anima: <span style=\"font-family: source-sans-pro-black;\">Ana Tereza Groisman<\/span> (Membro da EBP\/AMP)<\/span><\/p>\n<p><span style=\"color: #000000; font-family: Georgia, Palatino;\">Conversam:<\/span><\/p>\n<p><span style=\"color: #000000; font-family: Georgia, Palatino;\"><span style=\"font-family: source-sans-pro-black;\">Maria do Ros\u00e1rio Collier do R\u00eago Barros<\/span> (AME, Membro da EBP\/AMP)<\/span><\/p>\n<p><span style=\"color: #000000; font-family: Georgia, Palatino;\"><span style=\"font-family: source-sans-pro-black;\">Renata Mendon\u00e7a<\/span> (Psicanalista, uma das respons\u00e1veis pelo Ateli\u00ea Psican\u00e1lise e Segrega\u00e7\u00e3o do IPSMMG, pesquisadora do Ocupa\u00e7\u00e3o MG &#8211; PSILACS-UFMG)<\/span><\/p>\n<p><span style=\"color: #000000; font-family: Georgia, Palatino;\">Renata Mendon\u00e7a \u00e9 uma colega que tem trabalhado na Se\u00e7\u00e3o-Rio da EBP ao longo de 2022 e levantado quest\u00f5es fundamentais n\u00e3o apenas a partir de sua experi\u00eancia cl\u00ednica como psicanalista, mas tamb\u00e9m a partir de sua experi\u00eancia em coletivos importantes em nosso contexto. Seu trabalho tamb\u00e9m pode ser acompanhado a partir das notas e textos referentes ao Semin\u00e1rio \u201cPsican\u00e1lise e Pol\u00edtica\u201d, dispon\u00edveis atrav\u00e9s do site das Jornadas em <span style=\"font-family: source-sans-pro-black;\"><a href=\"https:\/\/jornadasebprioicprj.com.br\/2022\/bibliografia-sugerida\/\" target=\"_blank\" rel=\"noopener\">Bibliografia Sugerida<\/a><\/span>.<\/span><\/p>\n<p>&nbsp;<\/p>\n<p>&nbsp;<\/p>\n<p><span style=\"color: #000000; font-family: Georgia, Palatino;\">[\/vc_column_text][\/vc_column][\/vc_row][vc_row][vc_column][vc_column_text]<\/span><\/p>\n<p><span style=\"color: #000000; font-family: Georgia, Palatino;\">[\/vc_column_text][\/vc_column][\/vc_row]<\/span><\/p>\n","protected":false},"excerpt":{"rendered":"<p>[vc_row][vc_column][vc_single_image image=&#8221;101&#8243; img_size=&#8221;full&#8221;][\/vc_column][\/vc_row][vc_row][vc_column][vc_empty_space height=&#8221;50px&#8221;][vc_column_text] &nbsp; Mesa de Abertura e Plen\u00e1rias Atividade on-line 04\/11\/22 &#8211; 8h30 \u00e0s 17h45 \u00a0 &nbsp; No dia 04 de novembro teremos \u2013 al\u00e9m da Mesa de Abertura das 29as Jornadas \u2013 tr\u00eas plen\u00e1rias on-line. Cada uma delas est\u00e1 sendo constru\u00edda com muito desejo, numa troca estimulante com convidados escolhidos a dedo. [&hellip;]<\/p>\n","protected":false},"author":1,"featured_media":0,"parent":0,"menu_order":0,"comment_status":"closed","ping_status":"closed","template":"","meta":{"footnotes":""},"class_list":["post-187","page","type-page","status-publish","hentry"],"_links":{"self":[{"href":"https:\/\/jornadasebprioicprj.com.br\/2022\/wp-json\/wp\/v2\/pages\/187","targetHints":{"allow":["GET"]}}],"collection":[{"href":"https:\/\/jornadasebprioicprj.com.br\/2022\/wp-json\/wp\/v2\/pages"}],"about":[{"href":"https:\/\/jornadasebprioicprj.com.br\/2022\/wp-json\/wp\/v2\/types\/page"}],"author":[{"embeddable":true,"href":"https:\/\/jornadasebprioicprj.com.br\/2022\/wp-json\/wp\/v2\/users\/1"}],"replies":[{"embeddable":true,"href":"https:\/\/jornadasebprioicprj.com.br\/2022\/wp-json\/wp\/v2\/comments?post=187"}],"version-history":[{"count":14,"href":"https:\/\/jornadasebprioicprj.com.br\/2022\/wp-json\/wp\/v2\/pages\/187\/revisions"}],"predecessor-version":[{"id":300,"href":"https:\/\/jornadasebprioicprj.com.br\/2022\/wp-json\/wp\/v2\/pages\/187\/revisions\/300"}],"wp:attachment":[{"href":"https:\/\/jornadasebprioicprj.com.br\/2022\/wp-json\/wp\/v2\/media?parent=187"}],"curies":[{"name":"wp","href":"https:\/\/api.w.org\/{rel}","templated":true}]}}