{"id":185,"date":"2022-07-21T18:31:59","date_gmt":"2022-07-21T21:31:59","guid":{"rendered":"https:\/\/jornadasebprioicprj.com.br\/2022\/?page_id=185"},"modified":"2022-11-10T15:58:31","modified_gmt":"2022-11-10T18:58:31","slug":"2a-leitura-preparatoria","status":"publish","type":"page","link":"https:\/\/jornadasebprioicprj.com.br\/2022\/2a-leitura-preparatoria\/","title":{"rendered":"24.10.22 &#8211; 2\u00aa Leitura Preparat\u00f3ria | On-line"},"content":{"rendered":"<p><span style=\"font-family: Georgia, Palatino;\">[vc_row][vc_column][vc_single_image image=&#8221;101&#8243; img_size=&#8221;full&#8221;][\/vc_column][\/vc_row][vc_row][vc_column][vc_empty_space height=&#8221;50px&#8221;][vc_column_text]<\/span><\/p>\n<p>&nbsp;<\/p>\n<h4><span style=\"font-family: source-sans-pro-black;\">2\u00aa Leitura Preparat\u00f3ria <\/span><\/h4>\n<h4><span style=\"font-family: source-sans-pro-black;\">24\/10\/22 &#8211; 20h<\/span><\/h4>\n<p>&nbsp;<\/p>\n<h1><span style=\"font-family: source-sans-pro-black;\">\u201cO tempo l\u00f3gico e a asser\u00e7\u00e3o da certeza antecipada\u201d<\/span><\/h1>\n<p>&nbsp;<\/p>\n<p><span style=\"font-family: source-sans-pro-black; color: #000000; font-size: 18pt;\">Ondina Machado e Vania Gomes<\/span><\/p>\n<p>&nbsp;<\/p>\n<p>&nbsp;<\/p>\n<p><span style=\"font-family: Georgia, Palatino; color: #000000;\"><span style=\"font-family: source-sans-pro-black; font-size: 36pt; color: #ff0000;\">B<\/span>revemente podemos situar a diferen\u00e7a entre um grupo e um coletivo. O primeiro se organiza em torno de uma exce\u00e7\u00e3o, enquanto o segundo \u00e9 composto de tantas exce\u00e7\u00f5es quantos s\u00e3o seus componentes. Partindo dessa diferen\u00e7a, utilizaremos um trecho instigante do texto \u201cO tempo l\u00f3gico\u201d para investigar a l\u00f3gica que rege um coletivo e faz dele um agrupamento de singularidades.<\/span><\/p>\n<p><span style=\"font-family: Georgia, Palatino; color: #000000;\">\u201cBasta fazer aparecer no termo l\u00f3gico dos outros a menor disparidade para que se evidencie o quanto a verdade depende, para todos, do rigor de cada um, e at\u00e9 mesmo que a verdade, sendo atingida apenas por uns, pode gerar, sen\u00e3o confirmar, o erro nos outros. E tamb\u00e9m que se, nessa corrida para a verdade, \u00e9 apenas sozinho, n\u00e3o sendo todos, que se atinge o verdadeiro, ningu\u00e9m o atinge, no entanto, a n\u00e3o ser atrav\u00e9s dos outros.\u201d (Escritos, p.211-212)<\/span><\/p>\n<p><span style=\"font-family: Georgia, Palatino; color: #000000;\">Algumas perguntas se colocam:<\/span><\/p>\n<p>&nbsp;<\/p>\n<p><span style=\"font-family: Georgia, Palatino; color: #000000;\">\u2022 Qual o estatuto desses \u201coutros\u201d aos quais Lacan se refere?<\/span><\/p>\n<p><span style=\"font-family: Georgia, Palatino; color: #000000;\">\u2022 Levando em conta as disparidades entre uns e outros, quais os modos de la\u00e7o?<\/span><\/p>\n<p><span style=\"font-family: Georgia, Palatino; color: #000000;\">\u2022 Como um coletivo se sustenta se as singularidades dos gozos n\u00e3o se coletivizam?<\/span><\/p>\n<p><span style=\"font-family: Georgia, Palatino; color: #000000;\">\u2022 O que a l\u00f3gica do sujeito ensina sobre o coletivo?<\/span><\/p>\n<p><span style=\"font-family: Georgia, Palatino; color: #000000;\">\u2022 Nos processos de identifica\u00e7\u00e3o de cada um com os outros, qual o lugar do resto?<\/span><\/p>\n<p>&nbsp;<\/p>\n<p><iframe loading=\"lazy\" title=\"Atividade Preparat\u00f3ria 2 - 24 de out 2022 - 29\u00aa Jornadas Cl\u00ednicas da EBP Rio e do ICP RJ   L\u00f3gica\" width=\"900\" height=\"506\" src=\"https:\/\/www.youtube.com\/embed\/4rziZnumKW4?feature=oembed\" frameborder=\"0\" allow=\"accelerometer; autoplay; clipboard-write; encrypted-media; gyroscope; picture-in-picture\" allowfullscreen><\/iframe><\/p>\n<p>&nbsp;<\/p>\n<p><span style=\"font-family: Georgia, Palatino; color: #000000;\">[\/vc_column_text][\/vc_column][\/vc_row][vc_row][vc_column][vc_column_text]<\/span><\/p>\n<p><span style=\"font-family: Georgia, Palatino; color: #000000;\">[\/vc_column_text][\/vc_column][\/vc_row]<\/span><\/p>\n","protected":false},"excerpt":{"rendered":"<p>[vc_row][vc_column][vc_single_image image=&#8221;101&#8243; img_size=&#8221;full&#8221;][\/vc_column][\/vc_row][vc_row][vc_column][vc_empty_space height=&#8221;50px&#8221;][vc_column_text] &nbsp; 2\u00aa Leitura Preparat\u00f3ria 24\/10\/22 &#8211; 20h &nbsp; \u201cO tempo l\u00f3gico e a asser\u00e7\u00e3o da certeza antecipada\u201d &nbsp; Ondina Machado e Vania Gomes &nbsp; &nbsp; Brevemente podemos situar a diferen\u00e7a entre um grupo e um coletivo. O primeiro se organiza em torno de uma exce\u00e7\u00e3o, enquanto o segundo \u00e9 composto de [&hellip;]<\/p>\n","protected":false},"author":1,"featured_media":0,"parent":0,"menu_order":0,"comment_status":"closed","ping_status":"closed","template":"","meta":{"footnotes":""},"class_list":["post-185","page","type-page","status-publish","hentry"],"_links":{"self":[{"href":"https:\/\/jornadasebprioicprj.com.br\/2022\/wp-json\/wp\/v2\/pages\/185","targetHints":{"allow":["GET"]}}],"collection":[{"href":"https:\/\/jornadasebprioicprj.com.br\/2022\/wp-json\/wp\/v2\/pages"}],"about":[{"href":"https:\/\/jornadasebprioicprj.com.br\/2022\/wp-json\/wp\/v2\/types\/page"}],"author":[{"embeddable":true,"href":"https:\/\/jornadasebprioicprj.com.br\/2022\/wp-json\/wp\/v2\/users\/1"}],"replies":[{"embeddable":true,"href":"https:\/\/jornadasebprioicprj.com.br\/2022\/wp-json\/wp\/v2\/comments?post=185"}],"version-history":[{"count":8,"href":"https:\/\/jornadasebprioicprj.com.br\/2022\/wp-json\/wp\/v2\/pages\/185\/revisions"}],"predecessor-version":[{"id":402,"href":"https:\/\/jornadasebprioicprj.com.br\/2022\/wp-json\/wp\/v2\/pages\/185\/revisions\/402"}],"wp:attachment":[{"href":"https:\/\/jornadasebprioicprj.com.br\/2022\/wp-json\/wp\/v2\/media?parent=185"}],"curies":[{"name":"wp","href":"https:\/\/api.w.org\/{rel}","templated":true}]}}