{"id":183,"date":"2022-07-21T18:31:05","date_gmt":"2022-07-21T21:31:05","guid":{"rendered":"https:\/\/jornadasebprioicprj.com.br\/2022\/?page_id=183"},"modified":"2022-09-20T11:36:59","modified_gmt":"2022-09-20T14:36:59","slug":"1a-leitura-preparatoria","status":"publish","type":"page","link":"https:\/\/jornadasebprioicprj.com.br\/2022\/1a-leitura-preparatoria\/","title":{"rendered":"12.09.22 &#8211; 1\u00aa Leitura Preparat\u00f3ria | On-line"},"content":{"rendered":"[vc_row][vc_column][vc_column_text]\n<hr \/>\n<p><span style=\"font-family: Georgia, Palatino;\">[\/vc_column_text][\/vc_column][\/vc_row][vc_row][vc_column][vc_single_image image=&#8221;101&#8243; img_size=&#8221;full&#8221;][\/vc_column][\/vc_row][vc_row][vc_column][vc_empty_space height=&#8221;50px&#8221;][vc_column_text]<\/span><\/p>\n<p>&nbsp;<\/p>\n<h4><span style=\"font-family: source-sans-pro-black;\">1\u00aa Leitura Preparat\u00f3ria <\/span><\/h4>\n<h4><span style=\"font-family: source-sans-pro-black;\">12\/09\/22 &#8211; 20h<\/span><\/h4>\n<p>&nbsp;<\/p>\n<h1><span style=\"font-family: source-sans-pro-black;\">\u201cPsicologia das Massas e An\u00e1lise do Eu\u201d<\/span><\/h1>\n<p>&nbsp;<\/p>\n<p><span style=\"font-family: source-sans-pro-black; color: #000000; font-size: 18pt;\">Cristina Duba e Christiane Zeitoune<\/span><\/p>\n<p>&nbsp;<\/p>\n<p>&nbsp;<\/p>\n<p><span style=\"font-family: Georgia, Palatino; color: #000000;\"><span style=\"font-size: 36pt; font-family: source-sans-pro-black; color: #ff0000;\">P<\/span>ropomos retornar \u00e0 \u201cPsicologia das massas\u201d, a partir da leitura de J. Lacan, J-A Miller e \u00c9ric Laurent para pensarmos a dimens\u00e3o subjetiva dos discursos dominantes contempor\u00e2neos: discursos de \u00f3dio, negacionismos, novas formas de gest\u00e3o politica, segrega\u00e7\u00f5es contempor\u00e2neas. Buscaremos desenvolver estas linhas de trabalho a partir dos eixos apontados pelo texto freudiano:<\/span><\/p>\n<p>&nbsp;<\/p>\n<p><span style=\"font-family: Georgia, Palatino; color: #000000;\">\u2022 Os grupos artificiais: A rela\u00e7\u00e3o com o l\u00edder e a rela\u00e7\u00e3o entre irm\u00e3os. Horizontalidade e verticalidade nos grupos.<\/span><br \/>\n<span style=\"font-family: Georgia, Palatino; color: #000000;\">\u2022 A identifica\u00e7\u00e3o.<\/span><br \/>\n<span style=\"font-family: Georgia, Palatino; color: #000000;\">\u2022 O la\u00e7o libidinal que une o grupo.<\/span><\/p>\n<p>&nbsp;<\/p>\n<p><span style=\"font-family: Georgia, Palatino; color: #000000;\">[\/vc_column_text][\/vc_column][\/vc_row][vc_row][vc_column][vc_video link=&#8221;https:\/\/youtu.be\/QBFzb1TrvkE&#8221; align=&#8221;center&#8221;][\/vc_column][\/vc_row][vc_row][vc_column][vc_column_text]<\/span>[\/vc_column_text][\/vc_column][\/vc_row]\n","protected":false},"excerpt":{"rendered":"<p>[vc_row][vc_column][vc_column_text] [\/vc_column_text][\/vc_column][\/vc_row][vc_row][vc_column][vc_single_image image=&#8221;101&#8243; img_size=&#8221;full&#8221;][\/vc_column][\/vc_row][vc_row][vc_column][vc_empty_space height=&#8221;50px&#8221;][vc_column_text] &nbsp; 1\u00aa Leitura Preparat\u00f3ria 12\/09\/22 &#8211; 20h &nbsp; \u201cPsicologia das Massas e An\u00e1lise do Eu\u201d &nbsp; Cristina Duba e Christiane Zeitoune &nbsp; &nbsp; Propomos retornar \u00e0 \u201cPsicologia das massas\u201d, a partir da leitura de J. Lacan, J-A Miller e \u00c9ric Laurent para pensarmos a dimens\u00e3o subjetiva dos discursos dominantes contempor\u00e2neos: [&hellip;]<\/p>\n","protected":false},"author":1,"featured_media":0,"parent":0,"menu_order":0,"comment_status":"closed","ping_status":"closed","template":"","meta":{"footnotes":""},"class_list":["post-183","page","type-page","status-publish","hentry"],"_links":{"self":[{"href":"https:\/\/jornadasebprioicprj.com.br\/2022\/wp-json\/wp\/v2\/pages\/183","targetHints":{"allow":["GET"]}}],"collection":[{"href":"https:\/\/jornadasebprioicprj.com.br\/2022\/wp-json\/wp\/v2\/pages"}],"about":[{"href":"https:\/\/jornadasebprioicprj.com.br\/2022\/wp-json\/wp\/v2\/types\/page"}],"author":[{"embeddable":true,"href":"https:\/\/jornadasebprioicprj.com.br\/2022\/wp-json\/wp\/v2\/users\/1"}],"replies":[{"embeddable":true,"href":"https:\/\/jornadasebprioicprj.com.br\/2022\/wp-json\/wp\/v2\/comments?post=183"}],"version-history":[{"count":10,"href":"https:\/\/jornadasebprioicprj.com.br\/2022\/wp-json\/wp\/v2\/pages\/183\/revisions"}],"predecessor-version":[{"id":344,"href":"https:\/\/jornadasebprioicprj.com.br\/2022\/wp-json\/wp\/v2\/pages\/183\/revisions\/344"}],"wp:attachment":[{"href":"https:\/\/jornadasebprioicprj.com.br\/2022\/wp-json\/wp\/v2\/media?parent=183"}],"curies":[{"name":"wp","href":"https:\/\/api.w.org\/{rel}","templated":true}]}}