{"id":15,"date":"2022-07-04T13:46:00","date_gmt":"2022-07-04T16:46:00","guid":{"rendered":"https:\/\/jornadasebprioicprj.com.br\/2022\/?page_id=15"},"modified":"2022-08-02T13:23:37","modified_gmt":"2022-08-02T16:23:37","slug":"organizacao","status":"publish","type":"page","link":"https:\/\/jornadasebprioicprj.com.br\/2022\/organizacao\/","title":{"rendered":"Organiza\u00e7\u00e3o"},"content":{"rendered":"[vc_row][vc_column][vc_single_image image=&#8221;101&#8243; img_size=&#8221;full&#8221;][\/vc_column][\/vc_row][vc_row][vc_column][vc_empty_space height=&#8221;50px&#8221;][vc_column_text]\n<p>&nbsp;<\/p>\n<h1><span style=\"font-family: source-sans-pro-black;\">Organiza\u00e7\u00e3o<\/span><\/h1>\n<p>&nbsp;<\/p>\n<p>&nbsp;<\/p>\n<h3><span style=\"font-family: source-sans-pro-black;\">Diretoria da Escola Brasileira de Psican\u00e1lise &#8211; Se\u00e7\u00e3o Rio de Janeiro<\/span><\/h3>\n<p>&nbsp;<\/p>\n<p><span style=\"font-family: Georgia, Palatino; color: #000000;\"><strong><span style=\"font-family: source-sans-pro-black;\">Diretora-Geral <\/span><\/strong>\u00a0 \u00a0Ruth Helena P. Cohen<\/span><\/p>\n<p><span style=\"font-family: Georgia, Palatino; color: #000000;\"><strong><span style=\"font-family: source-sans-pro-black;\">Diretora Secret\u00e1ria-Tesoureira<\/span> \u00a0 \u00a0<\/strong>Cristina Frederico<\/span><\/p>\n<p><span style=\"font-family: Georgia, Palatino; color: #000000;\"><strong><span style=\"font-family: source-sans-pro-black;\">Diretora de Biblioteca<\/span> \u00a0 \u00a0<\/strong>Ana Beatriz Freire<\/span><\/p>\n<p><span style=\"font-family: Georgia, Palatino; color: #000000;\"><strong><span style=\"font-family: source-sans-pro-black;\">Diretora de Cart\u00e9is<\/span> \u00a0 \u00a0<\/strong>Maricia Ciscato<\/span><\/p>\n<p>&nbsp;<\/p>\n<p>&nbsp;<\/p>\n<h3><span style=\"font-family: source-sans-pro-black;\">Diretoria do Instituto de Cl\u00ednica Psicanal\u00edtica do Rio de Janeiro<\/span><\/h3>\n<p>&nbsp;<\/p>\n<p class=\"texto\"><span style=\"color: #000000; font-family: Georgia, Palatino;\"><strong><span style=\"font-family: source-sans-pro-black;\">Diretora Geral<\/span> \u00a0 \u00a0<\/strong>Marcia Zucchi<\/span><\/p>\n<p class=\"texto\"><span style=\"color: #000000; font-family: Georgia, Palatino;\"><strong><span style=\"font-family: source-sans-pro-black;\">Diretora de Tesouraria e Infraestrutura<\/span> \u00a0 \u00a0<\/strong>Isabel do R\u00eago Barros Duarte<\/span><\/p>\n<p>&nbsp;<\/p>\n<p><span style=\"font-family: Georgia, Palatino; color: #000000;\"><span style=\"font-family: source-sans-pro-black;\">Coordenadora da comiss\u00e3o de Ensino<\/span><span style=\"font-family: Georgia, Palatino;\"><strong> \u00a0 \u00a0<\/strong><\/span>Maria Silvia Garcia Fernandez Hanna<\/span><\/p>\n<p><span style=\"font-family: Georgia, Palatino; color: #000000;\"><span style=\"font-family: source-sans-pro-black;\">Coordenadora de N\u00facleos de Pesquisa<\/span><span style=\"font-family: Georgia, Palatino;\"><strong> \u00a0 \u00a0<\/strong><\/span>Angela C. Bernardes<\/span><\/p>\n<p><span style=\"color: #000000;\"><span style=\"font-family: source-sans-pro-black;\">Coordenador da comiss\u00e3o <\/span><span style=\"font-family: Georgia, Palatino;\"><span style=\"font-family: source-sans-pro-black;\">de divulga\u00e7\u00e3o e m\u00eddia<\/span><span style=\"font-family: Georgia, Palatino;\"><strong> \u00a0 \u00a0<\/strong><\/span>Leonardo Lopes Miranda<\/span><\/span><strong><br \/>\n<\/strong><\/p>\n<p>&nbsp;<\/p>\n<p>&nbsp;<\/p>\n<p>&nbsp;<\/p>\n<p>&nbsp;<\/p>\n<h3><span style=\"font-family: source-sans-pro-black;\">Coletivo de organiza\u00e7\u00e3o das 29\u00aa Jornadas da EBP Se\u00e7\u00e3o Rio de Janeiro e ICP-RJ<\/span><\/h3>\n<p>&nbsp;<\/p>\n<p><span style=\"font-family: Georgia, Palatino; color: #000000;\">Ana Cristina Reis \u2022 Ana Lucia Lutterbach \u2022 Ana Luiza Rajo \u2022 Anna Luiza Almeida e Silva \u2022 Carolina Dutra \u2022 Dinah Kleve \u2022 Elena Lerner \u2022 Franciele Gisi Martins de Almeida \u2022 Isabel do R\u00eago Barros Duarte \u2022 Jefferson Nascimento \u2022 L\u00edvia Sales \u2022 Louren\u00e7o Ast\u00faa de Moraes \u2022 Marcia Zucchi (Diretora do ICP-RJ) \u2022 Maria In\u00eas Lamy (Diretora Adjunta da EBP Se\u00e7\u00e3o Rio de Janeiro) \u2022 Maricia Ciscato \u2022 Marina Morena Torres \u2022 Nina Barreto Machado \u2022 Paula Legey \u2022 Renata Martinez, Rodrigo Lyra \u2022 Rodrigo Pedalini Borges Pires \u2022 Ruth Cohen (Diretora da EBP Se\u00e7\u00e3o Rio de Janeiro) \u2022 Sandra Landim<\/span><\/p>\n<p>&nbsp;<\/p>\n<p><span style=\"font-family: Georgia, Palatino; color: #000000;\"><span style=\"font-family: source-sans-pro-black;\">Convidado<strong> \u00a0 \u00a0<\/strong><\/span>Cleyton Andrade (EBP-Se\u00e7\u00e3o Nordeste)<\/span><\/p>\n<p>&nbsp;<\/p>\n<p>&nbsp;<\/p>\n<p>&nbsp;<\/p>\n<p>&nbsp;<\/p>\n<p>&nbsp;<\/p>\n[\/vc_column_text][\/vc_column][\/vc_row]\n","protected":false},"excerpt":{"rendered":"<p>[vc_row][vc_column][vc_single_image image=&#8221;101&#8243; img_size=&#8221;full&#8221;][\/vc_column][\/vc_row][vc_row][vc_column][vc_empty_space height=&#8221;50px&#8221;][vc_column_text] &nbsp; Organiza\u00e7\u00e3o &nbsp; &nbsp; Diretoria da Escola Brasileira de Psican\u00e1lise &#8211; Se\u00e7\u00e3o Rio de Janeiro &nbsp; Diretora-Geral \u00a0 \u00a0Ruth Helena P. Cohen Diretora Secret\u00e1ria-Tesoureira \u00a0 \u00a0Cristina Frederico Diretora de Biblioteca \u00a0 \u00a0Ana Beatriz Freire Diretora de Cart\u00e9is \u00a0 \u00a0Maricia Ciscato &nbsp; &nbsp; Diretoria do Instituto de Cl\u00ednica Psicanal\u00edtica do Rio de [&hellip;]<\/p>\n","protected":false},"author":1,"featured_media":0,"parent":0,"menu_order":0,"comment_status":"closed","ping_status":"closed","template":"","meta":{"footnotes":""},"class_list":["post-15","page","type-page","status-publish","hentry"],"_links":{"self":[{"href":"https:\/\/jornadasebprioicprj.com.br\/2022\/wp-json\/wp\/v2\/pages\/15","targetHints":{"allow":["GET"]}}],"collection":[{"href":"https:\/\/jornadasebprioicprj.com.br\/2022\/wp-json\/wp\/v2\/pages"}],"about":[{"href":"https:\/\/jornadasebprioicprj.com.br\/2022\/wp-json\/wp\/v2\/types\/page"}],"author":[{"embeddable":true,"href":"https:\/\/jornadasebprioicprj.com.br\/2022\/wp-json\/wp\/v2\/users\/1"}],"replies":[{"embeddable":true,"href":"https:\/\/jornadasebprioicprj.com.br\/2022\/wp-json\/wp\/v2\/comments?post=15"}],"version-history":[{"count":17,"href":"https:\/\/jornadasebprioicprj.com.br\/2022\/wp-json\/wp\/v2\/pages\/15\/revisions"}],"predecessor-version":[{"id":288,"href":"https:\/\/jornadasebprioicprj.com.br\/2022\/wp-json\/wp\/v2\/pages\/15\/revisions\/288"}],"wp:attachment":[{"href":"https:\/\/jornadasebprioicprj.com.br\/2022\/wp-json\/wp\/v2\/media?parent=15"}],"curies":[{"name":"wp","href":"https:\/\/api.w.org\/{rel}","templated":true}]}}