{"id":130,"date":"2022-07-06T07:28:09","date_gmt":"2022-07-06T10:28:09","guid":{"rendered":"https:\/\/jornadasebprioicprj.com.br\/2022\/?page_id=130"},"modified":"2022-08-30T20:35:02","modified_gmt":"2022-08-30T23:35:02","slug":"inscricoes","status":"publish","type":"page","link":"https:\/\/jornadasebprioicprj.com.br\/2022\/inscricoes\/","title":{"rendered":"Inscri\u00e7\u00f5es"},"content":{"rendered":"<p><span style=\"color: #000000;\">[vc_row][vc_column][vc_single_image image=&#8221;101&#8243; img_size=&#8221;full&#8221;][\/vc_column][\/vc_row][vc_row][vc_column][vc_empty_space height=&#8221;50px&#8221;][vc_column_text]<\/span><\/p>\n<p>&nbsp;<\/p>\n<h1><\/h1>\n<h1><\/h1>\n<h1><span style=\"font-family: source-sans-pro-black; color: #000000;\">Inscri\u00e7\u00f5es<\/span><\/h1>\n<p>&nbsp;<\/p>\n<table width=\"100%\">\n<tbody>\n<tr>\n<td style=\"text-align: center;\" width=\"33%\"><span style=\"color: #000000; font-family: source-sans-pro-black;\">Categoria<\/span><\/td>\n<td style=\"text-align: center;\" width=\"33%\"><span style=\"color: #000000; font-family: source-sans-pro-black;\">1\u00ba lote &#8211; at\u00e9 20.09 (vagas limitadas)<\/span><\/td>\n<td style=\"text-align: center;\" width=\"33%\"><span style=\"color: #000000; font-family: source-sans-pro-black;\">2\u00ba lote<\/span><\/td>\n<\/tr>\n<tr>\n<td style=\"text-align: center;\" width=\"33%\"><span style=\"color: #000000; font-family: source-sans-pro-black;\">Membros da EBP\/AMP<\/span><\/td>\n<td style=\"text-align: center;\" width=\"33%\"><span style=\"color: #000000; font-family: Georgia, Palatino;\">R$ 250,00<\/span><\/td>\n<td style=\"text-align: center;\" width=\"33%\"><span style=\"font-family: Georgia, Palatino;\"><span style=\"color: #000000;\"><span style=\"color: #000000; font-family: Georgia, Palatino;\">R$ <\/span>250,00<\/span><\/span><\/td>\n<\/tr>\n<tr>\n<td style=\"text-align: center;\" width=\"33%\"><span style=\"color: #000000; font-family: source-sans-pro-black;\">Profissionais em geral, correspondentes e aderentes da Se\u00e7\u00e3o Rio<\/span><\/td>\n<td style=\"text-align: center;\" width=\"33%\"><span style=\"color: #000000; font-family: Georgia, Palatino;\">R$ 100,00<\/span><\/td>\n<td style=\"text-align: center;\" width=\"33%\"><span style=\"color: #000000; font-family: Georgia, Palatino;\">R$ 150,00<\/span><\/td>\n<\/tr>\n<tr>\n<td style=\"text-align: center;\" width=\"33%\"><span style=\"color: #000000; font-family: source-sans-pro-black;\">Alunos do ICP-RJ, estudantes de gradua\u00e7\u00e3o e p\u00f3s-gradua\u00e7\u00e3o*<\/span><\/td>\n<td style=\"text-align: center;\" width=\"33%\"><span style=\"color: #000000; font-family: Georgia, Palatino;\">R$ 80,00<\/span><\/td>\n<td style=\"text-align: center;\" width=\"33%\"><span style=\"font-family: Georgia, Palatino;\"><span style=\"color: #000000;\"><span style=\"color: #000000; font-family: Georgia, Palatino;\">R$ <\/span>80,00<\/span><\/span><\/td>\n<\/tr>\n<\/tbody>\n<\/table>\n<p>&nbsp;<\/p>\n<p>&nbsp;<\/p>\n<p><span style=\"font-family: Georgia, Palatino; color: #000000;\">As inscri\u00e7\u00f5es para as 29as Jornadas Cl\u00ednicas da EBP-Rio e do ICP-RJ ser\u00e3o realizadas pela plataforma Sympla. No momento, a plataforma <span style=\"font-family: source-sans-pro-black;\"><strong>n\u00e3o est\u00e1 aceitando inscri\u00e7\u00f5es via iOS (iPhone)<\/strong><\/span>, somente via <span style=\"font-family: source-sans-pro-black;\"><strong>Android<\/strong><\/span> ou via <span style=\"font-family: source-sans-pro-black;\"><strong>desktops e laptops<\/strong>.<\/span> Para realizar a inscri\u00e7\u00e3o clique no link: <span style=\"font-family: source-sans-pro-black;\"><a style=\"color: #000000;\" href=\"https:\/\/www.sympla.com.br\/29-jornadas-clinicas-da-ebp-secao-rio-e-icp-rj---logicas-coletivas-nos-tempos-que-correm__1657574\">https:\/\/www.sympla.com.br\/29-jornadas-clinicas-da-ebp-secao-rio-e-icp-rj&#8212;logicas-coletivas-nos-tempos-que-correm__1657574<\/a><\/span><\/span><\/p>\n<p>&nbsp;<\/p>\n<p><span style=\"font-family: Georgia, Palatino; color: #000000;\"><b>*<span style=\"font-family: source-sans-pro-black;\">Aten\u00e7\u00e3o<\/span>:<\/b>\u00a0 Alunos do ICP-RJ devem enviar comprovante de inscri\u00e7\u00e3o no semestre vigente, estudantes de gradua\u00e7\u00e3o e p\u00f3s-gradua\u00e7\u00e3o devem enviar um comprovante de sua situa\u00e7\u00e3o acad\u00eamica para<span style=\"font-family: source-sans-pro-black;\"><b> infrajornadasebprioicprj@gmail.com<\/b><\/span>\u00a0ap\u00f3s realizar sua inscri\u00e7\u00e3o na respectiva categoria. <\/span><\/p>\n<p><span style=\"font-family: Georgia, Palatino; color: #000000;\">\u00a0<\/span><\/p>\n<p><span style=\"font-family: Georgia, Palatino; color: #000000;\">Em caso de d\u00favidas, escrever para:\u00a0<span style=\"font-family: source-sans-pro-black;\"><a style=\"color: #000000;\" href=\"mailto:infrajornadasebprioicprj@gmail.com\">infrajornadasebprioicprj@gmail.com<\/a><\/span><\/span><\/p>\n<p>&nbsp;<\/p>\n<p>&nbsp;<\/p>\n<p><span style=\"color: #000000;\">[\/vc_column_text][\/vc_column][\/vc_row]<\/span><\/p>\n","protected":false},"excerpt":{"rendered":"<p>[vc_row][vc_column][vc_single_image image=&#8221;101&#8243; img_size=&#8221;full&#8221;][\/vc_column][\/vc_row][vc_row][vc_column][vc_empty_space height=&#8221;50px&#8221;][vc_column_text] &nbsp; Inscri\u00e7\u00f5es &nbsp; Categoria 1\u00ba lote &#8211; at\u00e9 20.09 (vagas limitadas) 2\u00ba lote Membros da EBP\/AMP R$ 250,00 R$ 250,00 Profissionais em geral, correspondentes e aderentes da Se\u00e7\u00e3o Rio R$ 100,00 R$ 150,00 Alunos do ICP-RJ, estudantes de gradua\u00e7\u00e3o e p\u00f3s-gradua\u00e7\u00e3o* R$ 80,00 R$ 80,00 &nbsp; &nbsp; As inscri\u00e7\u00f5es para as [&hellip;]<\/p>\n","protected":false},"author":1,"featured_media":0,"parent":0,"menu_order":0,"comment_status":"closed","ping_status":"closed","template":"","meta":{"footnotes":""},"class_list":["post-130","page","type-page","status-publish","hentry"],"_links":{"self":[{"href":"https:\/\/jornadasebprioicprj.com.br\/2022\/wp-json\/wp\/v2\/pages\/130","targetHints":{"allow":["GET"]}}],"collection":[{"href":"https:\/\/jornadasebprioicprj.com.br\/2022\/wp-json\/wp\/v2\/pages"}],"about":[{"href":"https:\/\/jornadasebprioicprj.com.br\/2022\/wp-json\/wp\/v2\/types\/page"}],"author":[{"embeddable":true,"href":"https:\/\/jornadasebprioicprj.com.br\/2022\/wp-json\/wp\/v2\/users\/1"}],"replies":[{"embeddable":true,"href":"https:\/\/jornadasebprioicprj.com.br\/2022\/wp-json\/wp\/v2\/comments?post=130"}],"version-history":[{"count":9,"href":"https:\/\/jornadasebprioicprj.com.br\/2022\/wp-json\/wp\/v2\/pages\/130\/revisions"}],"predecessor-version":[{"id":136,"href":"https:\/\/jornadasebprioicprj.com.br\/2022\/wp-json\/wp\/v2\/pages\/130\/revisions\/136"}],"wp:attachment":[{"href":"https:\/\/jornadasebprioicprj.com.br\/2022\/wp-json\/wp\/v2\/media?parent=130"}],"curies":[{"name":"wp","href":"https:\/\/api.w.org\/{rel}","templated":true}]}}