{"id":856,"date":"2021-11-16T08:52:30","date_gmt":"2021-11-16T11:52:30","guid":{"rendered":"https:\/\/jornadasebprioicprj.com.br\/2021\/?page_id=856"},"modified":"2021-11-16T08:54:22","modified_gmt":"2021-11-16T11:54:22","slug":"mesas-simultaneas","status":"publish","type":"page","link":"https:\/\/jornadasebprioicprj.com.br\/2021\/mesas-simultaneas\/","title":{"rendered":"Mesas Simult\u00e2neas"},"content":{"rendered":"[vc_row row_type=&#8221;main-section&#8221; wr_background_img=&#8221;40&#8243;][vc_column][vc_single_image image=&#8221;613&#8243; img_size=&#8221;full&#8221; alignment=&#8221;right&#8221;][\/vc_column][\/vc_row][vc_row][vc_column][vc_empty_space height=&#8221;50px&#8221;][vc_column_text]\n<h1><span style=\"font-family: american-type;\">MESAS SIMULT\u00c2NEAS<\/span><\/h1>\n<h3><span style=\"color: #993300;\"><strong><em>EIXO PSICAN\u00c1LISE E FORMA\u00c7\u00c3O<\/em><\/strong><\/span><\/h3>\n<p><span style=\"color: #993300;\"><strong>8:30 &#8211; MESA 1<\/strong> \u2013 <strong>Efeitos de Eros (\u201cs\u00f3 o amor faz o gozo condescender ao desejo\u201d)<\/strong><\/span><\/p>\n<p><em>Debatedora<\/em>: <em>Ana Martha Maia<\/em><\/p>\n<ul>\n<li><strong>As tentativas de Lucinh<\/strong>a \u2013 Adylson de Albuquerque Ennes<\/li>\n<li><strong>Jogos virtuais, la\u00e7os e fic\u00e7\u00f5es inventadas sob transfer\u00eancia<\/strong> \u2013 Mariana Pucci<\/li>\n<li><strong>Fabiana e suas possibilidades de existir, marcada pela afasia, pela s\u00edndrome de Down e pela cardiopatia cong\u00eanita<\/strong> \u2013 Graziele Maia<\/li>\n<\/ul>\n<p><span style=\"color: #993300;\"><em>\u00a0<\/em><strong>9:50 &#8211; MESA 2<\/strong> \u2013 <strong>Vida, morte e ang\u00fastia em an\u00e1lise<\/strong><\/span><\/p>\n<p><em>\u00a0Debatedora<\/em>: <em>Maria Isabel Lins<\/em><\/p>\n<ul>\n<li><strong>O amor nos tempos do covid: um dos nomes da vida<\/strong> \u2013 Lenita Bentes<\/li>\n<li><strong>O que pode o psicanalista diante desse real: coronav\u00edrus, covid-19?<\/strong> \u2013 Karynna Magalh\u00e3es Barros da N\u00f3brega<\/li>\n<li><strong>Uma experi\u00eancia cl\u00ednica com pacientes internados com covid-19<\/strong> \u2013 Maur\u00edcia dos Reis Leandro<\/li>\n<\/ul>\n<p><span style=\"color: #993300;\"><em>\u00a0<\/em><strong>11:10 MESA 3<\/strong> \u2013 <strong>Marcas da pandemia<\/strong><\/span><\/p>\n<p><em>Debatedora<\/em>: <em>Sarita Gelbert<\/em><\/p>\n<ul>\n<li><strong>R\u00e1dio transistor encontrando uma esta\u00e7\u00e3o: da rotina \u00e0 inven\u00e7\u00e3o<\/strong> \u2013\u00a0 Marcia Crivorot<\/li>\n<li><strong>A an\u00e1lise est\u00e1 <em>on<\/em>: reflex\u00f5es sobre as incid\u00eancias da in\u00e9dita quarentena no curso das an\u00e1lises<\/strong> \u2013\u00a0 Selma de Amorim Pau Brasil<\/li>\n<li><strong>Do avatar de ostra \u00e0s vicissitudes de madrep\u00e9rola frente ao real<\/strong> \u2013 Simone Delgado<\/li>\n<\/ul>\n<h3><span style=\"color: #993300;\"><strong><em>EIXO ARTES E ARTIF\u00cdCIOS<\/em><\/strong><\/span><\/h3>\n<p><span style=\"color: #993300;\"><strong>MESA 1 &#8211; Feminino:\u00a0 fazer-se um nome na escrita<\/strong><\/span><\/p>\n<p><em>Debatedora \u2013 Andr\u00e9a Reis<\/em><\/p>\n<ul>\n<li><strong>Uma autoria sem nome?<\/strong> &#8211; Pauleska Asevedo Nobrega<\/li>\n<li><strong>A escrita em um corpo feminino negro<\/strong> &#8211; Ana Maria Ferreira da Silva<\/li>\n<li><strong>Nome como efeito po\u00e9tico do Isso no testemunho de passe<\/strong> &#8211; Heloisa Silva Teixeira<\/li>\n<\/ul>\n<p><span style=\"color: #993300;\"><strong>MESA 2 &#8211; Discurso queer e inven\u00e7\u00e3o de um nome<\/strong><\/span><\/p>\n<p><em>Debatedora: Doris Diogo<\/em><\/p>\n<ul>\n<li><strong>Apontamentos para o estudo de uma er\u00f3tica da voz<\/strong> &#8211; Dinah Kleve<\/li>\n<li><strong>Uma quest\u00e3o trans: \u201cn\u00e3o \u00e9 uma quest\u00e3o de g\u00eanero, mas de Ser humano\u201d<\/strong> &#8211; Patr\u00edcia Martins Guimar\u00e3es Vieira da Silva<\/li>\n<li><strong>A arte e os novos nomes do amor na vida contempor\u00e2nea<\/strong> &#8211; Mirta Fernandes<\/li>\n<\/ul>\n<p><span style=\"color: #993300;\"><strong>MESA 3 &#8211; A arte como artificio<\/strong><\/span><\/p>\n<p><em>Debatedora: Maria L\u00eddia Arraes Alencar<\/em><\/p>\n<ul>\n<li><strong>Uma cena de Hitchcock, e uma Outra cena<\/strong> &#8211; Daniel Levin<\/li>\n<li><strong>\u201cExiste uma vida inteira que tu n\u00e3o conhece.\u201d<\/strong> &#8211; Andr\u00e9 Abu-Merhy<\/li>\n<li><strong>A teatralidade da Outra Cena freudiana e a teatralidade de Antonin Artaud: algumas articula\u00e7\u00f5es com o contempor\u00e2neo<\/strong> -Talita Baldin e Paulo Eduardo Viana Vidal<\/li>\n<li><strong>O teatro de Gabriel: inven\u00e7\u00f5es poss\u00edveis para o tratamento do gozo no caso de um jovem autista.<\/strong> &#8211; Joana Vieira Dias<\/li>\n<\/ul>\n<h3><span style=\"color: #993300;\"><strong><em>EIXO O REAL E O VIRTUAL<\/em><\/strong><\/span><\/h3>\n<p><span style=\"color: #993300;\"><strong>MESA 1 &#8211; Cl\u00ednica institucional online e a l\u00f3gica das redes<\/strong><\/span><\/p>\n<p><em>Debatedor: Leonardo Miranda<\/em><\/p>\n<ul>\n<li><strong>\u201cE agora, viu?\u201d: as possibilidades e os impasses no atendimento online a jovens autistas durante a pandemia<\/strong> &#8211; Let\u00edcia Gon\u00e7alves Loback Siqueira e Luca Zingali Meira.<\/li>\n<li><strong>Depois de comer o nada<\/strong> &#8211; Susan Guggenheim<\/li>\n<li><strong>O dispositivo cl\u00ednico supervis\u00e3o, exercido virtualmente, como inven\u00e7\u00e3o, quando a Reforma Psiqui\u00e1trica encontra o \u00faltimo ensino de Lacan<\/strong> \u2013 Claudia de Paula<\/li>\n<li><strong>Quando o virtual convoca o imposs\u00edvel<\/strong> &#8211; Gricel Osorio Hor-Meyll<\/li>\n<\/ul>\n<p><span style=\"color: #993300;\"><strong>MESA 2 &#8211; A escuta entre o virtual e o real<\/strong><\/span><\/p>\n<p><em>Debatedora: Elisa Monteiro<\/em><\/p>\n<ul>\n<li><strong>Nomes da vida: um novo amor, ainda<\/strong> &#8211; Elena Lerner<\/li>\n<li><strong>A \u201cm\u00e9trica\u201d aditiva de um suicida<\/strong> &#8211; Viviane Tinoco Martins<\/li>\n<li><strong>Presen\u00e7a de Nuvem<\/strong> &#8211; Melissa Bottrel<\/li>\n<\/ul>\n<p><span style=\"color: #993300;\"><strong>MESA 3: Novos semblantes da n\u00e3o-rela\u00e7\u00e3o: amor e \u00f3dio na internet<\/strong><\/span><\/p>\n<p><em>Debatedora: Ondina Machado<\/em><\/p>\n<ul>\n<li><strong>A psican\u00e1lise: o que se esconde ou se desvela na tela<\/strong> \u2013 Deborah Barboza Souza<\/li>\n<li><strong>Amar a dist\u00e2ncia<\/strong> &#8211; Tatiana Grenha<\/li>\n<li><strong>Mulheres e suas parcerias amorosas<\/strong> &#8211; Larissa Belarmindo Barreto<\/li>\n<li><strong>Falar do horror<\/strong> &#8211; \u00a0Denise Henriques da Silva Abreu<\/li>\n<\/ul>\n[\/vc_column_text][\/vc_column][\/vc_row]\n","protected":false},"excerpt":{"rendered":"<p>[vc_row row_type=&#8221;main-section&#8221; wr_background_img=&#8221;40&#8243;][vc_column][vc_single_image image=&#8221;613&#8243; img_size=&#8221;full&#8221; alignment=&#8221;right&#8221;][\/vc_column][\/vc_row][vc_row][vc_column][vc_empty_space height=&#8221;50px&#8221;][vc_column_text] MESAS SIMULT\u00c2NEAS EIXO PSICAN\u00c1LISE E FORMA\u00c7\u00c3O 8:30 &#8211; MESA 1 \u2013 Efeitos de Eros (\u201cs\u00f3 o amor faz o gozo condescender ao desejo\u201d) Debatedora: Ana Martha Maia As tentativas de Lucinha \u2013 Adylson de Albuquerque Ennes Jogos virtuais, la\u00e7os e fic\u00e7\u00f5es inventadas sob transfer\u00eancia \u2013 Mariana Pucci Fabiana [&hellip;]<\/p>\n","protected":false},"author":1,"featured_media":0,"parent":0,"menu_order":0,"comment_status":"closed","ping_status":"closed","template":"","meta":{"footnotes":""},"class_list":["post-856","page","type-page","status-publish","hentry"],"yoast_head":"<!-- This site is optimized with the Yoast SEO plugin v27.5 - https:\/\/yoast.com\/product\/yoast-seo-wordpress\/ -->\n<title>Mesas Simult\u00e2neas - Jornadas EBP RIO e ICPRJ<\/title>\n<meta name=\"robots\" content=\"index, follow, max-snippet:-1, max-image-preview:large, max-video-preview:-1\" \/>\n<link rel=\"canonical\" href=\"https:\/\/jornadasebprioicprj.com.br\/2021\/mesas-simultaneas\/\" \/>\n<meta property=\"og:locale\" content=\"pt_BR\" \/>\n<meta property=\"og:type\" content=\"article\" \/>\n<meta property=\"og:title\" content=\"Mesas Simult\u00e2neas - Jornadas EBP RIO e ICPRJ\" \/>\n<meta property=\"og:description\" content=\"[vc_row row_type=&#8221;main-section&#8221; wr_background_img=&#8221;40&#8243;][vc_column][vc_single_image image=&#8221;613&#8243; img_size=&#8221;full&#8221; alignment=&#8221;right&#8221;][\/vc_column][\/vc_row][vc_row][vc_column][vc_empty_space height=&#8221;50px&#8221;][vc_column_text] MESAS SIMULT\u00c2NEAS EIXO PSICAN\u00c1LISE E FORMA\u00c7\u00c3O 8:30 &#8211; MESA 1 \u2013 Efeitos de Eros (\u201cs\u00f3 o amor faz o gozo condescender ao desejo\u201d) Debatedora: Ana Martha Maia As tentativas de Lucinha \u2013 Adylson de Albuquerque Ennes Jogos virtuais, la\u00e7os e fic\u00e7\u00f5es inventadas sob transfer\u00eancia \u2013 Mariana Pucci Fabiana [&hellip;]\" \/>\n<meta property=\"og:url\" content=\"https:\/\/jornadasebprioicprj.com.br\/2021\/mesas-simultaneas\/\" \/>\n<meta property=\"og:site_name\" content=\"Jornadas EBP RIO e ICPRJ\" \/>\n<meta property=\"article:modified_time\" content=\"2021-11-16T11:54:22+00:00\" \/>\n<meta name=\"twitter:card\" content=\"summary_large_image\" \/>\n<meta name=\"twitter:label1\" content=\"Est. tempo de leitura\" \/>\n\t<meta name=\"twitter:data1\" content=\"3 minutos\" \/>\n<script type=\"application\/ld+json\" class=\"yoast-schema-graph\">{\"@context\":\"https:\\\/\\\/schema.org\",\"@graph\":[{\"@type\":\"WebPage\",\"@id\":\"https:\\\/\\\/jornadasebprioicprj.com.br\\\/2021\\\/mesas-simultaneas\\\/\",\"url\":\"https:\\\/\\\/jornadasebprioicprj.com.br\\\/2021\\\/mesas-simultaneas\\\/\",\"name\":\"Mesas Simult\u00e2neas - Jornadas EBP RIO e ICPRJ\",\"isPartOf\":{\"@id\":\"https:\\\/\\\/jornadasebprioicprj.com.br\\\/2021\\\/#website\"},\"datePublished\":\"2021-11-16T11:52:30+00:00\",\"dateModified\":\"2021-11-16T11:54:22+00:00\",\"breadcrumb\":{\"@id\":\"https:\\\/\\\/jornadasebprioicprj.com.br\\\/2021\\\/mesas-simultaneas\\\/#breadcrumb\"},\"inLanguage\":\"pt-BR\",\"potentialAction\":[{\"@type\":\"ReadAction\",\"target\":[\"https:\\\/\\\/jornadasebprioicprj.com.br\\\/2021\\\/mesas-simultaneas\\\/\"]}]},{\"@type\":\"BreadcrumbList\",\"@id\":\"https:\\\/\\\/jornadasebprioicprj.com.br\\\/2021\\\/mesas-simultaneas\\\/#breadcrumb\",\"itemListElement\":[{\"@type\":\"ListItem\",\"position\":1,\"name\":\"In\u00edcio\",\"item\":\"https:\\\/\\\/jornadasebprioicprj.com.br\\\/2021\\\/\"},{\"@type\":\"ListItem\",\"position\":2,\"name\":\"Mesas Simult\u00e2neas\"}]},{\"@type\":\"WebSite\",\"@id\":\"https:\\\/\\\/jornadasebprioicprj.com.br\\\/2021\\\/#website\",\"url\":\"https:\\\/\\\/jornadasebprioicprj.com.br\\\/2021\\\/\",\"name\":\"Jornadas EBP RIO e ICPRJ\",\"description\":\"Escola Brasileira de Psican\u00e1lise\",\"potentialAction\":[{\"@type\":\"SearchAction\",\"target\":{\"@type\":\"EntryPoint\",\"urlTemplate\":\"https:\\\/\\\/jornadasebprioicprj.com.br\\\/2021\\\/?s={search_term_string}\"},\"query-input\":{\"@type\":\"PropertyValueSpecification\",\"valueRequired\":true,\"valueName\":\"search_term_string\"}}],\"inLanguage\":\"pt-BR\"}]}<\/script>\n<!-- \/ Yoast SEO plugin. -->","yoast_head_json":{"title":"Mesas Simult\u00e2neas - Jornadas EBP RIO e ICPRJ","robots":{"index":"index","follow":"follow","max-snippet":"max-snippet:-1","max-image-preview":"max-image-preview:large","max-video-preview":"max-video-preview:-1"},"canonical":"https:\/\/jornadasebprioicprj.com.br\/2021\/mesas-simultaneas\/","og_locale":"pt_BR","og_type":"article","og_title":"Mesas Simult\u00e2neas - Jornadas EBP RIO e ICPRJ","og_description":"[vc_row row_type=&#8221;main-section&#8221; wr_background_img=&#8221;40&#8243;][vc_column][vc_single_image image=&#8221;613&#8243; img_size=&#8221;full&#8221; alignment=&#8221;right&#8221;][\/vc_column][\/vc_row][vc_row][vc_column][vc_empty_space height=&#8221;50px&#8221;][vc_column_text] MESAS SIMULT\u00c2NEAS EIXO PSICAN\u00c1LISE E FORMA\u00c7\u00c3O 8:30 &#8211; MESA 1 \u2013 Efeitos de Eros (\u201cs\u00f3 o amor faz o gozo condescender ao desejo\u201d) Debatedora: Ana Martha Maia As tentativas de Lucinha \u2013 Adylson de Albuquerque Ennes Jogos virtuais, la\u00e7os e fic\u00e7\u00f5es inventadas sob transfer\u00eancia \u2013 Mariana Pucci Fabiana [&hellip;]","og_url":"https:\/\/jornadasebprioicprj.com.br\/2021\/mesas-simultaneas\/","og_site_name":"Jornadas EBP RIO e ICPRJ","article_modified_time":"2021-11-16T11:54:22+00:00","twitter_card":"summary_large_image","twitter_misc":{"Est. tempo de leitura":"3 minutos"},"schema":{"@context":"https:\/\/schema.org","@graph":[{"@type":"WebPage","@id":"https:\/\/jornadasebprioicprj.com.br\/2021\/mesas-simultaneas\/","url":"https:\/\/jornadasebprioicprj.com.br\/2021\/mesas-simultaneas\/","name":"Mesas Simult\u00e2neas - Jornadas EBP RIO e ICPRJ","isPartOf":{"@id":"https:\/\/jornadasebprioicprj.com.br\/2021\/#website"},"datePublished":"2021-11-16T11:52:30+00:00","dateModified":"2021-11-16T11:54:22+00:00","breadcrumb":{"@id":"https:\/\/jornadasebprioicprj.com.br\/2021\/mesas-simultaneas\/#breadcrumb"},"inLanguage":"pt-BR","potentialAction":[{"@type":"ReadAction","target":["https:\/\/jornadasebprioicprj.com.br\/2021\/mesas-simultaneas\/"]}]},{"@type":"BreadcrumbList","@id":"https:\/\/jornadasebprioicprj.com.br\/2021\/mesas-simultaneas\/#breadcrumb","itemListElement":[{"@type":"ListItem","position":1,"name":"In\u00edcio","item":"https:\/\/jornadasebprioicprj.com.br\/2021\/"},{"@type":"ListItem","position":2,"name":"Mesas Simult\u00e2neas"}]},{"@type":"WebSite","@id":"https:\/\/jornadasebprioicprj.com.br\/2021\/#website","url":"https:\/\/jornadasebprioicprj.com.br\/2021\/","name":"Jornadas EBP RIO e ICPRJ","description":"Escola Brasileira de Psican\u00e1lise","potentialAction":[{"@type":"SearchAction","target":{"@type":"EntryPoint","urlTemplate":"https:\/\/jornadasebprioicprj.com.br\/2021\/?s={search_term_string}"},"query-input":{"@type":"PropertyValueSpecification","valueRequired":true,"valueName":"search_term_string"}}],"inLanguage":"pt-BR"}]}},"_links":{"self":[{"href":"https:\/\/jornadasebprioicprj.com.br\/2021\/wp-json\/wp\/v2\/pages\/856","targetHints":{"allow":["GET"]}}],"collection":[{"href":"https:\/\/jornadasebprioicprj.com.br\/2021\/wp-json\/wp\/v2\/pages"}],"about":[{"href":"https:\/\/jornadasebprioicprj.com.br\/2021\/wp-json\/wp\/v2\/types\/page"}],"author":[{"embeddable":true,"href":"https:\/\/jornadasebprioicprj.com.br\/2021\/wp-json\/wp\/v2\/users\/1"}],"replies":[{"embeddable":true,"href":"https:\/\/jornadasebprioicprj.com.br\/2021\/wp-json\/wp\/v2\/comments?post=856"}],"version-history":[{"count":4,"href":"https:\/\/jornadasebprioicprj.com.br\/2021\/wp-json\/wp\/v2\/pages\/856\/revisions"}],"predecessor-version":[{"id":860,"href":"https:\/\/jornadasebprioicprj.com.br\/2021\/wp-json\/wp\/v2\/pages\/856\/revisions\/860"}],"wp:attachment":[{"href":"https:\/\/jornadasebprioicprj.com.br\/2021\/wp-json\/wp\/v2\/media?parent=856"}],"curies":[{"name":"wp","href":"https:\/\/api.w.org\/{rel}","templated":true}]}}