{"id":784,"date":"2021-11-04T14:32:54","date_gmt":"2021-11-04T17:32:54","guid":{"rendered":"https:\/\/jornadasebprioicprj.com.br\/2021\/?page_id=784"},"modified":"2021-11-11T18:31:18","modified_gmt":"2021-11-11T21:31:18","slug":"acesso-as-jornadas","status":"publish","type":"page","link":"https:\/\/jornadasebprioicprj.com.br\/2021\/acesso-as-jornadas\/","title":{"rendered":"Acesso \u00e0s Jornadas"},"content":{"rendered":"[vc_row row_type=&#8221;main-section&#8221; wr_background_img=&#8221;40&#8243;][vc_column][vc_single_image image=&#8221;613&#8243; img_size=&#8221;full&#8221; alignment=&#8221;right&#8221;][\/vc_column][\/vc_row][vc_row][vc_column][vc_empty_space height=&#8221;50px&#8221;][vc_column_text]\n<h1><span style=\"font-family: american-type;\">ACESSO \u00c0S JORNADAS\u00a0<\/span><\/h1>\n<p>&nbsp;<\/p>\n<p><span style=\"font-family: american-type; font-size: 36pt;\">P<\/span>ara ter acesso \u00e0s XXVIII Jornadas Cl\u00ednicas da EBP-Rio e do ICP-RJ, \u00e9 preciso ter o aplicativo de v\u00eddeo confer\u00eancias online <span style=\"font-family: 'Book Antiqua', Palatino;\"><strong>Zoom<\/strong><\/span> instalado no seu computador ou celular.<\/p>\n<p><strong><span style=\"font-family: 'Book Antiqua', Palatino;\"><i>Para uma experi\u00eancia mais confort\u00e1vel, recomendamos que use um computador para participar das Jornadas.<\/i><\/span><\/strong><i><span style=\"font-weight: 400;\"><br \/>\n<\/span><\/i><\/p>\n<p>&nbsp;<\/p>\n<p><span style=\"font-size: 18pt; font-family: american-type;\">Instala\u00e7\u00e3o do Zoom no computador &#8211; Windows<\/span><\/p>\n<p><span style=\"font-weight: 400;\">Clique aqui: <\/span><a href=\"https:\/\/zoom.us\/download\" target=\"_blank\" rel=\"noopener\"><span style=\"font-weight: 400;\">https:\/\/zoom.us\/download<\/span><\/a><span style=\"font-weight: 400;\"> e depois no bot\u00e3o <span style=\"font-family: 'Book Antiqua', Palatino;\"><strong><em>Fazer download<\/em><\/strong><\/span> ou <em><strong><span style=\"font-family: 'Book Antiqua', Palatino;\">Download<\/span><\/strong><\/em>.<\/span>[\/vc_column_text][vc_empty_space height=&#8221;50px&#8221;][vc_single_image image=&#8221;785&#8243; img_size=&#8221;500&#215;328&#8243;][vc_empty_space height=&#8221;50px&#8221;][vc_column_text]Depois de fazer o download, clique no arquivo <em><span style=\"font-family: 'Book Antiqua', Palatino;\"><strong>ZoomInstaller.exe<\/strong><\/span><\/em> e siga as instru\u00e7\u00f5es das telas.<\/p>\n<p>Se este arquivo n\u00e3o estiver vis\u00edvel, procure-o na pasta <span style=\"font-family: 'Book Antiqua', Palatino;\"><strong><em>Downloads<\/em><\/strong><\/span> do seu computador ou na pasta onde vc costuma baixar seus arquivos.<\/p>\n<p>&nbsp;<\/p>\n<p><span style=\"font-size: 18pt; font-family: american-type;\">Instala\u00e7\u00e3o do Zoom no computador &#8211; Apple \/ Mac<\/span><\/p>\n<p><span style=\"font-weight: 400;\">Clique aqui: <\/span><a href=\"https:\/\/zoom.us\/download\" target=\"_blank\" rel=\"noopener\"><span style=\"font-weight: 400;\">https:\/\/zoom.us\/download<\/span><\/a><span style=\"font-weight: 400;\"> e depois no bot\u00e3o <span style=\"font-family: 'Book Antiqua', Palatino;\"><strong><em>Fazer download<\/em><\/strong><\/span> ou <em><strong><span style=\"font-family: 'Book Antiqua', Palatino;\">Download<\/span><\/strong><\/em>.<\/span>[\/vc_column_text][vc_empty_space height=&#8221;50px&#8221;][vc_single_image image=&#8221;785&#8243; img_size=&#8221;500&#215;328&#8243;][vc_empty_space height=&#8221;50px&#8221;][vc_column_text]Depois de fazer o download, clique no arquivo <em><span style=\"font-family: 'Book Antiqua', Palatino;\"><strong>Zoom.pkg<\/strong><\/span><\/em> e siga as instru\u00e7\u00f5es das telas.<\/p>\n<p>Se este arquivo n\u00e3o estiver vis\u00edvel, procure-o na pasta <span style=\"font-family: 'Book Antiqua', Palatino;\"><strong><em>Downloads<\/em><\/strong><\/span> do seu computador ou na pasta onde vc costuma baixar seus arquivos.<\/p>\n<p>&nbsp;<\/p>\n<p><span style=\"font-size: 18pt; font-family: american-type;\">Instala\u00e7\u00e3o do Zoom no celular<\/span><\/p>\n<p>Celulares Android: busque o <span style=\"font-family: 'Book Antiqua', Palatino;\"><strong>Zoom Cloud Meetings<\/strong> <\/span>na Play Store.<\/p>\n<p>Celulares Apple (iPhone): busque o <span style=\"font-family: 'Book Antiqua', Palatino;\"><strong>Zoom Cloud Meetings<\/strong><\/span> na Apple Stores.<\/p>\n<p>&nbsp;<\/p>\n<p><strong><em><span style=\"font-family: 'Book Antiqua', Palatino;\">Importante: Caso voc\u00ea j\u00e1 tenha o aplicativo do Zoom instalado, recomendamos usar a vers\u00e3o mais atualizada, para um acesso mais completo \u00e0s suas funcionalidades. Para verificar sua vers\u00e3o instalada e atualiz\u00e1-la, clique aqui: <a href=\"https:\/\/support.zoom.us\/hc\/pt-br\/articles\/201362233-Atualiza%C3%A7%C3%A3o-upgrade-para-a-vers%C3%A3o-mais-recente\" target=\"_blank\" rel=\"noopener\">https:\/\/support.zoom.us\/hc\/pt-br\/articles\/201362233-Atualiza%C3%A7%C3%A3o-upgrade-para-a-vers%C3%A3o-mais-recente<\/a><\/span><\/em><\/strong><\/p>\n<h6><\/h6>\n<p>&nbsp;<\/p>\n<p><span style=\"font-size: 24pt; font-family: american-type;\">Para acessar as Jornadas<\/span><\/p>\n<p>&nbsp;<\/p>\n<ol>\n<li>Abra o e-mail de confirma\u00e7\u00e3o do seu pedido. Voc\u00ea o recebeu assim que fez o pagamento e, no assunto dele, est\u00e1 escrito assim:<em> \u201cSeus ingressos para o evento: Nomes da vida: marcas da pandemia &#8211; XXVIII Jornadas da EBP-Rio e ICP-RJ\u201d<\/em>. N\u00e3o se preocupe se n\u00e3o encontr\u00e1-lo: n\u00f3s vamos te reenviar na v\u00e9spera das Jornadas;<\/li>\n<li>Neste e-mail, clique em <em>\u201cAcessar transmiss\u00e3o\u201d<\/em>;<\/li>\n<\/ol>\n[\/vc_column_text][vc_empty_space height=&#8221;50px&#8221;][vc_single_image image=&#8221;786&#8243; img_size=&#8221;500&#215;467&#8243;][vc_empty_space height=&#8221;50px&#8221;][vc_column_text]\n<p>&nbsp;<\/p>\n<ol start=\"3\">\n<li>Voc\u00ea vai ser redirecionado para a p\u00e1gina do Sympla que d\u00e1 acesso \u00e0 transmiss\u00e3o das Jornadas. Nesta p\u00e1gina, voc\u00ea dever\u00e1 clicar novamente em <em>\u201cAcessar transmiss\u00e3o\u201d<\/em>;<\/li>\n<\/ol>\n[\/vc_column_text][vc_empty_space height=&#8221;50px&#8221;][vc_single_image image=&#8221;787&#8243; img_size=&#8221;918&#215;467&#8243;][vc_empty_space height=&#8221;50px&#8221;][vc_column_text]\n<p>&nbsp;<\/p>\n<ol start=\"4\">\n<li>Depois disso, aguarde o carregamento completo da p\u00e1gina que te redirecionar\u00e1 para o Zoom. Nesta etapa, pode aparecer uma solicita\u00e7\u00e3o para abrir o Zoom. Se isso acontecer, clique em\u00a0<em>\u201cAbrir zoom.us\u201d<\/em>:<\/li>\n<\/ol>\n[\/vc_column_text][vc_empty_space height=&#8221;50px&#8221;][vc_single_image image=&#8221;789&#8243; img_size=&#8221;914&#215;467&#8243;][vc_empty_space height=&#8221;50px&#8221;][vc_column_text]\n<ol start=\"5\">\n<li>Pronto! Agora \u00e9 s\u00f3 esperar as Jornadas come\u00e7arem!<\/li>\n<\/ol>\n<p>&nbsp;<\/p>\n<p><span style=\"font-family: 'Book Antiqua', Palatino;\"><strong><em>Importante:\u00a0s\u00f3 \u00e9 poss\u00edvel acessar a transmiss\u00e3o a partir de\u00a015 minutos\u00a0antes do hor\u00e1rio de in\u00edcio do evento.<\/em><\/strong><\/span><\/p>\n<p><span style=\"font-family: 'Book Antiqua', Palatino;\"><strong><em>Aten\u00e7\u00e3o: N\u00e3o \u00e9 necess\u00e1rio fazer login na plataforma Sympla para acessar seus ingressos.<\/em><\/strong><\/span><\/p>\n<p>&gt;&gt; Se tiver mais d\u00favidas sobre como acessar as Jornadas, clique aqui: <a href=\"https:\/\/ajuda.sympla.com.br\/hc\/pt-br\/articles\/360041726311-Como-acessar-a-transmiss%C3%A3o-de-um-evento-Sympla-Streaming-\" target=\"_blank\" rel=\"noopener\">https:\/\/ajuda.sympla.com.br\/hc\/pt-br\/articles\/360041726311-Como-acessar-a-transmiss%C3%A3o-de-um-evento-Sympla-Streaming-<\/a><\/p>\n<p>&nbsp;<\/p>\n<p>&nbsp;<\/p>\n<p><span style=\"font-family: american-type; font-size: 24pt;\">Como navegar pelos espa\u00e7os virtuais das Jornadas<\/span><\/p>\n<p>&nbsp;<\/p>\n<p><span style=\"font-family: american-type; font-size: 36pt;\">A<\/span>p\u00f3s acessar seu ingresso para as Jornadas, voc\u00ea ser\u00e1 redirecionado para o aplicativo do Zoom e j\u00e1 estar\u00e1 na sala do evento.<\/p>\n<p>Nas manh\u00e3s de sexta-feira e s\u00e1bado, acontecer\u00e3o, respectivamente, os cursos do ICP-RJ e as mesas simult\u00e2neas de trabalhos. Nesses momentos da programa\u00e7\u00e3o das Jornadas, voc\u00ea dever\u00e1 escolher uma das op\u00e7\u00f5es de sala simult\u00e2nea. Para isso, clique no bot\u00e3o \u201cSalas simult\u00e2neas\u201d ou \u201cBreakout rooms\u201d, na barra inferior da tela do Zoom, e escolha a sala para onde quer ir.<\/p>\n[\/vc_column_text][vc_empty_space height=&#8221;50px&#8221;][vc_single_image image=&#8221;788&#8243; img_size=&#8221;500&#215;313&#8243;][vc_empty_space height=&#8221;50px&#8221;][vc_column_text]\n<p>&nbsp;<\/p>\n<p>Para retornar \u00e0 sala principal do evento, clique em \u201csair da sala simult\u00e2nea\u201d. Atente-se para n\u00e3o clicar em \u201csair da reuni\u00e3o\u201d, pois isto te far\u00e1 sair do evento.<\/p>\n[\/vc_column_text][vc_empty_space height=&#8221;50px&#8221;][vc_single_image image=&#8221;791&#8243; img_size=&#8221;500&#215;313&#8243;][vc_empty_space height=&#8221;50px&#8221;][vc_column_text]\n<p>Caso saia do evento, propositalmente ou n\u00e3o, n\u00e3o se preocupe: voc\u00ea pode retornar. Basta fazer o mesmo caminho inicial de acesso \u00e0s Jornadas, pelo ingresso contido em seu e-mail. Ele valer\u00e1 para todo o evento, durante os dois dias. Assim, tamb\u00e9m ap\u00f3s os intervalos e almo\u00e7o, basta clicar no link de seu ingresso das Jornadas para retomar a programa\u00e7\u00e3o do evento.<\/p>\n<p>Pronto! Agora \u00e9 s\u00f3 esperar as Jornadas come\u00e7arem!<\/p>\n<p>&nbsp;<\/p>\n<p><em><strong><span style=\"font-family: 'Book Antiqua', Palatino;\">&gt; Importante: s\u00f3 \u00e9 poss\u00edvel acessar a transmiss\u00e3o a partir de 15 minutos antes do hor\u00e1rio de in\u00edcio do evento.<\/span><\/strong><\/em><\/p>\n<p><em><strong><span style=\"font-family: 'Book Antiqua', Palatino;\">&gt; Aten\u00e7\u00e3o: N\u00e3o \u00e9 necess\u00e1rio fazer login na plataforma Sympla para acessar seus ingressos.<\/span><\/strong><\/em><\/p>\n<p><em><strong><span style=\"font-family: 'Book Antiqua', Palatino;\">&gt; Se tiver mais d\u00favidas sobre como acessar as Jornadas, clique aqui: <a href=\"https:\/\/ajuda.sympla.com.br\/hc\/pt-br\/articles\/360041726311-Como-acessar-a-transmiss%C3%A3o-de-um-evento-Sympla-Streaming-\" target=\"_blank\" rel=\"noopener\">https:\/\/ajuda.sympla.com.br\/hc\/pt-br\/articles\/360041726311-Como-acessar-a-transmiss%C3%A3o-de-um-evento-Sympla-Streaming-<\/a><\/span><\/strong><\/em><\/p>\n<p>&nbsp;<\/p>\n<p><span style=\"font-size: 18pt;\"><strong><em><span style=\"font-family: 'Book Antiqua', Palatino;\">Recomenda\u00e7\u00f5es para melhor aproveitar o evento:<\/span><\/em><\/strong><\/span><\/p>\n<ol>\n<li><strong><em><span style=\"font-family: 'Book Antiqua', Palatino;\">Privilegie assistir \u00e0s Jornadas pelo computador e n\u00e3o pelo celular\/tablet. Vai ser mais confort\u00e1vel!<\/span><\/em><\/strong><\/li>\n<li><strong><em><span style=\"font-family: 'Book Antiqua', Palatino;\">Utilize fones de ouvido\u00a0ou procure um local silencioso para ter uma experi\u00eancia sem interfer\u00eancias;<\/span><\/em><\/strong><\/li>\n<li><strong><em><span style=\"font-family: 'Book Antiqua', Palatino;\">Garanta uma conex\u00e3o est\u00e1vel,\u00a0acessando o evento por uma rede Wi-Fi;<\/span><\/em><\/strong><\/li>\n<li><strong><em><span style=\"font-family: 'Book Antiqua', Palatino;\">Teste o \u00e1udio do seu microfone, verifique se ele est\u00e1 ativado ou desativado e mantenha-o desativado durante as Jornadas.<\/span><\/em><\/strong><\/li>\n<\/ol>\n<p>&nbsp;<\/p>\n<p>&nbsp;<\/p>\n[\/vc_column_text][\/vc_column][\/vc_row]\n","protected":false},"excerpt":{"rendered":"<p>[vc_row row_type=&#8221;main-section&#8221; wr_background_img=&#8221;40&#8243;][vc_column][vc_single_image image=&#8221;613&#8243; img_size=&#8221;full&#8221; alignment=&#8221;right&#8221;][\/vc_column][\/vc_row][vc_row][vc_column][vc_empty_space height=&#8221;50px&#8221;][vc_column_text] ACESSO \u00c0S JORNADAS\u00a0 &nbsp; Para ter acesso \u00e0s XXVIII Jornadas Cl\u00ednicas da EBP-Rio e do ICP-RJ, \u00e9 preciso ter o aplicativo de v\u00eddeo confer\u00eancias online Zoom instalado no seu computador ou celular. Para uma experi\u00eancia mais confort\u00e1vel, recomendamos que use um computador para participar das Jornadas. &nbsp; Instala\u00e7\u00e3o [&hellip;]<\/p>\n","protected":false},"author":1,"featured_media":0,"parent":0,"menu_order":0,"comment_status":"closed","ping_status":"closed","template":"","meta":{"footnotes":""},"class_list":["post-784","page","type-page","status-publish","hentry"],"yoast_head":"<!-- This site is optimized with the Yoast SEO plugin v27.6 - https:\/\/yoast.com\/product\/yoast-seo-wordpress\/ -->\n<title>Acesso \u00e0s Jornadas - Jornadas EBP RIO e ICPRJ<\/title>\n<meta name=\"robots\" content=\"index, follow, max-snippet:-1, max-image-preview:large, max-video-preview:-1\" \/>\n<link rel=\"canonical\" href=\"https:\/\/jornadasebprioicprj.com.br\/2021\/acesso-as-jornadas\/\" \/>\n<meta property=\"og:locale\" content=\"pt_BR\" \/>\n<meta property=\"og:type\" content=\"article\" \/>\n<meta property=\"og:title\" content=\"Acesso \u00e0s Jornadas - Jornadas EBP RIO e ICPRJ\" \/>\n<meta property=\"og:description\" content=\"[vc_row row_type=&#8221;main-section&#8221; wr_background_img=&#8221;40&#8243;][vc_column][vc_single_image image=&#8221;613&#8243; img_size=&#8221;full&#8221; alignment=&#8221;right&#8221;][\/vc_column][\/vc_row][vc_row][vc_column][vc_empty_space height=&#8221;50px&#8221;][vc_column_text] ACESSO \u00c0S JORNADAS\u00a0 &nbsp; Para ter acesso \u00e0s XXVIII Jornadas Cl\u00ednicas da EBP-Rio e do ICP-RJ, \u00e9 preciso ter o aplicativo de v\u00eddeo confer\u00eancias online Zoom instalado no seu computador ou celular. Para uma experi\u00eancia mais confort\u00e1vel, recomendamos que use um computador para participar das Jornadas. &nbsp; Instala\u00e7\u00e3o [&hellip;]\" \/>\n<meta property=\"og:url\" content=\"https:\/\/jornadasebprioicprj.com.br\/2021\/acesso-as-jornadas\/\" \/>\n<meta property=\"og:site_name\" content=\"Jornadas EBP RIO e ICPRJ\" \/>\n<meta property=\"article:modified_time\" content=\"2021-11-11T21:31:18+00:00\" \/>\n<meta name=\"twitter:card\" content=\"summary_large_image\" \/>\n<meta name=\"twitter:label1\" content=\"Est. tempo de leitura\" \/>\n\t<meta name=\"twitter:data1\" content=\"4 minutos\" \/>\n<script type=\"application\/ld+json\" class=\"yoast-schema-graph\">{\"@context\":\"https:\\\/\\\/schema.org\",\"@graph\":[{\"@type\":\"WebPage\",\"@id\":\"https:\\\/\\\/jornadasebprioicprj.com.br\\\/2021\\\/acesso-as-jornadas\\\/\",\"url\":\"https:\\\/\\\/jornadasebprioicprj.com.br\\\/2021\\\/acesso-as-jornadas\\\/\",\"name\":\"Acesso \u00e0s Jornadas - Jornadas EBP RIO e ICPRJ\",\"isPartOf\":{\"@id\":\"https:\\\/\\\/jornadasebprioicprj.com.br\\\/2021\\\/#website\"},\"datePublished\":\"2021-11-04T17:32:54+00:00\",\"dateModified\":\"2021-11-11T21:31:18+00:00\",\"breadcrumb\":{\"@id\":\"https:\\\/\\\/jornadasebprioicprj.com.br\\\/2021\\\/acesso-as-jornadas\\\/#breadcrumb\"},\"inLanguage\":\"pt-BR\",\"potentialAction\":[{\"@type\":\"ReadAction\",\"target\":[\"https:\\\/\\\/jornadasebprioicprj.com.br\\\/2021\\\/acesso-as-jornadas\\\/\"]}]},{\"@type\":\"BreadcrumbList\",\"@id\":\"https:\\\/\\\/jornadasebprioicprj.com.br\\\/2021\\\/acesso-as-jornadas\\\/#breadcrumb\",\"itemListElement\":[{\"@type\":\"ListItem\",\"position\":1,\"name\":\"In\u00edcio\",\"item\":\"https:\\\/\\\/jornadasebprioicprj.com.br\\\/2021\\\/\"},{\"@type\":\"ListItem\",\"position\":2,\"name\":\"Acesso \u00e0s Jornadas\"}]},{\"@type\":\"WebSite\",\"@id\":\"https:\\\/\\\/jornadasebprioicprj.com.br\\\/2021\\\/#website\",\"url\":\"https:\\\/\\\/jornadasebprioicprj.com.br\\\/2021\\\/\",\"name\":\"Jornadas EBP RIO e ICPRJ\",\"description\":\"Escola Brasileira de Psican\u00e1lise\",\"potentialAction\":[{\"@type\":\"SearchAction\",\"target\":{\"@type\":\"EntryPoint\",\"urlTemplate\":\"https:\\\/\\\/jornadasebprioicprj.com.br\\\/2021\\\/?s={search_term_string}\"},\"query-input\":{\"@type\":\"PropertyValueSpecification\",\"valueRequired\":true,\"valueName\":\"search_term_string\"}}],\"inLanguage\":\"pt-BR\"}]}<\/script>\n<!-- \/ Yoast SEO plugin. -->","yoast_head_json":{"title":"Acesso \u00e0s Jornadas - Jornadas EBP RIO e ICPRJ","robots":{"index":"index","follow":"follow","max-snippet":"max-snippet:-1","max-image-preview":"max-image-preview:large","max-video-preview":"max-video-preview:-1"},"canonical":"https:\/\/jornadasebprioicprj.com.br\/2021\/acesso-as-jornadas\/","og_locale":"pt_BR","og_type":"article","og_title":"Acesso \u00e0s Jornadas - Jornadas EBP RIO e ICPRJ","og_description":"[vc_row row_type=&#8221;main-section&#8221; wr_background_img=&#8221;40&#8243;][vc_column][vc_single_image image=&#8221;613&#8243; img_size=&#8221;full&#8221; alignment=&#8221;right&#8221;][\/vc_column][\/vc_row][vc_row][vc_column][vc_empty_space height=&#8221;50px&#8221;][vc_column_text] ACESSO \u00c0S JORNADAS\u00a0 &nbsp; Para ter acesso \u00e0s XXVIII Jornadas Cl\u00ednicas da EBP-Rio e do ICP-RJ, \u00e9 preciso ter o aplicativo de v\u00eddeo confer\u00eancias online Zoom instalado no seu computador ou celular. Para uma experi\u00eancia mais confort\u00e1vel, recomendamos que use um computador para participar das Jornadas. &nbsp; Instala\u00e7\u00e3o [&hellip;]","og_url":"https:\/\/jornadasebprioicprj.com.br\/2021\/acesso-as-jornadas\/","og_site_name":"Jornadas EBP RIO e ICPRJ","article_modified_time":"2021-11-11T21:31:18+00:00","twitter_card":"summary_large_image","twitter_misc":{"Est. tempo de leitura":"4 minutos"},"schema":{"@context":"https:\/\/schema.org","@graph":[{"@type":"WebPage","@id":"https:\/\/jornadasebprioicprj.com.br\/2021\/acesso-as-jornadas\/","url":"https:\/\/jornadasebprioicprj.com.br\/2021\/acesso-as-jornadas\/","name":"Acesso \u00e0s Jornadas - Jornadas EBP RIO e ICPRJ","isPartOf":{"@id":"https:\/\/jornadasebprioicprj.com.br\/2021\/#website"},"datePublished":"2021-11-04T17:32:54+00:00","dateModified":"2021-11-11T21:31:18+00:00","breadcrumb":{"@id":"https:\/\/jornadasebprioicprj.com.br\/2021\/acesso-as-jornadas\/#breadcrumb"},"inLanguage":"pt-BR","potentialAction":[{"@type":"ReadAction","target":["https:\/\/jornadasebprioicprj.com.br\/2021\/acesso-as-jornadas\/"]}]},{"@type":"BreadcrumbList","@id":"https:\/\/jornadasebprioicprj.com.br\/2021\/acesso-as-jornadas\/#breadcrumb","itemListElement":[{"@type":"ListItem","position":1,"name":"In\u00edcio","item":"https:\/\/jornadasebprioicprj.com.br\/2021\/"},{"@type":"ListItem","position":2,"name":"Acesso \u00e0s Jornadas"}]},{"@type":"WebSite","@id":"https:\/\/jornadasebprioicprj.com.br\/2021\/#website","url":"https:\/\/jornadasebprioicprj.com.br\/2021\/","name":"Jornadas EBP RIO e ICPRJ","description":"Escola Brasileira de Psican\u00e1lise","potentialAction":[{"@type":"SearchAction","target":{"@type":"EntryPoint","urlTemplate":"https:\/\/jornadasebprioicprj.com.br\/2021\/?s={search_term_string}"},"query-input":{"@type":"PropertyValueSpecification","valueRequired":true,"valueName":"search_term_string"}}],"inLanguage":"pt-BR"}]}},"_links":{"self":[{"href":"https:\/\/jornadasebprioicprj.com.br\/2021\/wp-json\/wp\/v2\/pages\/784","targetHints":{"allow":["GET"]}}],"collection":[{"href":"https:\/\/jornadasebprioicprj.com.br\/2021\/wp-json\/wp\/v2\/pages"}],"about":[{"href":"https:\/\/jornadasebprioicprj.com.br\/2021\/wp-json\/wp\/v2\/types\/page"}],"author":[{"embeddable":true,"href":"https:\/\/jornadasebprioicprj.com.br\/2021\/wp-json\/wp\/v2\/users\/1"}],"replies":[{"embeddable":true,"href":"https:\/\/jornadasebprioicprj.com.br\/2021\/wp-json\/wp\/v2\/comments?post=784"}],"version-history":[{"count":43,"href":"https:\/\/jornadasebprioicprj.com.br\/2021\/wp-json\/wp\/v2\/pages\/784\/revisions"}],"predecessor-version":[{"id":853,"href":"https:\/\/jornadasebprioicprj.com.br\/2021\/wp-json\/wp\/v2\/pages\/784\/revisions\/853"}],"wp:attachment":[{"href":"https:\/\/jornadasebprioicprj.com.br\/2021\/wp-json\/wp\/v2\/media?parent=784"}],"curies":[{"name":"wp","href":"https:\/\/api.w.org\/{rel}","templated":true}]}}