{"id":431,"date":"2021-08-12T10:53:57","date_gmt":"2021-08-12T13:53:57","guid":{"rendered":"https:\/\/jornadasebprioicprj.com.br\/2021\/?page_id=431"},"modified":"2021-08-25T08:30:21","modified_gmt":"2021-08-25T11:30:21","slug":"boletim-gps02","status":"publish","type":"page","link":"https:\/\/jornadasebprioicprj.com.br\/2021\/boletim-gps\/boletim-gps02\/","title":{"rendered":"Boletim .gps #02"},"content":{"rendered":"[vc_row row_type=&#8221;main-section&#8221; wr_background_img=&#8221;40&#8243;][vc_column][vc_single_image image=&#8221;613&#8243; img_size=&#8221;full&#8221; alignment=&#8221;right&#8221;][\/vc_column][\/vc_row][vc_row][vc_column][vc_empty_space height=&#8221;50px&#8221;][vc_column_text]\n<p><span style=\"font-family: american-type; font-size: 36pt;\">Boletim#2<\/span><\/p>\n[\/vc_column_text][vc_empty_space height=&#8221;50px&#8221;][vc_column_text]\n<p>&nbsp;<\/p>\n<p>&nbsp;<\/p>\n<p style=\"text-align: center;\"><iframe loading=\"lazy\" title=\"YouTube video player\" src=\"https:\/\/www.youtube.com\/embed\/eW8D3kbfoPI\" width=\"560\" height=\"315\" frameborder=\"0\" allowfullscreen=\"allowfullscreen\"><\/iframe><\/p>\n<p>&nbsp;<\/p>\n<p><span style=\"font-size: 36pt; font-family: american-type;\">N<\/span>ossa jornada teve como ponto de partida o v\u00eddeo arte \u2018<em>Texto quer dizer tecido\u2019<\/em>, de Andr\u00e9 de Azevedo. Nele, somos convidados a pensar como as palavras, tal como os fios, cruzam-se, entrela\u00e7am-se e sobrep\u00f5em-se, compondo nomes e deixando marcas tecidas na vida e em nossa mem\u00f3ria. Agora \u00e9 chegado o momento em que as Jornadas tomam corpo e voz, com a apresenta\u00e7\u00e3o dos pontos que v\u00e3o nos conduzir nesse percurso! Esperamos que cada um possa aproveitar esse momento t\u00e3o especial e fazer parte das Jornadas, que prometem muitas surpresas e encontros instigantes!<br \/>\nSigamos!<\/p>\n<p>&nbsp;<\/p>\n<p style=\"text-align: left;\"><span style=\"font-family: american-type; font-size: 24pt;\">NOITE DO LAN\u00c7AMENTO<\/span><\/p>\n<p>&nbsp;<\/p>\n<p style=\"text-align: center;\"><iframe loading=\"lazy\" title=\"YouTube video player\" src=\"https:\/\/www.youtube.com\/embed\/g8MK4eFENxo\" width=\"560\" height=\"315\" frameborder=\"0\" allowfullscreen=\"allowfullscreen\"><\/iframe><\/p>\n<p>&nbsp;<\/p>\n","protected":false},"excerpt":{"rendered":"<p>[vc_row row_type=&#8221;main-section&#8221; wr_background_img=&#8221;40&#8243;][vc_column][vc_single_image image=&#8221;613&#8243; img_size=&#8221;full&#8221; alignment=&#8221;right&#8221;][\/vc_column][\/vc_row][vc_row][vc_column][vc_empty_space height=&#8221;50px&#8221;][vc_column_text] Boletim#2 [\/vc_column_text][vc_empty_space height=&#8221;50px&#8221;][vc_column_text] &nbsp; &nbsp; &nbsp; Nossa jornada teve como ponto de partida o v\u00eddeo arte \u2018Texto quer dizer tecido\u2019, de Andr\u00e9 de Azevedo. Nele, somos convidados a pensar como as palavras, tal como os fios, cruzam-se, entrela\u00e7am-se e sobrep\u00f5em-se, compondo nomes e deixando marcas tecidas na vida [&hellip;]<\/p>\n","protected":false},"author":1,"featured_media":0,"parent":11,"menu_order":0,"comment_status":"closed","ping_status":"closed","template":"","meta":{"footnotes":""},"class_list":["post-431","page","type-page","status-publish","hentry"],"yoast_head":"<!-- This site is optimized with the Yoast SEO plugin v27.5 - https:\/\/yoast.com\/product\/yoast-seo-wordpress\/ -->\n<title>Boletim .gps #02 - Jornadas EBP RIO e ICPRJ<\/title>\n<meta name=\"robots\" content=\"index, follow, max-snippet:-1, max-image-preview:large, max-video-preview:-1\" \/>\n<link rel=\"canonical\" href=\"https:\/\/jornadasebprioicprj.com.br\/2021\/boletim-gps\/boletim-gps02\/\" \/>\n<meta property=\"og:locale\" content=\"pt_BR\" \/>\n<meta property=\"og:type\" content=\"article\" \/>\n<meta property=\"og:title\" content=\"Boletim .gps #02 - Jornadas EBP RIO e ICPRJ\" \/>\n<meta property=\"og:description\" content=\"[vc_row row_type=&#8221;main-section&#8221; wr_background_img=&#8221;40&#8243;][vc_column][vc_single_image image=&#8221;613&#8243; img_size=&#8221;full&#8221; alignment=&#8221;right&#8221;][\/vc_column][\/vc_row][vc_row][vc_column][vc_empty_space height=&#8221;50px&#8221;][vc_column_text] Boletim#2 [\/vc_column_text][vc_empty_space height=&#8221;50px&#8221;][vc_column_text] &nbsp; &nbsp; &nbsp; Nossa jornada teve como ponto de partida o v\u00eddeo arte \u2018Texto quer dizer tecido\u2019, de Andr\u00e9 de Azevedo. Nele, somos convidados a pensar como as palavras, tal como os fios, cruzam-se, entrela\u00e7am-se e sobrep\u00f5em-se, compondo nomes e deixando marcas tecidas na vida [&hellip;]\" \/>\n<meta property=\"og:url\" content=\"https:\/\/jornadasebprioicprj.com.br\/2021\/boletim-gps\/boletim-gps02\/\" \/>\n<meta property=\"og:site_name\" content=\"Jornadas EBP RIO e ICPRJ\" \/>\n<meta property=\"article:modified_time\" content=\"2021-08-25T11:30:21+00:00\" \/>\n<meta name=\"twitter:card\" content=\"summary_large_image\" \/>\n<meta name=\"twitter:label1\" content=\"Est. tempo de leitura\" \/>\n\t<meta name=\"twitter:data1\" content=\"1 minuto\" \/>\n<script type=\"application\/ld+json\" class=\"yoast-schema-graph\">{\"@context\":\"https:\\\/\\\/schema.org\",\"@graph\":[{\"@type\":\"WebPage\",\"@id\":\"https:\\\/\\\/jornadasebprioicprj.com.br\\\/2021\\\/boletim-gps\\\/boletim-gps02\\\/\",\"url\":\"https:\\\/\\\/jornadasebprioicprj.com.br\\\/2021\\\/boletim-gps\\\/boletim-gps02\\\/\",\"name\":\"Boletim .gps #02 - Jornadas EBP RIO e ICPRJ\",\"isPartOf\":{\"@id\":\"https:\\\/\\\/jornadasebprioicprj.com.br\\\/2021\\\/#website\"},\"datePublished\":\"2021-08-12T13:53:57+00:00\",\"dateModified\":\"2021-08-25T11:30:21+00:00\",\"breadcrumb\":{\"@id\":\"https:\\\/\\\/jornadasebprioicprj.com.br\\\/2021\\\/boletim-gps\\\/boletim-gps02\\\/#breadcrumb\"},\"inLanguage\":\"pt-BR\",\"potentialAction\":[{\"@type\":\"ReadAction\",\"target\":[\"https:\\\/\\\/jornadasebprioicprj.com.br\\\/2021\\\/boletim-gps\\\/boletim-gps02\\\/\"]}]},{\"@type\":\"BreadcrumbList\",\"@id\":\"https:\\\/\\\/jornadasebprioicprj.com.br\\\/2021\\\/boletim-gps\\\/boletim-gps02\\\/#breadcrumb\",\"itemListElement\":[{\"@type\":\"ListItem\",\"position\":1,\"name\":\"In\u00edcio\",\"item\":\"https:\\\/\\\/jornadasebprioicprj.com.br\\\/2021\\\/\"},{\"@type\":\"ListItem\",\"position\":2,\"name\":\"Boletim .gps\",\"item\":\"https:\\\/\\\/jornadasebprioicprj.com.br\\\/2021\\\/boletim-gps\\\/\"},{\"@type\":\"ListItem\",\"position\":3,\"name\":\"Boletim .gps #02\"}]},{\"@type\":\"WebSite\",\"@id\":\"https:\\\/\\\/jornadasebprioicprj.com.br\\\/2021\\\/#website\",\"url\":\"https:\\\/\\\/jornadasebprioicprj.com.br\\\/2021\\\/\",\"name\":\"Jornadas EBP RIO e ICPRJ\",\"description\":\"Escola Brasileira de Psican\u00e1lise\",\"potentialAction\":[{\"@type\":\"SearchAction\",\"target\":{\"@type\":\"EntryPoint\",\"urlTemplate\":\"https:\\\/\\\/jornadasebprioicprj.com.br\\\/2021\\\/?s={search_term_string}\"},\"query-input\":{\"@type\":\"PropertyValueSpecification\",\"valueRequired\":true,\"valueName\":\"search_term_string\"}}],\"inLanguage\":\"pt-BR\"}]}<\/script>\n<!-- \/ Yoast SEO plugin. -->","yoast_head_json":{"title":"Boletim .gps #02 - Jornadas EBP RIO e ICPRJ","robots":{"index":"index","follow":"follow","max-snippet":"max-snippet:-1","max-image-preview":"max-image-preview:large","max-video-preview":"max-video-preview:-1"},"canonical":"https:\/\/jornadasebprioicprj.com.br\/2021\/boletim-gps\/boletim-gps02\/","og_locale":"pt_BR","og_type":"article","og_title":"Boletim .gps #02 - Jornadas EBP RIO e ICPRJ","og_description":"[vc_row row_type=&#8221;main-section&#8221; wr_background_img=&#8221;40&#8243;][vc_column][vc_single_image image=&#8221;613&#8243; img_size=&#8221;full&#8221; alignment=&#8221;right&#8221;][\/vc_column][\/vc_row][vc_row][vc_column][vc_empty_space height=&#8221;50px&#8221;][vc_column_text] Boletim#2 [\/vc_column_text][vc_empty_space height=&#8221;50px&#8221;][vc_column_text] &nbsp; &nbsp; &nbsp; Nossa jornada teve como ponto de partida o v\u00eddeo arte \u2018Texto quer dizer tecido\u2019, de Andr\u00e9 de Azevedo. Nele, somos convidados a pensar como as palavras, tal como os fios, cruzam-se, entrela\u00e7am-se e sobrep\u00f5em-se, compondo nomes e deixando marcas tecidas na vida [&hellip;]","og_url":"https:\/\/jornadasebprioicprj.com.br\/2021\/boletim-gps\/boletim-gps02\/","og_site_name":"Jornadas EBP RIO e ICPRJ","article_modified_time":"2021-08-25T11:30:21+00:00","twitter_card":"summary_large_image","twitter_misc":{"Est. tempo de leitura":"1 minuto"},"schema":{"@context":"https:\/\/schema.org","@graph":[{"@type":"WebPage","@id":"https:\/\/jornadasebprioicprj.com.br\/2021\/boletim-gps\/boletim-gps02\/","url":"https:\/\/jornadasebprioicprj.com.br\/2021\/boletim-gps\/boletim-gps02\/","name":"Boletim .gps #02 - Jornadas EBP RIO e ICPRJ","isPartOf":{"@id":"https:\/\/jornadasebprioicprj.com.br\/2021\/#website"},"datePublished":"2021-08-12T13:53:57+00:00","dateModified":"2021-08-25T11:30:21+00:00","breadcrumb":{"@id":"https:\/\/jornadasebprioicprj.com.br\/2021\/boletim-gps\/boletim-gps02\/#breadcrumb"},"inLanguage":"pt-BR","potentialAction":[{"@type":"ReadAction","target":["https:\/\/jornadasebprioicprj.com.br\/2021\/boletim-gps\/boletim-gps02\/"]}]},{"@type":"BreadcrumbList","@id":"https:\/\/jornadasebprioicprj.com.br\/2021\/boletim-gps\/boletim-gps02\/#breadcrumb","itemListElement":[{"@type":"ListItem","position":1,"name":"In\u00edcio","item":"https:\/\/jornadasebprioicprj.com.br\/2021\/"},{"@type":"ListItem","position":2,"name":"Boletim .gps","item":"https:\/\/jornadasebprioicprj.com.br\/2021\/boletim-gps\/"},{"@type":"ListItem","position":3,"name":"Boletim .gps #02"}]},{"@type":"WebSite","@id":"https:\/\/jornadasebprioicprj.com.br\/2021\/#website","url":"https:\/\/jornadasebprioicprj.com.br\/2021\/","name":"Jornadas EBP RIO e ICPRJ","description":"Escola Brasileira de Psican\u00e1lise","potentialAction":[{"@type":"SearchAction","target":{"@type":"EntryPoint","urlTemplate":"https:\/\/jornadasebprioicprj.com.br\/2021\/?s={search_term_string}"},"query-input":{"@type":"PropertyValueSpecification","valueRequired":true,"valueName":"search_term_string"}}],"inLanguage":"pt-BR"}]}},"_links":{"self":[{"href":"https:\/\/jornadasebprioicprj.com.br\/2021\/wp-json\/wp\/v2\/pages\/431","targetHints":{"allow":["GET"]}}],"collection":[{"href":"https:\/\/jornadasebprioicprj.com.br\/2021\/wp-json\/wp\/v2\/pages"}],"about":[{"href":"https:\/\/jornadasebprioicprj.com.br\/2021\/wp-json\/wp\/v2\/types\/page"}],"author":[{"embeddable":true,"href":"https:\/\/jornadasebprioicprj.com.br\/2021\/wp-json\/wp\/v2\/users\/1"}],"replies":[{"embeddable":true,"href":"https:\/\/jornadasebprioicprj.com.br\/2021\/wp-json\/wp\/v2\/comments?post=431"}],"version-history":[{"count":6,"href":"https:\/\/jornadasebprioicprj.com.br\/2021\/wp-json\/wp\/v2\/pages\/431\/revisions"}],"predecessor-version":[{"id":640,"href":"https:\/\/jornadasebprioicprj.com.br\/2021\/wp-json\/wp\/v2\/pages\/431\/revisions\/640"}],"up":[{"embeddable":true,"href":"https:\/\/jornadasebprioicprj.com.br\/2021\/wp-json\/wp\/v2\/pages\/11"}],"wp:attachment":[{"href":"https:\/\/jornadasebprioicprj.com.br\/2021\/wp-json\/wp\/v2\/media?parent=431"}],"curies":[{"name":"wp","href":"https:\/\/api.w.org\/{rel}","templated":true}]}}