{"id":274,"date":"2021-07-15T08:28:00","date_gmt":"2021-07-15T11:28:00","guid":{"rendered":"https:\/\/jornadasebprioicprj.com.br\/2021\/?page_id=274"},"modified":"2021-08-18T06:06:57","modified_gmt":"2021-08-18T09:06:57","slug":"organizacao","status":"publish","type":"page","link":"https:\/\/jornadasebprioicprj.com.br\/2021\/as-jornadas\/organizacao\/","title":{"rendered":"Organiza\u00e7\u00e3o"},"content":{"rendered":"[vc_row row_type=&#8221;main-section&#8221; wr_background_img=&#8221;40&#8243;][vc_column][vc_single_image image=&#8221;613&#8243; img_size=&#8221;full&#8221; alignment=&#8221;right&#8221;][\/vc_column][\/vc_row][vc_row][vc_column][vc_empty_space height=&#8221;50px&#8221;][vc_column_text]\n<h1><span style=\"font-family: american-type;\">ORGANIZA\u00c7\u00c3O<\/span><\/h1>\n[\/vc_column_text][vc_empty_space height=&#8221;50px&#8221;][vc_column_text]\n<p>&nbsp;<\/p>\n<p style=\"padding-left: 40px;\"><span style=\"font-family: 'Book Antiqua', Palatino;\"><strong>Coordena\u00e7\u00e3o Geral: <\/strong><\/span>F\u00e1tima\u00a0Pinheiro<\/p>\n<p style=\"padding-left: 40px;\"><span style=\"font-family: 'Book Antiqua', Palatino;\"><strong>Cartel de Coordena\u00e7\u00e3o: <\/strong><\/span>Mais-um &#8211; Cristina Duba | F\u00e1tima Pinheiro; Leonardo Lopes Miranda; Patr\u00edcia Paterson; Thereza De Felice<\/p>\n<p>&nbsp;<\/p>\n<p style=\"padding-left: 40px;\"><span style=\"font-family: 'Book Antiqua', Palatino;\"><strong>Comiss\u00e3o Cient\u00edfica:<\/strong><\/span> Coordena\u00e7\u00e3o &#8211; Adriano Aguiar e Maria In\u00eas Lamy | Equipe: Andrea Vilanova; Ang\u00e9lica Bastos; Cristina Duba e Heloisa Caldas<\/p>\n<p style=\"padding-left: 40px;\"><span style=\"font-family: 'Book Antiqua', Palatino;\"><strong>Comiss\u00e3o de Tesouraria: <\/strong><\/span>Coordena\u00e7\u00e3o &#8211; Patricia Paterson | Equipe: Carolina Dutra; Francisca Menta; Mariana Pucci<\/p>\n<p style=\"padding-left: 40px;\"><span style=\"font-family: 'Book Antiqua', Palatino;\"><strong>Comiss\u00e3o de Infra-estrutura: <\/strong><\/span>Coordena\u00e7\u00e3o &#8211; Thereza De Felice | Equipe: Ana Beatriz Zimmermann; Gricel Os\u00f3rio Hor-Meyll; Nina Barreto Machado; Renata Estrella<\/p>\n<p style=\"padding-left: 40px;\"><span style=\"font-family: 'Book Antiqua', Palatino;\"><strong>Comiss\u00e3o de M\u00eddia e Divulga\u00e7\u00e3o: <\/strong><\/span>Coordena\u00e7\u00e3o &#8211; Leonardo Lopes Miranda | Equipe:\u00a0 Felipe Pinheiro; Gustavo Corinto da Silva; Larissa Pinto; Louren\u00e7o Ast\u00faa de Moraes; Marina Sodr\u00e9, Melissa Bottrel; Rodrigo Abecassis; Sandra Landim.<\/p>\n<p>&nbsp;<\/p>\n[\/vc_column_text][vc_empty_space height=&#8221;50px&#8221;][\/vc_column][\/vc_row]\n","protected":false},"excerpt":{"rendered":"<p>[vc_row row_type=&#8221;main-section&#8221; wr_background_img=&#8221;40&#8243;][vc_column][vc_single_image image=&#8221;613&#8243; img_size=&#8221;full&#8221; alignment=&#8221;right&#8221;][\/vc_column][\/vc_row][vc_row][vc_column][vc_empty_space height=&#8221;50px&#8221;][vc_column_text] ORGANIZA\u00c7\u00c3O [\/vc_column_text][vc_empty_space height=&#8221;50px&#8221;][vc_column_text] &nbsp; Coordena\u00e7\u00e3o Geral: F\u00e1tima\u00a0Pinheiro Cartel de Coordena\u00e7\u00e3o: Mais-um &#8211; Cristina Duba | F\u00e1tima Pinheiro; Leonardo Lopes Miranda; Patr\u00edcia Paterson; Thereza De Felice &nbsp; Comiss\u00e3o Cient\u00edfica: Coordena\u00e7\u00e3o &#8211; Adriano Aguiar e Maria In\u00eas Lamy | Equipe: Andrea Vilanova; Ang\u00e9lica Bastos; Cristina Duba e Heloisa Caldas Comiss\u00e3o [&hellip;]<\/p>\n","protected":false},"author":1,"featured_media":0,"parent":277,"menu_order":0,"comment_status":"closed","ping_status":"closed","template":"","meta":{"footnotes":""},"class_list":["post-274","page","type-page","status-publish","hentry"],"yoast_head":"<!-- This site is optimized with the Yoast SEO plugin v27.6 - https:\/\/yoast.com\/product\/yoast-seo-wordpress\/ -->\n<title>Organiza\u00e7\u00e3o - Jornadas EBP RIO e ICPRJ<\/title>\n<meta name=\"robots\" content=\"index, follow, max-snippet:-1, max-image-preview:large, max-video-preview:-1\" \/>\n<link rel=\"canonical\" href=\"https:\/\/jornadasebprioicprj.com.br\/2021\/as-jornadas\/organizacao\/\" \/>\n<meta property=\"og:locale\" content=\"pt_BR\" \/>\n<meta property=\"og:type\" content=\"article\" \/>\n<meta property=\"og:title\" content=\"Organiza\u00e7\u00e3o - Jornadas EBP RIO e ICPRJ\" \/>\n<meta property=\"og:description\" content=\"[vc_row row_type=&#8221;main-section&#8221; wr_background_img=&#8221;40&#8243;][vc_column][vc_single_image image=&#8221;613&#8243; img_size=&#8221;full&#8221; alignment=&#8221;right&#8221;][\/vc_column][\/vc_row][vc_row][vc_column][vc_empty_space height=&#8221;50px&#8221;][vc_column_text] ORGANIZA\u00c7\u00c3O [\/vc_column_text][vc_empty_space height=&#8221;50px&#8221;][vc_column_text] &nbsp; Coordena\u00e7\u00e3o Geral: F\u00e1tima\u00a0Pinheiro Cartel de Coordena\u00e7\u00e3o: Mais-um &#8211; Cristina Duba | F\u00e1tima Pinheiro; Leonardo Lopes Miranda; Patr\u00edcia Paterson; Thereza De Felice &nbsp; Comiss\u00e3o Cient\u00edfica: Coordena\u00e7\u00e3o &#8211; Adriano Aguiar e Maria In\u00eas Lamy | Equipe: Andrea Vilanova; Ang\u00e9lica Bastos; Cristina Duba e Heloisa Caldas Comiss\u00e3o [&hellip;]\" \/>\n<meta property=\"og:url\" content=\"https:\/\/jornadasebprioicprj.com.br\/2021\/as-jornadas\/organizacao\/\" \/>\n<meta property=\"og:site_name\" content=\"Jornadas EBP RIO e ICPRJ\" \/>\n<meta property=\"article:modified_time\" content=\"2021-08-18T09:06:57+00:00\" \/>\n<meta name=\"twitter:card\" content=\"summary_large_image\" \/>\n<meta name=\"twitter:label1\" content=\"Est. tempo de leitura\" \/>\n\t<meta name=\"twitter:data1\" content=\"1 minuto\" \/>\n<script type=\"application\/ld+json\" class=\"yoast-schema-graph\">{\"@context\":\"https:\\\/\\\/schema.org\",\"@graph\":[{\"@type\":\"WebPage\",\"@id\":\"https:\\\/\\\/jornadasebprioicprj.com.br\\\/2021\\\/as-jornadas\\\/organizacao\\\/\",\"url\":\"https:\\\/\\\/jornadasebprioicprj.com.br\\\/2021\\\/as-jornadas\\\/organizacao\\\/\",\"name\":\"Organiza\u00e7\u00e3o - Jornadas EBP RIO e ICPRJ\",\"isPartOf\":{\"@id\":\"https:\\\/\\\/jornadasebprioicprj.com.br\\\/2021\\\/#website\"},\"datePublished\":\"2021-07-15T11:28:00+00:00\",\"dateModified\":\"2021-08-18T09:06:57+00:00\",\"breadcrumb\":{\"@id\":\"https:\\\/\\\/jornadasebprioicprj.com.br\\\/2021\\\/as-jornadas\\\/organizacao\\\/#breadcrumb\"},\"inLanguage\":\"pt-BR\",\"potentialAction\":[{\"@type\":\"ReadAction\",\"target\":[\"https:\\\/\\\/jornadasebprioicprj.com.br\\\/2021\\\/as-jornadas\\\/organizacao\\\/\"]}]},{\"@type\":\"BreadcrumbList\",\"@id\":\"https:\\\/\\\/jornadasebprioicprj.com.br\\\/2021\\\/as-jornadas\\\/organizacao\\\/#breadcrumb\",\"itemListElement\":[{\"@type\":\"ListItem\",\"position\":1,\"name\":\"In\u00edcio\",\"item\":\"https:\\\/\\\/jornadasebprioicprj.com.br\\\/2021\\\/\"},{\"@type\":\"ListItem\",\"position\":2,\"name\":\"As Jornadas\",\"item\":\"https:\\\/\\\/jornadasebprioicprj.com.br\\\/2021\\\/as-jornadas\\\/\"},{\"@type\":\"ListItem\",\"position\":3,\"name\":\"Organiza\u00e7\u00e3o\"}]},{\"@type\":\"WebSite\",\"@id\":\"https:\\\/\\\/jornadasebprioicprj.com.br\\\/2021\\\/#website\",\"url\":\"https:\\\/\\\/jornadasebprioicprj.com.br\\\/2021\\\/\",\"name\":\"Jornadas EBP RIO e ICPRJ\",\"description\":\"Escola Brasileira de Psican\u00e1lise\",\"potentialAction\":[{\"@type\":\"SearchAction\",\"target\":{\"@type\":\"EntryPoint\",\"urlTemplate\":\"https:\\\/\\\/jornadasebprioicprj.com.br\\\/2021\\\/?s={search_term_string}\"},\"query-input\":{\"@type\":\"PropertyValueSpecification\",\"valueRequired\":true,\"valueName\":\"search_term_string\"}}],\"inLanguage\":\"pt-BR\"}]}<\/script>\n<!-- \/ Yoast SEO plugin. -->","yoast_head_json":{"title":"Organiza\u00e7\u00e3o - Jornadas EBP RIO e ICPRJ","robots":{"index":"index","follow":"follow","max-snippet":"max-snippet:-1","max-image-preview":"max-image-preview:large","max-video-preview":"max-video-preview:-1"},"canonical":"https:\/\/jornadasebprioicprj.com.br\/2021\/as-jornadas\/organizacao\/","og_locale":"pt_BR","og_type":"article","og_title":"Organiza\u00e7\u00e3o - Jornadas EBP RIO e ICPRJ","og_description":"[vc_row row_type=&#8221;main-section&#8221; wr_background_img=&#8221;40&#8243;][vc_column][vc_single_image image=&#8221;613&#8243; img_size=&#8221;full&#8221; alignment=&#8221;right&#8221;][\/vc_column][\/vc_row][vc_row][vc_column][vc_empty_space height=&#8221;50px&#8221;][vc_column_text] ORGANIZA\u00c7\u00c3O [\/vc_column_text][vc_empty_space height=&#8221;50px&#8221;][vc_column_text] &nbsp; Coordena\u00e7\u00e3o Geral: F\u00e1tima\u00a0Pinheiro Cartel de Coordena\u00e7\u00e3o: Mais-um &#8211; Cristina Duba | F\u00e1tima Pinheiro; Leonardo Lopes Miranda; Patr\u00edcia Paterson; Thereza De Felice &nbsp; Comiss\u00e3o Cient\u00edfica: Coordena\u00e7\u00e3o &#8211; Adriano Aguiar e Maria In\u00eas Lamy | Equipe: Andrea Vilanova; Ang\u00e9lica Bastos; Cristina Duba e Heloisa Caldas Comiss\u00e3o [&hellip;]","og_url":"https:\/\/jornadasebprioicprj.com.br\/2021\/as-jornadas\/organizacao\/","og_site_name":"Jornadas EBP RIO e ICPRJ","article_modified_time":"2021-08-18T09:06:57+00:00","twitter_card":"summary_large_image","twitter_misc":{"Est. tempo de leitura":"1 minuto"},"schema":{"@context":"https:\/\/schema.org","@graph":[{"@type":"WebPage","@id":"https:\/\/jornadasebprioicprj.com.br\/2021\/as-jornadas\/organizacao\/","url":"https:\/\/jornadasebprioicprj.com.br\/2021\/as-jornadas\/organizacao\/","name":"Organiza\u00e7\u00e3o - Jornadas EBP RIO e ICPRJ","isPartOf":{"@id":"https:\/\/jornadasebprioicprj.com.br\/2021\/#website"},"datePublished":"2021-07-15T11:28:00+00:00","dateModified":"2021-08-18T09:06:57+00:00","breadcrumb":{"@id":"https:\/\/jornadasebprioicprj.com.br\/2021\/as-jornadas\/organizacao\/#breadcrumb"},"inLanguage":"pt-BR","potentialAction":[{"@type":"ReadAction","target":["https:\/\/jornadasebprioicprj.com.br\/2021\/as-jornadas\/organizacao\/"]}]},{"@type":"BreadcrumbList","@id":"https:\/\/jornadasebprioicprj.com.br\/2021\/as-jornadas\/organizacao\/#breadcrumb","itemListElement":[{"@type":"ListItem","position":1,"name":"In\u00edcio","item":"https:\/\/jornadasebprioicprj.com.br\/2021\/"},{"@type":"ListItem","position":2,"name":"As Jornadas","item":"https:\/\/jornadasebprioicprj.com.br\/2021\/as-jornadas\/"},{"@type":"ListItem","position":3,"name":"Organiza\u00e7\u00e3o"}]},{"@type":"WebSite","@id":"https:\/\/jornadasebprioicprj.com.br\/2021\/#website","url":"https:\/\/jornadasebprioicprj.com.br\/2021\/","name":"Jornadas EBP RIO e ICPRJ","description":"Escola Brasileira de Psican\u00e1lise","potentialAction":[{"@type":"SearchAction","target":{"@type":"EntryPoint","urlTemplate":"https:\/\/jornadasebprioicprj.com.br\/2021\/?s={search_term_string}"},"query-input":{"@type":"PropertyValueSpecification","valueRequired":true,"valueName":"search_term_string"}}],"inLanguage":"pt-BR"}]}},"_links":{"self":[{"href":"https:\/\/jornadasebprioicprj.com.br\/2021\/wp-json\/wp\/v2\/pages\/274","targetHints":{"allow":["GET"]}}],"collection":[{"href":"https:\/\/jornadasebprioicprj.com.br\/2021\/wp-json\/wp\/v2\/pages"}],"about":[{"href":"https:\/\/jornadasebprioicprj.com.br\/2021\/wp-json\/wp\/v2\/types\/page"}],"author":[{"embeddable":true,"href":"https:\/\/jornadasebprioicprj.com.br\/2021\/wp-json\/wp\/v2\/users\/1"}],"replies":[{"embeddable":true,"href":"https:\/\/jornadasebprioicprj.com.br\/2021\/wp-json\/wp\/v2\/comments?post=274"}],"version-history":[{"count":17,"href":"https:\/\/jornadasebprioicprj.com.br\/2021\/wp-json\/wp\/v2\/pages\/274\/revisions"}],"predecessor-version":[{"id":617,"href":"https:\/\/jornadasebprioicprj.com.br\/2021\/wp-json\/wp\/v2\/pages\/274\/revisions\/617"}],"up":[{"embeddable":true,"href":"https:\/\/jornadasebprioicprj.com.br\/2021\/wp-json\/wp\/v2\/pages\/277"}],"wp:attachment":[{"href":"https:\/\/jornadasebprioicprj.com.br\/2021\/wp-json\/wp\/v2\/media?parent=274"}],"curies":[{"name":"wp","href":"https:\/\/api.w.org\/{rel}","templated":true}]}}